{"id":13372,"date":"2017-01-12T09:53:57","date_gmt":"2017-01-12T14:53:57","guid":{"rendered":"https:\/\/gowithtips.com\/why-partner-with-us\/training-and-resources\/"},"modified":"2018-10-05T14:09:00","modified_gmt":"2018-10-05T18:09:00","slug":"formation-et-ressources","status":"publish","type":"page","link":"https:\/\/gowithtips.com\/fr\/pourquoi-associer-avec-nous\/formation-et-ressources\/","title":{"rendered":"Training and Resources"},"content":{"rendered":"[spb_row element_name=\u00a0\u00bbRow\u00a0\u00bb wrap_type=\u00a0\u00bbcontent-width\u00a0\u00bb parallax_image_height=\u00a0\u00bbcontent-height\u00a0\u00bb parallax_image_movement=\u00a0\u00bbfixed\u00a0\u00bb parallax_image_speed=\u00a0\u00bb0.5&Prime; bg_video_loop=\u00a0\u00bbyes\u00a0\u00bb parallax_video_height=\u00a0\u00bbwindow-height\u00a0\u00bb parallax_video_overlay=\u00a0\u00bbnone\u00a0\u00bb row_overlay_opacity=\u00a0\u00bb0&Prime; row_col_pos=\u00a0\u00bbdefault\u00a0\u00bb width=\u00a0\u00bb1\/1&Prime; el_position=\u00a0\u00bbfirst last\u00a0\u00bb] [spb_text_block animation=\u00a0\u00bbnone\u00a0\u00bb animation_delay=\u00a0\u00bb0&Prime; simplified_controls=\u00a0\u00bbyes\u00a0\u00bb custom_css_percentage=\u00a0\u00bbno\u00a0\u00bb padding_vertical=\u00a0\u00bb0&Prime; padding_horizontal=\u00a0\u00bb0&Prime; margin_vertical=\u00a0\u00bb0&Prime; custom_css=\u00a0\u00bbmargin-top: 0px;margin-bottom: 0px;\u00a0\u00bb border_size=\u00a0\u00bb0&Prime; border_styling_global=\u00a0\u00bbdefault\u00a0\u00bb width=\u00a0\u00bb1\/1&Prime; el_position=\u00a0\u00bbfirst last\u00a0\u00bb]\n<h2><span style=\"font-weight: 400;\">Formation et ressources<\/span><\/h2>\n[\/spb_text_block] [spb_text_block animation=\u00a0\u00bbnone\u00a0\u00bb animation_delay=\u00a0\u00bb0&Prime; simplified_controls=\u00a0\u00bbyes\u00a0\u00bb custom_css_percentage=\u00a0\u00bbno\u00a0\u00bb padding_vertical=\u00a0\u00bb0&Prime; padding_horizontal=\u00a0\u00bb0&Prime; margin_vertical=\u00a0\u00bb0&Prime; custom_css=\u00a0\u00bbmargin-top: 0px;margin-bottom: 0px;\u00a0\u00bb border_size=\u00a0\u00bb0&Prime; border_styling_global=\u00a0\u00bbdefault\u00a0\u00bb width=\u00a0\u00bb1\/1&Prime; el_position=\u00a0\u00bbfirst last\u00a0\u00bb]\n<p><a href=\"#training\">Formation\u00a0en personne<\/a><\/p>\n<p><a href=\"#resources\">Webinaires en ligne et autres ressources<\/a><\/p>\n[\/spb_text_block] [spb_divider type=\u00a0\u00bbstandard\u00a0\u00bb text=\u00a0\u00bbGo to top\u00a0\u00bb top_margin=\u00a0\u00bb0px\u00a0\u00bb bottom_margin=\u00a0\u00bb30px\u00a0\u00bb fullwidth=\u00a0\u00bbno\u00a0\u00bb width=\u00a0\u00bb1\/1&Prime; el_position=\u00a0\u00bbfirst last\u00a0\u00bb] [\/spb_row] [spb_row element_name=\u00a0\u00bbRow\u00a0\u00bb wrap_type=\u00a0\u00bbcontent-width\u00a0\u00bb row_bg_type=\u00a0\u00bbcolor\u00a0\u00bb row_bg_color=\u00a0\u00bb#ffffff\u00a0\u00bb bg_type=\u00a0\u00bbcover\u00a0\u00bb parallax_image_height=\u00a0\u00bbcontent-height\u00a0\u00bb parallax_image_movement=\u00a0\u00bbfixed\u00a0\u00bb parallax_image_speed=\u00a0\u00bb0.5&Prime; bg_video_loop=\u00a0\u00bbyes\u00a0\u00bb parallax_video_height=\u00a0\u00bbwindow-height\u00a0\u00bb parallax_video_overlay=\u00a0\u00bbnone\u00a0\u00bb row_overlay_opacity=\u00a0\u00bb0&Prime; remove_element_spacing=\u00a0\u00bbno\u00a0\u00bb row_col_pos=\u00a0\u00bbdefault\u00a0\u00bb width=\u00a0\u00bb1\/1&Prime; el_position=\u00a0\u00bbfirst last\u00a0\u00bb] [spb_column col_sm=\u00a0\u00bb12&Prime; padding_horizontal=\u00a0\u00bb0&Prime; width=\u00a0\u00bb1\/1&Prime; el_position=\u00a0\u00bbfirst last\u00a0\u00bb] [spb_text_block animation=\u00a0\u00bbnone\u00a0\u00bb animation_delay=\u00a0\u00bb0&Prime; simplified_controls=\u00a0\u00bbyes\u00a0\u00bb custom_css_percentage=\u00a0\u00bbno\u00a0\u00bb padding_vertical=\u00a0\u00bb0&Prime; padding_horizontal=\u00a0\u00bb0&Prime; margin_vertical=\u00a0\u00bb0&Prime; custom_css=\u00a0\u00bbmargin-top: 0px;margin-bottom: 0px;\u00a0\u00bb border_size=\u00a0\u00bb0&Prime; border_styling_global=\u00a0\u00bbdefault\u00a0\u00bb el_class=\u00a0\u00bbmb0 pb0&Prime; width=\u00a0\u00bb1\/1&Prime; el_position=\u00a0\u00bbfirst last\u00a0\u00bb]\n<h2 id=\"training\">Formation en personne<\/h2>\n<p>Nous reconnaissons que la formation est un \u00e9l\u00e9ment cl\u00e9 pour\u00a0obtenir des r\u00e9sultats optimaux.\u00a0 C&rsquo;est pourquoi nous avons \u00e9labor\u00e9 des protocols de\u00a0formation exhaustifs\u00a0 afin d&rsquo;assurer que nos partenaires sont\u00a0inform\u00e9s et form\u00e9s sur le\u00a0libell\u00e9 des polices,\u00a0les techniques de ventes et\u00a0le processus de r\u00e9clamations.\u00a0 Nous avisons nos partenaires de tout changement ou mise \u00e0 jour effectu\u00e9 \u00e0 nos produits ou \u00e0 notre formation et nous \u00e9tablissons nos programmes de formation en fonction de\u00a0notre personnel interne afin d&rsquo;assurer que le\u00a0message\u00a0transmis \u00e0 nos partenaires soit exactement le m\u00eame que celui transmis \u00e0 notre personnel.\u00a0 Nous\u00a0offrons cette formation selon le format\u00a0le plus pratique, que ce soit en personne dans les\u00a0bureaux\u00a0partenaires, ou au moyen de webinaires, conf\u00e9rences t\u00e9l\u00e9phoniques ou de tout\u00a0autre m\u00e9dia appropri\u00e9.<\/p>\n[\/spb_text_block] [spb_blank_spacer height=\u00a0\u00bb30px\u00a0\u00bb width=\u00a0\u00bb1\/1&Prime; el_position=\u00a0\u00bbfirst last\u00a0\u00bb] [\/spb_column] [spb_divider type=\u00a0\u00bbstandard\u00a0\u00bb text=\u00a0\u00bbGo to top\u00a0\u00bb top_margin=\u00a0\u00bb0px\u00a0\u00bb bottom_margin=\u00a0\u00bb30px\u00a0\u00bb fullwidth=\u00a0\u00bbno\u00a0\u00bb width=\u00a0\u00bb1\/1&Prime; el_position=\u00a0\u00bbfirst last\u00a0\u00bb] [spb_text_block animation=\u00a0\u00bbnone\u00a0\u00bb animation_delay=\u00a0\u00bb0&Prime; simplified_controls=\u00a0\u00bbyes\u00a0\u00bb custom_css_percentage=\u00a0\u00bbno\u00a0\u00bb padding_vertical=\u00a0\u00bb0&Prime; padding_horizontal=\u00a0\u00bb0&Prime; margin_vertical=\u00a0\u00bb0&Prime; custom_css=\u00a0\u00bbmargin-top: 0px;margin-bottom: 0px;\u00a0\u00bb border_size=\u00a0\u00bb0&Prime; border_styling_global=\u00a0\u00bbdefault\u00a0\u00bb width=\u00a0\u00bb1\/1&Prime; el_position=\u00a0\u00bbfirst last\u00a0\u00bb]\n<h2 id=\"resources\">Webinaires en ligne et autres ressources<\/h2>\n<p>Nos modules de formation en ligne sont particuli\u00e8rement\u00a0efficaces et pratiques et peuvent \u00eatre utilis\u00e9s aussi peu ou aussi souvent que n\u00e9cessaire.\u00a0 Voici les avantages de nos\u00a0modules de formation\u00a0:<\/p>\n<ul>\n<li>meilleure\u00a0connaissance des produits<\/li>\n<li>service \u00e0 la client\u00e8le accru<\/li>\n<li>d\u00e9velopper des techniques de vente\/accro\u00eetre les revenus<\/li>\n<li>surmonter les\u00a0obstacles<\/li>\n<li>renforcer la confiance dans la vente<\/li>\n<li>accumuler des heures requises de formation continue<\/li>\n<\/ul>\n<p>Notre \u00e9quipe de soutien de l&rsquo;agence est compos\u00e9 de notre \u00e9quipe des ventes entrantes, notre \u00e9quipe des services \u00e0 la client\u00e8le et nos directeurs r\u00e9gionaux des ventes.\u00a0 Chacun de ces groupes est compos\u00e9 d&rsquo;un personnel compos\u00e9 d&rsquo;un personnel hautement qualifi\u00e9es, dot\u00e9es des connaissances et des outils n\u00e9cessaires pour assurer un un soutien maximal.<\/p>\n[\/spb_text_block] [spb_blank_spacer height=\u00a0\u00bb30px\u00a0\u00bb width=\u00a0\u00bb1\/1&Prime; el_position=\u00a0\u00bbfirst last\u00a0\u00bb] [spb_button button_text=\u00a0\u00bbCommuniquez avec nous\u00a0\u00bb button_size=\u00a0\u00bbstandard\u00a0\u00bb button_colour=\u00a0\u00bbblue\u00a0\u00bb button_type=\u00a0\u00bbstandard\u00a0\u00bb rounded=\u00a0\u00bbno\u00a0\u00bb button_dropshadow=\u00a0\u00bbno\u00a0\u00bb button_link=\u00a0\u00bbhttp:\/\/goavectips.com\/contact\/\u00a0\u00bb button_target=\u00a0\u00bb_self\u00a0\u00bb align=\u00a0\u00bbcenter\u00a0\u00bb animation=\u00a0\u00bbnone\u00a0\u00bb animation_delay=\u00a0\u00bb0&Prime; width=\u00a0\u00bb1\/1&Prime; el_position=\u00a0\u00bbfirst last\u00a0\u00bb] [spb_blank_spacer height=\u00a0\u00bb30px\u00a0\u00bb width=\u00a0\u00bb1\/1&Prime; el_position=\u00a0\u00bbfirst last\u00a0\u00bb] [\/spb_row]\n","protected":false},"excerpt":{"rendered":"<p>[spb_row element_name=\u00a0\u00bbRow\u00a0\u00bb wrap_type=\u00a0\u00bbcontent-width\u00a0\u00bb parallax_image_height=\u00a0\u00bbcontent-height\u00a0\u00bb parallax_image_movement=\u00a0\u00bbfixed\u00a0\u00bb parallax_image_speed=\u00a0\u00bb0.5&Prime; bg_video_loop=\u00a0\u00bbyes\u00a0\u00bb parallax_video_height=\u00a0\u00bbwindow-height\u00a0\u00bb parallax_video_overlay=\u00a0\u00bbnone\u00a0\u00bb row_overlay_opacity=\u00a0\u00bb0&Prime; row_col_pos=\u00a0\u00bbdefault\u00a0\u00bb width=\u00a0\u00bb1\/1&Prime; el_position=\u00a0\u00bbfirst last\u00a0\u00bb] [spb_text_block animation=\u00a0\u00bbnone\u00a0\u00bb animation_delay=\u00a0\u00bb0&Prime; simplified_controls=\u00a0\u00bbyes\u00a0\u00bb custom_css_percentage=\u00a0\u00bbno\u00a0\u00bb padding_vertical=\u00a0\u00bb0&Prime; padding_horizontal=\u00a0\u00bb0&Prime; margin_vertical=\u00a0\u00bb0&Prime; custom_css=\u00a0\u00bbmargin-top: 0px;margin-bottom: 0px;\u00a0\u00bb border_size=\u00a0\u00bb0&Prime; border_styling_global=\u00a0\u00bbdefault\u00a0\u00bb width=\u00a0\u00bb1\/1&Prime; el_position=\u00a0\u00bbfirst last\u00a0\u00bb] Formation et ressources [\/spb_text_block] [spb_text_block animation=\u00a0\u00bbnone\u00a0\u00bb animation_delay=\u00a0\u00bb0&Prime; simplified_controls=\u00a0\u00bbyes\u00a0\u00bb custom_css_percentage=\u00a0\u00bbno\u00a0\u00bb padding_vertical=\u00a0\u00bb0&Prime; padding_horizontal=\u00a0\u00bb0&Prime; margin_vertical=\u00a0\u00bb0&Prime; custom_css=\u00a0\u00bbmargin-top: 0px;margin-bottom: 0px;\u00a0\u00bb border_size=\u00a0\u00bb0&Prime; border_styling_global=\u00a0\u00bbdefault\u00a0\u00bb width=\u00a0\u00bb1\/1&Prime; el_position=\u00a0\u00bbfirst last\u00a0\u00bb] Formation\u00a0en personne Webinaires en ligne et autres ressources [\/spb_text_block] [spb_divider [&hellip;]<\/p>\n","protected":false},"author":1,"featured_media":0,"parent":13369,"menu_order":0,"comment_status":"open","ping_status":"closed","template":"","meta":{"om_disable_all_campaigns":false,"_monsterinsights_skip_tracking":false,"_monsterinsights_sitenote_active":false,"_monsterinsights_sitenote_note":"","_monsterinsights_sitenote_category":0,"_uf_show_specific_survey":0,"_uf_disable_surveys":false,"footnotes":""},"class_list":["post-13372","page","type-page","status-publish","hentry"],"aioseo_notices":[],"_links":{"self":[{"href":"https:\/\/gowithtips.com\/fr\/wp-json\/wp\/v2\/pages\/13372","targetHints":{"allow":["GET"]}}],"collection":[{"href":"https:\/\/gowithtips.com\/fr\/wp-json\/wp\/v2\/pages"}],"about":[{"href":"https:\/\/gowithtips.com\/fr\/wp-json\/wp\/v2\/types\/page"}],"author":[{"embeddable":true,"href":"https:\/\/gowithtips.com\/fr\/wp-json\/wp\/v2\/users\/1"}],"replies":[{"embeddable":true,"href":"https:\/\/gowithtips.com\/fr\/wp-json\/wp\/v2\/comments?post=13372"}],"version-history":[{"count":5,"href":"https:\/\/gowithtips.com\/fr\/wp-json\/wp\/v2\/pages\/13372\/revisions"}],"predecessor-version":[{"id":13990,"href":"https:\/\/gowithtips.com\/fr\/wp-json\/wp\/v2\/pages\/13372\/revisions\/13990"}],"up":[{"embeddable":true,"href":"https:\/\/gowithtips.com\/fr\/wp-json\/wp\/v2\/pages\/13369"}],"wp:attachment":[{"href":"https:\/\/gowithtips.com\/fr\/wp-json\/wp\/v2\/media?parent=13372"}],"curies":[{"name":"wp","href":"https:\/\/api.w.org\/{rel}","templated":true}]}}