{"id":13367,"date":"2016-03-22T09:02:59","date_gmt":"2016-03-22T13:02:59","guid":{"rendered":"https:\/\/gowithtips.com\/terms-of-use\/"},"modified":"2018-10-04T13:42:39","modified_gmt":"2018-10-04T17:42:39","slug":"modalites-utilisation","status":"publish","type":"page","link":"https:\/\/gowithtips.com\/fr\/modalites-utilisation\/","title":{"rendered":"Terms of Use"},"content":{"rendered":"[spb_row element_name=\u00a0\u00bbRow\u00a0\u00bb wrap_type=\u00a0\u00bbcontent-width\u00a0\u00bb row_bg_type=\u00a0\u00bbcolor\u00a0\u00bb row_bg_color=\u00a0\u00bb#ffffff\u00a0\u00bb bg_type=\u00a0\u00bbcover\u00a0\u00bb parallax_image_height=\u00a0\u00bbcontent-height\u00a0\u00bb parallax_image_movement=\u00a0\u00bbfixed\u00a0\u00bb parallax_image_speed=\u00a0\u00bb0.5&Prime; bg_video_loop=\u00a0\u00bbyes\u00a0\u00bb parallax_video_height=\u00a0\u00bbwindow-height\u00a0\u00bb parallax_video_overlay=\u00a0\u00bbnone\u00a0\u00bb row_overlay_opacity=\u00a0\u00bb0&Prime; remove_element_spacing=\u00a0\u00bbno\u00a0\u00bb row_col_pos=\u00a0\u00bbdefault\u00a0\u00bb width=\u00a0\u00bb1\/1&Prime; el_position=\u00a0\u00bbfirst last\u00a0\u00bb] [spb_text_block animation=\u00a0\u00bbnone\u00a0\u00bb animation_delay=\u00a0\u00bb0&Prime; simplified_controls=\u00a0\u00bbyes\u00a0\u00bb custom_css_percentage=\u00a0\u00bbno\u00a0\u00bb padding_vertical=\u00a0\u00bb0&Prime; padding_horizontal=\u00a0\u00bb0&Prime; margin_vertical=\u00a0\u00bb0&Prime; custom_css=\u00a0\u00bbmargin-top: 0px;margin-bottom: 0px;\u00a0\u00bb border_size=\u00a0\u00bb0&Prime; border_styling_global=\u00a0\u00bbdefault\u00a0\u00bb width=\u00a0\u00bb1\/1&Prime; el_position=\u00a0\u00bbfirst last\u00a0\u00bb]\n<h1>Modalit\u00e9s d&rsquo;utilisation<\/h1>\n[\/spb_text_block] [spb_text_block animation=\u00a0\u00bbnone\u00a0\u00bb animation_delay=\u00a0\u00bb0&Prime; simplified_controls=\u00a0\u00bbyes\u00a0\u00bb custom_css_percentage=\u00a0\u00bbno\u00a0\u00bb padding_vertical=\u00a0\u00bb0&Prime; padding_horizontal=\u00a0\u00bb0&Prime; margin_vertical=\u00a0\u00bb0&Prime; custom_css=\u00a0\u00bbmargin-top: 0px;margin-bottom: 0px;\u00a0\u00bb border_size=\u00a0\u00bb0&Prime; border_styling_global=\u00a0\u00bbdefault\u00a0\u00bb el_class=\u00a0\u00bbmb0 pb0&Prime; width=\u00a0\u00bb1\/1&Prime; el_position=\u00a0\u00bbfirst last\u00a0\u00bb]\n<p id=\"or\"><em>CECI EST UNE ENTENTE AYANT FORCE OBLIGATOIRE ENTRE VOUS ET OLD REPUBLIC, COMPAGNIE D&rsquo;ASSURANCE DU CANADA (\u00ab OLD REPUBLIC \u00bb). EN UTILISANT LE SITE WEB DE OLD REPUBLIC (CE \u00ab SITE \u00bb), VOUS CONFIRMEZ QUE VOUS COMPRENEZ ET ACCEPTEZ DE VOUS CONFORMER \u00c0 CES MODALIT\u00c9S D&rsquo;UTILISATION, AVEC SES MODIFICATIONS SUCCESSIVES.<\/em><\/p>\n<div class=\"page-content\">\n<p><strong>Renseignements personnels et s\u00e9curit\u00e9<\/strong><\/p>\n<ol>\n<li>Old Republic ne recueille aucun renseignement personnel par le biais de ce site. Toutefois, votre adresse IP peut \u00eatre retrac\u00e9e et utilis\u00e9e globalement pour \u00e9valuer l&rsquo;acc\u00e8s au serveur et au site. Tout renseignement personnel volontairement fourni \u00e0 Old Republic par vous sera utilis\u00e9 par Old Republic aux seules fins pour lesquelles il a \u00e9t\u00e9 fourni et ne sera ni vendu ni divulgu\u00e9 \u00e0 une quelconque tierce partie sans votre consentement pr\u00e9alable.<\/li>\n<li>Bien que nos efforts en mati\u00e8re de s\u00e9curit\u00e9 soient conformes aux pratiques de l&rsquo;industrie au Canada, il est actuellement impossible de garantir une s\u00e9curit\u00e9 et une confidentialit\u00e9 totales sur Internet. Par cons\u00e9quent, Old Republic ne peut \u00eatre tenue responsable ni redevable pour tout dommage ou toute perte r\u00e9sultant du fait que vous nous transmettez des renseignements.<\/li>\n<\/ol>\n<p><strong>Respect des lois et comportement interdit<\/strong><\/p>\n<ol>\n<li>Vous convenez de respecter toutes les lois, r\u00e8gles et r\u00e8glements applicables \u00e0 votre utilisation de ce site (les \u00ab lois \u00bb) et vous reconnaissez que vous ne pouvez utiliser ce site que si un tel usage est permis par de telles lois et seulement dans les limites pr\u00e9cis\u00e9es par celles-ci. Vous convenez de ne pas vous conduire d&rsquo;une fa\u00e7on que Old Republic, \u00e0 son enti\u00e8re discr\u00e9tion, juge comme nuisible aux int\u00e9r\u00eats de Old Republic ou de ses affili\u00e9s, incluant, mais sans s&rsquo;y limiter, par une action ou omission contraire \u00e0 ces modalit\u00e9s d&rsquo;utilisation, une perturbation intentionnelle du site ou des syst\u00e8mes informatiques de Old Republic ou une perturbation de quelque fa\u00e7on que ce soit au commerce de Old Republic.<\/li>\n<li>Les produits et services tels que d\u00e9crits dans ce site pourraient ne pas \u00eatre disponibles dans toutes les juridictions. Rien dans ce site ne constitue une offre ou une sollicitation d&rsquo;un quelconque individu dans une juridiction o\u00f9 une telle offre ou sollicitation serait interdite par la loi.<\/li>\n<\/ol>\n<p><strong>Stipulation d&rsquo;exon\u00e9ration de garanties<\/strong><\/p>\n<ol>\n<li>LE PR\u00c9SENT SITE NE CONTIENT PAS ET N&rsquo;EST PAS DESTIN\u00c9 \u00c0 CONTENIR DES CONSEILS D&rsquo;ASSURANCE, JURIDIQUES, FINANCIERS OU TOUT AUTRE CONSEIL, ET VOUS NE DEVEZ PAS LE CONSULTER \u00c0 CES FINS. OLD REPUBLIC NE POURRA \u00caTRE TENUE RESPONSABLE D&rsquo;AUCUN PR\u00c9JUDICE POUVANT R\u00c9SULTER DU FAIT QUE VOUS VOUS SEREZ FI\u00c9 AU SITE OU \u00c0 SON CONTENU.<\/li>\n<li>VOTRE UTILISATION DE CE SITE EST ENTI\u00c8REMENT \u00c0 VOS RISQUES. CE SITE NE VOUS EST OFFERT QUE \u00ab TEL QUEL \u00bb. OLD REPUBLIC NE FAIT AUCUNE GARANTIE (I) EN CE QUI A TRAIT \u00c0 CE SITE OU \u00c0 UN QUELCONQUE PRODUIT OU SERVICE D\u00c9CRIT SUR CE SITE; (II) \u00c0 L&rsquo;EFFET QUE LE SITE OU UN TEL PRODUIT OU SERVICE R\u00c9PONDRA \u00c0 VOS EXIGENCES; (III) QUE L&rsquo;INFORMATION OBTENUE PAR LE BIAIS DE CE SITE SERA EXACTE, FIABLE, D&rsquo;ACTUALIT\u00c9, S\u00dbRE OU SANS ERREUR; OU (IV) EN CE QUI A TRAIT AUX R\u00c9SULTATS QUI PEUVENT \u00caTRE OBTENUS SUITE \u00c0 VOTRE UTILISATION DE CE SITE OU DE TOUT PRODUIT OU SERVICE.<\/li>\n<li>OLD REPUBLIC D\u00c9CLINE EXPRESS\u00c9MENT TOUTE GARANTIE EXPRESSE OU IMPLICITE \u00c0 L&rsquo;\u00c9GARD DE CE SITE OU TOUT PRODUIT OU SERVICE D\u00c9CRIT SUR CE SITE, Y COMPRIS, SANS S&rsquo;Y LIMITER, LES GARANTIES IMPLICITES DE VALEUR MARCHANDE, D&rsquo;ADAPTATION \u00c0 DES FINS PARTICULI\u00c8RES ET D&rsquo;ABSENCE DE CONTREFA\u00c7ON.<\/li>\n<li>LES SITES WEB DE TIERCE PARTIE AUXQUELS ON POURRAIT ACC\u00c9DER \u00c0 PARTIR DE CE SITE PAR HYPERLIEN SONT ENTI\u00c8REMENT IND\u00c9PENDANTS DE CE SITE ET NE DEVRONT PAS \u00caTRE INTERPR\u00c9T\u00c9S COMME UN ENDOSSEMENT PAR OLD REPUBLIC D&rsquo;UN TEL SITE, D&rsquo;UNE TELLE ENTIT\u00c9 OU PERSONNE OU D&rsquo;UN TEL PRODUIT OU SERVICE ASSOCI\u00c9 EN CONS\u00c9QUENCE. \u00c0 L&rsquo;INVERSE, LES SITES WEB DE TIERCE PARTIE QUI POURRAIENT FOURNIR UN ACC\u00c8S \u00c0 CE SITE PAR HYPERLIEN SONT ENTI\u00c8REMENT IND\u00c9PENDANTS DE CE SITE ET UN TEL LIEN VERS LE PR\u00c9SENT SITE PAR UNE TIERCE PARTIE NE DEVRA PAS \u00caTRE INTERPR\u00c9T\u00c9 COMME UN ENDOSSEMENT PAR OLD REPUBLIC D&rsquo;UN TEL SITE WEB OU DE TELS PRODUITS OU SERVICES DE TIERCE PARTIE. OLD REPUBLIC N&rsquo;ENDOSSERA NI LE CONTENU DES PUBLICIT\u00c9S OU DES SITES WEB DE TIERCE PARTIE NI N&rsquo;ASSUMERA LA RESPONSABILIT\u00c9 DE L&rsquo;EXACTITUDE DE L&rsquo;INFORMATION OU DE LA DOCUMENTATION CONTENUE DANS LESDITS SITES, NON PLUS QUE CELLE DE TOUTE INFRACTION AUX DROITS DE PROPRI\u00c9T\u00c9 INTELLECTUELLE D&rsquo;UNE TIERCE PARTIE EN \u00c9MANANT OU DE TOUTE AUTRE FRAUDE OU DE TOUT CRIME Y \u00c9TANT FACILIT\u00c9. OLD REPUBLIC NE PEUT EN AUCUN CAS \u00caTRE TENUE RESPONSABLE DES OFFRES, GARANTIES OU REPR\u00c9SENTATIONS D&rsquo;UNE QUELCONQUE TIERCE PARTIE. L&rsquo;INFORMATION, LES D\u00c9CLARATIONS, AVIS, OPINIONS OU TOUT AUTRE CONTENU FOURNI PAR DES TIERCES PARTIES REL\u00c8VENT DE LA SEULE RESPONSABILIT\u00c9 DE LEURS AUTEURS RESPECTIFS, ET OLD REPUBLIC N&rsquo;ASSUME AUCUNE RESPONSABILIT\u00c9 POUR VOTRE UTILISATION D&rsquo;UN TEL CONTENU. OLD REPUBLIC N&rsquo;ASSUME AUCUNE RESPONSABILIT\u00c9 QUANT \u00c0 L&rsquo;INDISPONIBILIT\u00c9 DU SITE POUR CAUSE D&rsquo;INTERRUPTIONS OU D&rsquo;ARR\u00caT DU SERVICE PAR DES FOURNISSEURS DE SERVICES TIERCE PARTIE.<\/li>\n<li>VOUS \u00caTES L&rsquo;UNIQUE RESPONSABLE D&rsquo;UN QUELCONQUE DOMMAGE \u00c0 VOTRE SYST\u00c8ME INFORMATIQUE OU D&rsquo;UNE QUELCONQUE PERTE DE DONN\u00c9ES R\u00c9SULTANT DE VOTRE UTILISATION DE CE SITE.<\/li>\n<\/ol>\n<p><strong>Limitation de responsabilit\u00e9<\/strong><\/p>\n<p>OLD REPUBLIC SES SOCI\u00c9T\u00c9S AFFILI\u00c9ES, CADRES, DIRECTEURS, AGENTS, EMPLOY\u00c9S ET AUTRES PERSONNES ASSOCI\u00c9ES \u00c0 LA CR\u00c9ATION DE CE SITE NE PEUVENT EN AUCUN CAS \u00caTRE TENUS RESPONSABLES DE QUELCONQUES DOMMAGES OU PERTES, QU&rsquo;ILS SOIENT DIRECTS, INDIRECTS, IMPR\u00c9VUS, SP\u00c9CIAUX OU CORR\u00c9LATIFS (QU&rsquo;ILS SOIENT SURVENUS EN RAPPORT AVEC UN CONTRAT, UN TORT, UNE N\u00c9GLIGENCE OU DE TOUTE AUTRE FA\u00c7ON) LI\u00c9S \u00c0 VOTRE UTILISATION DE CE SITE OU \u00c0 VOTRE CONFIANCE EN CE SITE OU \u00c0 VOTRE UTILISATION D&rsquo;UNE INFORMATION OBTENUE \u00c0 TRAVERS CE SITE, M\u00caME SI AVIS\u00c9 DE LA POSSIBILIT\u00c9 DE TELS DOMMAGES.<\/p>\n<p><strong>Propri\u00e9t\u00e9 intellectuelle<\/strong><\/p>\n<p>Vous reconnaissez et convenez que le nom Old Republic ses logos, textes, fichiers audio ou vid\u00e9o, photographies, illustrations, logiciels et autre documentation exclusive contenus dans les pr\u00e9sentes, en faisant partie ou utilis\u00e9s en rapport avec ce site (la \u00ab propri\u00e9t\u00e9 intellectuelle \u00bb) sont la propri\u00e9t\u00e9 de Old Republic ou de ses conc\u00e9dants et sont prot\u00e9g\u00e9s par les lois nationales et internationales. L&rsquo;utilisation par Old Republic de sa propri\u00e9t\u00e9 intellectuelle sur ce site ne constitue pas un permis d&rsquo;utilisation d&rsquo;une telle propri\u00e9t\u00e9 intellectuelle par vous, de quelque mani\u00e8re que ce soit. Sans limiter ce qui pr\u00e9c\u00e8de, vous convenez de ne pas copier, republier, autoriser, modifier, louer, offrir \u00e0 bail, emprunter, vendre, distribuer ou cr\u00e9er des \u0153uvres d\u00e9riv\u00e9es bas\u00e9es sur une quelconque propri\u00e9t\u00e9 intellectuelle, ou sur une quelconque partie des pr\u00e9sentes, sans autorisation \u00e9crite pr\u00e9alable de Old Republic. Vous convenez de plus de ne pas d\u00e9compiler, d\u00e9sosser ou d\u00e9monter un quelconque \u00e9l\u00e9ment de ce site ou un quelconque logiciel incorpor\u00e9 dans celui-ci.<\/p>\n<p><strong>Indemnisation<\/strong><\/p>\n<p>VOUS CONVENEZ D&rsquo;INDEMNISER ET D&rsquo;EXON\u00c9RER OLD REPUBLIC, SES SOCI\u00c9T\u00c9S AFFILI\u00c9ES, CADRES, DIRECTEURS, AGENTS ET EMPLOY\u00c9S DE TOUTE RESPONSABILIT\u00c9, DEMANDE, D\u00c9PENSE OU DOMMAGE, Y COMPRIS LES FRAIS JURIDIQUES RAISONNABLES, INH\u00c9RENTS \u00c0 VOTRE UTILISATION DE CE SITE OU \u00c0 UNE QUELCONQUE INFRACTION DE CES MODALIT\u00c9S D&rsquo;UTILISATION.<\/p>\n<p><strong>Modification des modalit\u00e9s d&rsquo;utilisation<\/strong><\/p>\n<p>Old Republic se r\u00e9serve le droit de modifier ces modalit\u00e9s d&rsquo;utilisation en tout temps. La plus r\u00e9cente version de ces modalit\u00e9s d&rsquo;utilisation sera affich\u00e9e sur ce site en tout temps. Votre utilisation continue du site constitue votre acceptation de telles modifications. Si vous \u00eates en d\u00e9saccord avec les modalit\u00e9s d&rsquo;utilisation modifi\u00e9es, votre seul recours est de cesser d&rsquo;utiliser ce site.<\/p>\n<p><strong>Exhaustivit\u00e9 de la convention<\/strong><\/p>\n<p>Ces modalit\u00e9s d&rsquo;utilisation constituent l&rsquo;entente compl\u00e8te entre Old Republic et vous-m\u00eame \u00e0 l&rsquo;\u00e9gard de votre utilisation de ce site.<\/p>\n<p><strong>Dissociabilit\u00e9<\/strong>Au cas o\u00f9 l&rsquo;une des dispositions des pr\u00e9sentes, ou une quelconque partie de ces dispositions, serait jug\u00e9e par un tribunal comp\u00e9tent comme non valide ou inex\u00e9cutable, un tel r\u00e9sultat n&rsquo;affectera ni la validit\u00e9 ni l&rsquo;ex\u00e9cution du reste de ce document, qui demeurera pleinement en vigueur.<\/p>\n<p><strong>Pas de renonciation<\/strong><\/p>\n<p>Le manquement de Old Republic d&rsquo;exercer ou d&rsquo;ex\u00e9cuter un quelconque droit ou une quelconque disposition des pr\u00e9sentes ne constitue pas une renonciation \u00e0 un tel droit ou \u00e0 une telle disposition, \u00e0 moins qu&rsquo;une telle renonciation n&rsquo;ait \u00e9t\u00e9 exprim\u00e9e par \u00e9crit par Old Republic.<\/p>\n<p><strong>Loi applicable<\/strong><\/p>\n<p>Sujettes au paragraphe 2(a) des pr\u00e9sentes, ces modalit\u00e9s d&rsquo;utilisation seront r\u00e9gies par les lois de l&rsquo;Ontario et les lois f\u00e9d\u00e9rales canadiennes applicables aux pr\u00e9sentes.<\/p>\n<p><strong>Pour de plus amples renseignements<\/strong><\/p>\n<p>Pour de plus amples renseignements sur les modalit\u00e9s et conditions l\u00e9gales :<\/p>\n<p>Courriel : <a href=\"mailto:compliance@orican.com\" shape=\"rect\">compliance@orican.com<\/a><\/p>\n<p>T\u00e9l\u00e9phone : 1-800-530-5446<\/p>\n<\/div>\n<p>&nbsp;<\/p>\n[\/spb_text_block] [spb_blank_spacer height=\u00a0\u00bb30px\u00a0\u00bb width=\u00a0\u00bb1\/1&Prime; el_position=\u00a0\u00bbfirst last\u00a0\u00bb] [\/spb_row]\n","protected":false},"excerpt":{"rendered":"<p>[spb_row element_name=\u00a0\u00bbRow\u00a0\u00bb wrap_type=\u00a0\u00bbcontent-width\u00a0\u00bb row_bg_type=\u00a0\u00bbcolor\u00a0\u00bb row_bg_color=\u00a0\u00bb#ffffff\u00a0\u00bb bg_type=\u00a0\u00bbcover\u00a0\u00bb parallax_image_height=\u00a0\u00bbcontent-height\u00a0\u00bb parallax_image_movement=\u00a0\u00bbfixed\u00a0\u00bb parallax_image_speed=\u00a0\u00bb0.5&Prime; bg_video_loop=\u00a0\u00bbyes\u00a0\u00bb parallax_video_height=\u00a0\u00bbwindow-height\u00a0\u00bb parallax_video_overlay=\u00a0\u00bbnone\u00a0\u00bb row_overlay_opacity=\u00a0\u00bb0&Prime; remove_element_spacing=\u00a0\u00bbno\u00a0\u00bb row_col_pos=\u00a0\u00bbdefault\u00a0\u00bb width=\u00a0\u00bb1\/1&Prime; el_position=\u00a0\u00bbfirst last\u00a0\u00bb] [spb_text_block animation=\u00a0\u00bbnone\u00a0\u00bb animation_delay=\u00a0\u00bb0&Prime; simplified_controls=\u00a0\u00bbyes\u00a0\u00bb custom_css_percentage=\u00a0\u00bbno\u00a0\u00bb padding_vertical=\u00a0\u00bb0&Prime; padding_horizontal=\u00a0\u00bb0&Prime; margin_vertical=\u00a0\u00bb0&Prime; custom_css=\u00a0\u00bbmargin-top: 0px;margin-bottom: 0px;\u00a0\u00bb border_size=\u00a0\u00bb0&Prime; border_styling_global=\u00a0\u00bbdefault\u00a0\u00bb width=\u00a0\u00bb1\/1&Prime; el_position=\u00a0\u00bbfirst last\u00a0\u00bb] Modalit\u00e9s d&rsquo;utilisation [\/spb_text_block] [spb_text_block animation=\u00a0\u00bbnone\u00a0\u00bb animation_delay=\u00a0\u00bb0&Prime; simplified_controls=\u00a0\u00bbyes\u00a0\u00bb custom_css_percentage=\u00a0\u00bbno\u00a0\u00bb padding_vertical=\u00a0\u00bb0&Prime; padding_horizontal=\u00a0\u00bb0&Prime; margin_vertical=\u00a0\u00bb0&Prime; custom_css=\u00a0\u00bbmargin-top: 0px;margin-bottom: 0px;\u00a0\u00bb border_size=\u00a0\u00bb0&Prime; border_styling_global=\u00a0\u00bbdefault\u00a0\u00bb el_class=\u00a0\u00bbmb0 pb0&Prime; width=\u00a0\u00bb1\/1&Prime; el_position=\u00a0\u00bbfirst last\u00a0\u00bb] CECI EST UNE ENTENTE AYANT [&hellip;]<\/p>\n","protected":false},"author":1,"featured_media":0,"parent":0,"menu_order":0,"comment_status":"open","ping_status":"closed","template":"","meta":{"om_disable_all_campaigns":false,"_monsterinsights_skip_tracking":false,"_monsterinsights_sitenote_active":false,"_monsterinsights_sitenote_note":"","_monsterinsights_sitenote_category":0,"_uf_show_specific_survey":0,"_uf_disable_surveys":false,"footnotes":""},"class_list":["post-13367","page","type-page","status-publish","hentry"],"aioseo_notices":[],"_links":{"self":[{"href":"https:\/\/gowithtips.com\/fr\/wp-json\/wp\/v2\/pages\/13367","targetHints":{"allow":["GET"]}}],"collection":[{"href":"https:\/\/gowithtips.com\/fr\/wp-json\/wp\/v2\/pages"}],"about":[{"href":"https:\/\/gowithtips.com\/fr\/wp-json\/wp\/v2\/types\/page"}],"author":[{"embeddable":true,"href":"https:\/\/gowithtips.com\/fr\/wp-json\/wp\/v2\/users\/1"}],"replies":[{"embeddable":true,"href":"https:\/\/gowithtips.com\/fr\/wp-json\/wp\/v2\/comments?post=13367"}],"version-history":[{"count":5,"href":"https:\/\/gowithtips.com\/fr\/wp-json\/wp\/v2\/pages\/13367\/revisions"}],"predecessor-version":[{"id":13938,"href":"https:\/\/gowithtips.com\/fr\/wp-json\/wp\/v2\/pages\/13367\/revisions\/13938"}],"wp:attachment":[{"href":"https:\/\/gowithtips.com\/fr\/wp-json\/wp\/v2\/media?parent=13367"}],"curies":[{"name":"wp","href":"https:\/\/api.w.org\/{rel}","templated":true}]}}