{"id":13366,"date":"2017-01-12T09:39:43","date_gmt":"2017-01-12T14:39:43","guid":{"rendered":"https:\/\/gowithtips.com\/products\/youth\/"},"modified":"2024-10-02T12:53:30","modified_gmt":"2024-10-02T16:53:30","slug":"jeunesse","status":"publish","type":"page","link":"https:\/\/gowithtips.com\/fr\/produits-2-2\/jeunesse\/","title":{"rendered":"Youth"},"content":{"rendered":"[spb_row element_name=\u00a0\u00bbRow\u00a0\u00bb wrap_type=\u00a0\u00bbcontent-width\u00a0\u00bb row_bg_type=\u00a0\u00bbcolor\u00a0\u00bb row_bg_color=\u00a0\u00bb#ffffff\u00a0\u00bb bg_type=\u00a0\u00bbcover\u00a0\u00bb parallax_image_height=\u00a0\u00bbcontent-height\u00a0\u00bb parallax_image_movement=\u00a0\u00bbfixed\u00a0\u00bb parallax_image_speed=\u00a0\u00bb0.5&Prime; bg_video_loop=\u00a0\u00bbyes\u00a0\u00bb parallax_video_height=\u00a0\u00bbwindow-height\u00a0\u00bb parallax_video_overlay=\u00a0\u00bbnone\u00a0\u00bb row_overlay_opacity=\u00a0\u00bb0&Prime; remove_element_spacing=\u00a0\u00bbno\u00a0\u00bb row_col_pos=\u00a0\u00bbdefault\u00a0\u00bb minimize_row=\u00a0\u00bbno\u00a0\u00bb width=\u00a0\u00bb1\/1&Prime; el_position=\u00a0\u00bbfirst last\u00a0\u00bb] [spb_text_block animation=\u00a0\u00bbnone\u00a0\u00bb animation_delay=\u00a0\u00bb0&Prime; simplified_controls=\u00a0\u00bbyes\u00a0\u00bb custom_css_percentage=\u00a0\u00bbno\u00a0\u00bb padding_vertical=\u00a0\u00bb0&Prime; padding_horizontal=\u00a0\u00bb0&Prime; margin_vertical=\u00a0\u00bb0&Prime; custom_css=\u00a0\u00bbmargin-top: 0px;margin-bottom: 0px;\u00a0\u00bb border_size=\u00a0\u00bb0&Prime; border_styling_global=\u00a0\u00bbdefault\u00a0\u00bb width=\u00a0\u00bb1\/1&Prime; el_position=\u00a0\u00bbfirst last\u00a0\u00bb]\n<h2>L&rsquo;assurance voyage Jeunesse<\/h2>\n[\/spb_text_block] [spb_text_block animation=\u00a0\u00bbnone\u00a0\u00bb animation_delay=\u00a0\u00bb0&Prime; simplified_controls=\u00a0\u00bbyes\u00a0\u00bb custom_css_percentage=\u00a0\u00bbno\u00a0\u00bb padding_vertical=\u00a0\u00bb0&Prime; padding_horizontal=\u00a0\u00bb0&Prime; margin_vertical=\u00a0\u00bb0&Prime; custom_css=\u00a0\u00bbmargin-top: 0px;margin-bottom: 0px;\u00a0\u00bb border_size=\u00a0\u00bb0&Prime; border_styling_global=\u00a0\u00bbdefault\u00a0\u00bb el_class=\u00a0\u00bbmb0 pb0&Prime; width=\u00a0\u00bb1\/1&Prime; el_position=\u00a0\u00bbfirst last\u00a0\u00bb]\n<p>Les voyages apportent aux jeunes beaucoup de choses &#8211; de nouvelles exp\u00e9riences, de nouvelles associations et des souvenirs qui durent toute la vie.\u00a0\u00a0Mais saviez-vous que voyager peut aussi entra\u00eener de gros risques?\u00a0 Nos plans jeunesse offrent un moyen abordable de vous prot\u00e9ger contre les risques de voyage impr\u00e9vus.\u00a0 En particulier, nos plans couvrent les urgences m\u00e9dicaux \u00e0 l&rsquo;ext\u00e9rieur de votre province ou territoire de r\u00e9sidence (parce que la couverture des r\u00e9gimes d&rsquo;assurance maladie\u00a0gouvernementaux n&rsquo;est pas ad\u00e9quate).<\/p>\n<p><strong>Choisissez parmi\u00a02 plans &#8211; le r\u00e9gime Premier ou le r\u00e9gime Premier Optimal. Ils couvrent tous les deux une couverture contre les urgences m\u00e9dicales, les voyages annul\u00e9s, les vols retard\u00e9s, les\u00a0passeports vol\u00e9s et les\u00a0bagages perdus.<\/strong><\/p>\n<p><strong>\u00a0<\/strong><\/p>\n[\/spb_text_block] [\/spb_row] [spb_blank_spacer height=\u00a0\u00bb60px\u00a0\u00bb width=\u00a0\u00bb1\/1&Prime; el_position=\u00a0\u00bbfirst last\u00a0\u00bb] [spb_parallax parallax_type=\u00a0\u00bbimage\u00a0\u00bb bg_image=\u00a0\u00bb13140&Prime; bg_type=\u00a0\u00bbcover\u00a0\u00bb parallax_video_height=\u00a0\u00bbcontent-height\u00a0\u00bb parallax_video_overlay=\u00a0\u00bbnone\u00a0\u00bb parallax_image_height=\u00a0\u00bbcontent-height\u00a0\u00bb parallax_image_movement=\u00a0\u00bbfixed\u00a0\u00bb parallax_image_speed=\u00a0\u00bbstandard\u00a0\u00bb padding_horizontal=\u00a0\u00bb15&Prime; width=\u00a0\u00bb1\/1&Prime; el_position=\u00a0\u00bbfirst last\u00a0\u00bb]\n<p>&nbsp;<\/p>\n<p>&nbsp;<\/p>\n<p>&nbsp;<\/p>\n<p>&nbsp;<\/p>\n<p>&nbsp;<\/p>\n<p>&nbsp;<\/p>\n<p>&nbsp;<\/p>\n<p>&nbsp;<\/p>\n[\/spb_parallax] [spb_blank_spacer height=\u00a0\u00bb30px\u00a0\u00bb width=\u00a0\u00bb1\/1&Prime; el_position=\u00a0\u00bbfirst last\u00a0\u00bb] [spb_row element_name=\u00a0\u00bbRow\u00a0\u00bb wrap_type=\u00a0\u00bbcontent-width\u00a0\u00bb row_bg_type=\u00a0\u00bbcolor\u00a0\u00bb row_bg_color=\u00a0\u00bb#ffffff\u00a0\u00bb bg_type=\u00a0\u00bbcover\u00a0\u00bb parallax_image_height=\u00a0\u00bbcontent-height\u00a0\u00bb parallax_image_movement=\u00a0\u00bbfixed\u00a0\u00bb parallax_image_speed=\u00a0\u00bb0.5&Prime; bg_video_loop=\u00a0\u00bbyes\u00a0\u00bb parallax_video_height=\u00a0\u00bbwindow-height\u00a0\u00bb parallax_video_overlay=\u00a0\u00bbnone\u00a0\u00bb row_overlay_opacity=\u00a0\u00bb0&Prime; remove_element_spacing=\u00a0\u00bbno\u00a0\u00bb row_col_pos=\u00a0\u00bbdefault\u00a0\u00bb minimize_row=\u00a0\u00bbno\u00a0\u00bb width=\u00a0\u00bb1\/1&Prime; el_position=\u00a0\u00bbfirst last\u00a0\u00bb] [spb_text_block animation=\u00a0\u00bbnone\u00a0\u00bb animation_delay=\u00a0\u00bb0&Prime; simplified_controls=\u00a0\u00bbyes\u00a0\u00bb custom_css_percentage=\u00a0\u00bbno\u00a0\u00bb padding_vertical=\u00a0\u00bb0&Prime; padding_horizontal=\u00a0\u00bb0&Prime; margin_vertical=\u00a0\u00bb0&Prime; custom_css=\u00a0\u00bbmargin-top: 0px;margin-bottom: 0px;\u00a0\u00bb border_size=\u00a0\u00bb0&Prime; border_styling_global=\u00a0\u00bbdefault\u00a0\u00bb width=\u00a0\u00bb1\/1&Prime; el_position=\u00a0\u00bbfirst last\u00a0\u00bb]\n<h3>R\u00e9gime\u00a0Jeunesse Premier<\/h3>\n<h3>R\u00e9sum\u00e9 des indemnit\u00e9s :<\/h3>\n[\/spb_text_block] [spb_accordion width=\u00a0\u00bb1\/1&Prime; el_position=\u00a0\u00bbfirst last\u00a0\u00bb] [spb_accordion_tab title=\u00a0\u00bbAnnulation de voyage\u00a0\u00bb accordion_id=\u00a0\u00bbannulation-de-voyage\u00a0\u00bb icon=\u00a0\u00bb\u00a0\u00bb] [spb_text_block animation=\u00a0\u00bbnone\u00a0\u00bb animation_delay=\u00a0\u00bb0&Prime; simplified_controls=\u00a0\u00bbyes\u00a0\u00bb custom_css_percentage=\u00a0\u00bbno\u00a0\u00bb padding_vertical=\u00a0\u00bb0&Prime; padding_horizontal=\u00a0\u00bb0&Prime; margin_vertical=\u00a0\u00bb0&Prime; custom_css=\u00a0\u00bbmargin-top: 0px;margin-bottom: 0px;\u00a0\u00bb border_size=\u00a0\u00bb0&Prime; border_styling_global=\u00a0\u00bbdefault\u00a0\u00bb width=\u00a0\u00bb1\/1&Prime; el_position=\u00a0\u00bbfirst last\u00a0\u00bb]\n<p>Imaginez si vous vous\u00a0blessez ou tombez malade pendant\u00a0votre\u00a0voyage?\u00a0 Cette indemnit\u00e9 vous prot\u00e8ge contre les frais m\u00e9dicaux et hospitaliers d&rsquo;urgence qui r\u00e9sultent.<\/p>\n<p>&nbsp;<\/p>\n[\/spb_text_block] [\/spb_accordion_tab] [spb_accordion_tab title=\u00a0\u00bbFrais dentaires d&rsquo;urgence\u00a0\u00bb accordion_id=\u00a0\u00bbfrais-dentaires-d-urgence-1&Prime; icon=\u00a0\u00bb\u00a0\u00bb] [spb_text_block animation=\u00a0\u00bbnone\u00a0\u00bb animation_delay=\u00a0\u00bb0&Prime; simplified_controls=\u00a0\u00bbyes\u00a0\u00bb custom_css_percentage=\u00a0\u00bbno\u00a0\u00bb padding_vertical=\u00a0\u00bb0&Prime; padding_horizontal=\u00a0\u00bb0&Prime; margin_vertical=\u00a0\u00bb0&Prime; custom_css=\u00a0\u00bbmargin-top: 0px;margin-bottom: 0px;\u00a0\u00bb border_size=\u00a0\u00bb0&Prime; border_styling_global=\u00a0\u00bbdefault\u00a0\u00bb width=\u00a0\u00bb1\/1&Prime; el_position=\u00a0\u00bbfirst last\u00a0\u00bb]\n<p>Si vous subissez une blessure impr\u00e9vue\u00a0\u00e0 la bouche et\/ou \u00e0 la t\u00eate pendant votre voyage et\u00a0n\u00e9cessitez des soins dentaires d&rsquo;urgence, cette indemnit\u00e9\u00a0en couvre les frais et aide \u00e0 payer pour le suivi des soins lors du retour chez vous.<\/p>\n[\/spb_text_block] [\/spb_accordion_tab] [spb_accordion_tab title=\u00a0\u00bb\u00c9vacuation et\/ou retour \u00e0 domicile\u00a0\u00bb accordion_id=\u00a0\u00bb-vacuation-et-ou-retour&#8212;domicile\u00a0\u00bb icon=\u00a0\u00bb\u00a0\u00bb] [spb_text_block animation=\u00a0\u00bbnone\u00a0\u00bb animation_delay=\u00a0\u00bb0&Prime; simplified_controls=\u00a0\u00bbyes\u00a0\u00bb custom_css_percentage=\u00a0\u00bbno\u00a0\u00bb padding_vertical=\u00a0\u00bb0&Prime; padding_horizontal=\u00a0\u00bb0&Prime; margin_vertical=\u00a0\u00bb0&Prime; custom_css=\u00a0\u00bbmargin-top: 0px;margin-bottom: 0px;\u00a0\u00bb border_size=\u00a0\u00bb0&Prime; border_styling_global=\u00a0\u00bbdefault\u00a0\u00bb width=\u00a0\u00bb1\/1&Prime; el_position=\u00a0\u00bbfirst last\u00a0\u00bb]\n<p>Cette indemnit\u00e9\u00a0vous couvre\u00a0s&rsquo;il faut\u00a0vous \u00e9vacuer ailleurs pour subir des soins m\u00e9dicaux d&rsquo;urgence, que ce soit \u00e0 l&rsquo;\u00e9tranger ou de retour \u00e0 votre province\/territoire de r\u00e9sidence.<\/p>\n[\/spb_text_block] [\/spb_accordion_tab] [spb_accordion_tab title=\u00a0\u00bbAnnulation de voyage\u00a0\u00bb accordion_id=\u00a0\u00bbannulation-de-voyage-1&Prime; icon=\u00a0\u00bb\u00a0\u00bb] [spb_text_block animation=\u00a0\u00bbnone\u00a0\u00bb animation_delay=\u00a0\u00bb0&Prime; simplified_controls=\u00a0\u00bbyes\u00a0\u00bb custom_css_percentage=\u00a0\u00bbno\u00a0\u00bb padding_vertical=\u00a0\u00bb0&Prime; padding_horizontal=\u00a0\u00bb0&Prime; margin_vertical=\u00a0\u00bb0&Prime; custom_css=\u00a0\u00bbmargin-top: 0px;margin-bottom: 0px;\u00a0\u00bb border_size=\u00a0\u00bb0&Prime; border_styling_global=\u00a0\u00bbdefault\u00a0\u00bb width=\u00a0\u00bb1\/1&Prime; el_position=\u00a0\u00bbfirst last\u00a0\u00bb]\n<p>Vous\u00a0faut-il annuler un voyage avant sa date de d\u00e9part \u00e0 cause d&rsquo;un impr\u00e9vu tel une blessure subie, le d\u00e9c\u00e8s soudain d&rsquo;un membre de la famille ou un changement d&rsquo;horaire qui vous fait manquer un vol tout \u00e0 fait?\u00a0 Cette indemnit\u00e9 vous rembourse le montant\u00a0non remboursable et non utilis\u00e9 que vous avez investi dans votre voyage.<\/p>\n[\/spb_text_block] [\/spb_accordion_tab] [spb_accordion_tab title=\u00a0\u00bbInterruption de voyage\u00a0\u00bb accordion_id=\u00a0\u00bbinterruption-de-voyage\u00a0\u00bb icon=\u00a0\u00bb\u00a0\u00bb] [spb_text_block animation=\u00a0\u00bbnone\u00a0\u00bb animation_delay=\u00a0\u00bb0&Prime; simplified_controls=\u00a0\u00bbyes\u00a0\u00bb custom_css_percentage=\u00a0\u00bbno\u00a0\u00bb padding_vertical=\u00a0\u00bb0&Prime; padding_horizontal=\u00a0\u00bb0&Prime; margin_vertical=\u00a0\u00bb0&Prime; custom_css=\u00a0\u00bbmargin-top: 0px;margin-bottom: 0px;\u00a0\u00bb border_size=\u00a0\u00bb0&Prime; border_styling_global=\u00a0\u00bbdefault\u00a0\u00bb width=\u00a0\u00bb1\/1&Prime; el_position=\u00a0\u00bbfirst last\u00a0\u00bb]\n<p>Cette indemnit\u00e9 vous couvre si vous devez interrompre\u00a0un voyage d\u00e9j\u00e0 commenc\u00e9 (\u00e0 la date de d\u00e9part ou apr\u00e8s)\u00a0\u00e0 cause d&rsquo;un impr\u00e9vu comme par exemple la maladie soudaine\u00a0de vous ou de votre compagnon de voyage ou le retard d&rsquo;un vol \u00e0 cause qui peut vous faire manquer une grande partie du voyage.<\/p>\n[\/spb_text_block] [\/spb_accordion_tab] [spb_accordion_tab title=\u00a0\u00bbRetard de voyage\u00a0\u00bb accordion_id=\u00a0\u00bbretard-de-voyage\u00a0\u00bb icon=\u00a0\u00bb\u00a0\u00bb] [spb_text_block animation=\u00a0\u00bbnone\u00a0\u00bb animation_delay=\u00a0\u00bb0&Prime; simplified_controls=\u00a0\u00bbyes\u00a0\u00bb custom_css_percentage=\u00a0\u00bbno\u00a0\u00bb padding_vertical=\u00a0\u00bb0&Prime; padding_horizontal=\u00a0\u00bb0&Prime; margin_vertical=\u00a0\u00bb0&Prime; custom_css=\u00a0\u00bbmargin-top: 0px;margin-bottom: 0px;\u00a0\u00bb border_size=\u00a0\u00bb0&Prime; border_styling_global=\u00a0\u00bbdefault\u00a0\u00bb width=\u00a0\u00bb1\/1&Prime; el_position=\u00a0\u00bbfirst last\u00a0\u00bb]\n<p><span style=\"font-weight: 400;\">M\u00eame si votre voyage a des d\u00e9lais impr\u00e9vus,\u00a0vous pouvez\u00a0d\u00e9cider de ratrapper votre itin\u00e9raire et jouir du restant du voyage.\u00a0 Par exemple, si vous ou votre compagnon de voyage avez un retard d\u00fb \u00e0 une panne m\u00e9canique\u00a0en route vers l&rsquo;a\u00e9roport, et\u00a0manquez votre vol en cons\u00e9quence, il va falloir\u00a0prendre de nouvelles dispositions de vol a\u00e9rien.\u00a0 Cette indemnit\u00e9 aide \u00e0 couvrir les frais suppl\u00e9mentaires factur\u00e9s par la ligne a\u00e9rienne.<\/span><\/p>\n[\/spb_text_block] [\/spb_accordion_tab] [spb_accordion_tab title=\u00a0\u00bbH\u00e9bergement et repas\u00a0\u00bb accordion_id=\u00a0\u00bbh-bergement-et-repas\u00a0\u00bb icon=\u00a0\u00bb\u00a0\u00bb] [spb_text_block animation=\u00a0\u00bbnone\u00a0\u00bb animation_delay=\u00a0\u00bb0&Prime; simplified_controls=\u00a0\u00bbyes\u00a0\u00bb custom_css_percentage=\u00a0\u00bbno\u00a0\u00bb padding_vertical=\u00a0\u00bb0&Prime; padding_horizontal=\u00a0\u00bb0&Prime; margin_vertical=\u00a0\u00bb0&Prime; custom_css=\u00a0\u00bbmargin-top: 0px;margin-bottom: 0px;\u00a0\u00bb border_size=\u00a0\u00bb0&Prime; border_styling_global=\u00a0\u00bbdefault\u00a0\u00bb width=\u00a0\u00bb1\/1&Prime; el_position=\u00a0\u00bbfirst last\u00a0\u00bb]\n<p>Cette indemnit\u00e9 vous est b\u00e9n\u00e9fique si un impr\u00e9vu change tellement votre itin\u00e9raire que vous devez\u00a0engager de nouveaux frais pour h\u00e9bergement temporaire et\/ou repas et taxi.<\/p>\n[\/spb_text_block] [\/spb_accordion_tab] [spb_accordion_tab title=\u00a0\u00bbBagages perdus, vol\u00e9s ou endommag\u00e9s\u00a0\u00bb accordion_id=\u00a0\u00bbbagages-perdus&#8211;vol-s-ou-endommag-s\u00a0\u00bb icon=\u00a0\u00bb\u00a0\u00bb] [spb_text_block animation=\u00a0\u00bbnone\u00a0\u00bb animation_delay=\u00a0\u00bb0&Prime; simplified_controls=\u00a0\u00bbyes\u00a0\u00bb custom_css_percentage=\u00a0\u00bbno\u00a0\u00bb padding_vertical=\u00a0\u00bb0&Prime; padding_horizontal=\u00a0\u00bb0&Prime; margin_vertical=\u00a0\u00bb0&Prime; custom_css=\u00a0\u00bbmargin-top: 0px;margin-bottom: 0px;\u00a0\u00bb border_size=\u00a0\u00bb0&Prime; border_styling_global=\u00a0\u00bbdefault\u00a0\u00bb width=\u00a0\u00bb1\/1&Prime; el_position=\u00a0\u00bbfirst last\u00a0\u00bb]\n<p>Il y a de couverture\u00a0si vos bagages sont perdus, vol\u00e9s ou endommag\u00e9s pendant votre voyage.\u00a0 Un remboursement\u00a0est possible en cas de la perte, vol ou endommagement de votre\u00a0passeport, visa de voyage, certificat de naissance et\/ou permis de conduire.<\/p>\n[\/spb_text_block] [\/spb_accordion_tab] [spb_accordion_tab title=\u00a0\u00bbArgent personnel\u00a0\u00bb accordion_id=\u00a0\u00bbargent-personnel\u00a0\u00bb icon=\u00a0\u00bb\u00a0\u00bb] [spb_text_block animation=\u00a0\u00bbnone\u00a0\u00bb animation_delay=\u00a0\u00bb0&Prime; simplified_controls=\u00a0\u00bbyes\u00a0\u00bb custom_css_percentage=\u00a0\u00bbno\u00a0\u00bb padding_vertical=\u00a0\u00bb0&Prime; padding_horizontal=\u00a0\u00bb0&Prime; margin_vertical=\u00a0\u00bb0&Prime; custom_css=\u00a0\u00bbmargin-top: 0px;margin-bottom: 0px;\u00a0\u00bb border_size=\u00a0\u00bb0&Prime; border_styling_global=\u00a0\u00bbdefault\u00a0\u00bb width=\u00a0\u00bb1\/1&Prime; el_position=\u00a0\u00bbfirst last\u00a0\u00bb]\n<p>Couvre la perte ou vol pendant le voyage de\u00a0votre argent,\u00a0ch\u00e8ques de voyage,\u00a0billets de voyage ou\u00a0bons pr\u00e9-pay\u00e9s,\u00a0jusqu&rsquo;\u00e0 concurrence de 100 $.<\/p>\n[\/spb_text_block] [\/spb_accordion_tab] [spb_accordion_tab title=\u00a0\u00bbAssistance en voyage\u00a0\u00bb accordion_id=\u00a0\u00bbassistance-en-voyage-1&Prime; icon=\u00a0\u00bb\u00a0\u00bb] [spb_text_block animation=\u00a0\u00bbnone\u00a0\u00bb animation_delay=\u00a0\u00bb0&Prime; simplified_controls=\u00a0\u00bbyes\u00a0\u00bb custom_css_percentage=\u00a0\u00bbno\u00a0\u00bb padding_vertical=\u00a0\u00bb0&Prime; padding_horizontal=\u00a0\u00bb0&Prime; margin_vertical=\u00a0\u00bb0&Prime; custom_css=\u00a0\u00bbmargin-top: 0px;margin-bottom: 0px;\u00a0\u00bb border_size=\u00a0\u00bb0&Prime; border_styling_global=\u00a0\u00bbdefault\u00a0\u00bb width=\u00a0\u00bb1\/1&Prime; el_position=\u00a0\u00bbfirst last\u00a0\u00bb]\n<p>Vous faut-il trouver\u00a0l&rsquo;aide m\u00e9dicale,\u00a0remplacer un passeport perdu, arranger un vol d&rsquo;urgence\u00a0chez vous, r\u00e9p\u00e9rer les restaurants du voisinage?\u00a0 Notre \u00e9quipe multi-lingue d&rsquo;experts de voyage\u00a0fournit des services de voyage et conciergerie\u00a024 h sur 24, 7 j sur 7.<\/p>\n[\/spb_text_block] [\/spb_accordion_tab] [\/spb_accordion] [spb_text_block animation=\u00a0\u00bbnone\u00a0\u00bb animation_delay=\u00a0\u00bb0&Prime; simplified_controls=\u00a0\u00bbyes\u00a0\u00bb custom_css_percentage=\u00a0\u00bbno\u00a0\u00bb padding_vertical=\u00a0\u00bb0&Prime; padding_horizontal=\u00a0\u00bb0&Prime; margin_vertical=\u00a0\u00bb0&Prime; custom_css=\u00a0\u00bbmargin-top: 0px;margin-bottom: 0px;\u00a0\u00bb border_size=\u00a0\u00bb0&Prime; border_styling_global=\u00a0\u00bbdefault\u00a0\u00bb width=\u00a0\u00bb1\/1&Prime; el_position=\u00a0\u00bbfirst last\u00a0\u00bb]\n<p>Ceci n&rsquo;est qu&rsquo;un bref r\u00e9sum\u00e9 de la couverture.\u00a0 Veuillez consulter la <a href=\"https:\/\/www.getreliable.com\/direct\/pub\/eocdisp.aspx?p=2500236&amp;l=1\">police<\/a> pour le d\u00e9tail complet des indemnit\u00e9s,\u00a0exclusions, limitations, modalit\u00e9s et conditions.<\/p>\n[\/spb_text_block] [spb_blank_spacer height=\u00a0\u00bb30px\u00a0\u00bb width=\u00a0\u00bb1\/1&Prime; el_position=\u00a0\u00bbfirst last\u00a0\u00bb] [spb_text_block animation=\u00a0\u00bbnone\u00a0\u00bb animation_delay=\u00a0\u00bb0&Prime; simplified_controls=\u00a0\u00bbyes\u00a0\u00bb custom_css_percentage=\u00a0\u00bbno\u00a0\u00bb padding_vertical=\u00a0\u00bb0&Prime; padding_horizontal=\u00a0\u00bb0&Prime; margin_vertical=\u00a0\u00bb0&Prime; custom_css=\u00a0\u00bbmargin-top: 0px;margin-bottom: 0px;\u00a0\u00bb border_size=\u00a0\u00bb0&Prime; border_styling_global=\u00a0\u00bbdefault\u00a0\u00bb width=\u00a0\u00bb1\/1&Prime; el_position=\u00a0\u00bbfirst last\u00a0\u00bb]\n<h3>LE R\u00c9GIME JEUNESSE PREMIER OPTIMAL<\/h3>\n<p>Cherchez-vous <em>encore plus?\u00a0 <\/em>Si vous cherchez une assurance de toute premi\u00e8re qualit\u00e9, ne cherchez plus!\u00a0 Ce r\u00e9gime a toutes les indemnit\u00e9s fantastiques du r\u00e9gime Jeunesse Premier, plus davantage de couverture m\u00e9dicale, soit 5 millions de dollars.\u00a0 Il permet aussi d\u2019annuler un voyage pour des raisons qui ne sont pas couvertes sous le r\u00e9gime Jeunesse Premier et de vous faire rembourser jusqu\u2019\u00e0 80 % des d\u00e9penses non utilis\u00e9es et non rembousables.<\/p>\n<p>Veuillez consulter la <a href=\"https:\/\/www.getreliable.com\/direct\/pub\/eocdisp.aspx?p=2501159&amp;l=1\">police<\/a> pour le d\u00e9tail complet des indemnit\u00e9s, exclusions, limitations, modalit\u00e9s et conditions.<\/p>\n[\/spb_text_block] [spb_blank_spacer height=\u00a0\u00bb30px\u00a0\u00bb width=\u00a0\u00bb1\/1&Prime; el_position=\u00a0\u00bbfirst last\u00a0\u00bb] [spb_blank_spacer height=\u00a0\u00bb30px\u00a0\u00bb width=\u00a0\u00bb1\/1&Prime; el_position=\u00a0\u00bbfirst last\u00a0\u00bb] [\/spb_row] [spb_blank_spacer height=\u00a0\u00bb30px\u00a0\u00bb width=\u00a0\u00bb1\/1&Prime; el_position=\u00a0\u00bbfirst last\u00a0\u00bb] [spb_text_block animation=\u00a0\u00bbnone\u00a0\u00bb animation_delay=\u00a0\u00bb0&Prime; simplified_controls=\u00a0\u00bbyes\u00a0\u00bb custom_css_percentage=\u00a0\u00bbno\u00a0\u00bb padding_vertical=\u00a0\u00bb0&Prime; padding_horizontal=\u00a0\u00bb0&Prime; margin_vertical=\u00a0\u00bb0&Prime; custom_css=\u00a0\u00bbmargin-top: 0px;margin-bottom: 0px;\u00a0\u00bb border_size=\u00a0\u00bb0&Prime; border_styling_global=\u00a0\u00bbdefault\u00a0\u00bb width=\u00a0\u00bb1\/1&Prime; el_position=\u00a0\u00bbfirst last\u00a0\u00bb]\n<p><a href=\"http:\/\/goavectips.com\/contact\">Comuniquez avec nous pour\u00a0en savoir plus.<\/a><\/p>\n[\/spb_text_block]\n","protected":false},"excerpt":{"rendered":"<p>[spb_row element_name=\u00a0\u00bbRow\u00a0\u00bb wrap_type=\u00a0\u00bbcontent-width\u00a0\u00bb row_bg_type=\u00a0\u00bbcolor\u00a0\u00bb row_bg_color=\u00a0\u00bb#ffffff\u00a0\u00bb bg_type=\u00a0\u00bbcover\u00a0\u00bb parallax_image_height=\u00a0\u00bbcontent-height\u00a0\u00bb parallax_image_movement=\u00a0\u00bbfixed\u00a0\u00bb parallax_image_speed=\u00a0\u00bb0.5&Prime; bg_video_loop=\u00a0\u00bbyes\u00a0\u00bb parallax_video_height=\u00a0\u00bbwindow-height\u00a0\u00bb parallax_video_overlay=\u00a0\u00bbnone\u00a0\u00bb row_overlay_opacity=\u00a0\u00bb0&Prime; remove_element_spacing=\u00a0\u00bbno\u00a0\u00bb row_col_pos=\u00a0\u00bbdefault\u00a0\u00bb minimize_row=\u00a0\u00bbno\u00a0\u00bb width=\u00a0\u00bb1\/1&Prime; el_position=\u00a0\u00bbfirst last\u00a0\u00bb] [spb_text_block animation=\u00a0\u00bbnone\u00a0\u00bb animation_delay=\u00a0\u00bb0&Prime; simplified_controls=\u00a0\u00bbyes\u00a0\u00bb custom_css_percentage=\u00a0\u00bbno\u00a0\u00bb padding_vertical=\u00a0\u00bb0&Prime; padding_horizontal=\u00a0\u00bb0&Prime; margin_vertical=\u00a0\u00bb0&Prime; custom_css=\u00a0\u00bbmargin-top: 0px;margin-bottom: 0px;\u00a0\u00bb border_size=\u00a0\u00bb0&Prime; border_styling_global=\u00a0\u00bbdefault\u00a0\u00bb width=\u00a0\u00bb1\/1&Prime; el_position=\u00a0\u00bbfirst last\u00a0\u00bb] L&rsquo;assurance voyage Jeunesse [\/spb_text_block] [spb_text_block animation=\u00a0\u00bbnone\u00a0\u00bb animation_delay=\u00a0\u00bb0&Prime; simplified_controls=\u00a0\u00bbyes\u00a0\u00bb custom_css_percentage=\u00a0\u00bbno\u00a0\u00bb padding_vertical=\u00a0\u00bb0&Prime; padding_horizontal=\u00a0\u00bb0&Prime; margin_vertical=\u00a0\u00bb0&Prime; custom_css=\u00a0\u00bbmargin-top: 0px;margin-bottom: 0px;\u00a0\u00bb border_size=\u00a0\u00bb0&Prime; border_styling_global=\u00a0\u00bbdefault\u00a0\u00bb el_class=\u00a0\u00bbmb0 pb0&Prime; width=\u00a0\u00bb1\/1&Prime; el_position=\u00a0\u00bbfirst last\u00a0\u00bb] Les voyages apportent [&hellip;]<\/p>\n","protected":false},"author":1,"featured_media":0,"parent":13354,"menu_order":0,"comment_status":"open","ping_status":"closed","template":"","meta":{"om_disable_all_campaigns":false,"_monsterinsights_skip_tracking":false,"_monsterinsights_sitenote_active":false,"_monsterinsights_sitenote_note":"","_monsterinsights_sitenote_category":0,"_uf_show_specific_survey":0,"_uf_disable_surveys":false,"footnotes":""},"class_list":["post-13366","page","type-page","status-publish","hentry"],"aioseo_notices":[],"_links":{"self":[{"href":"https:\/\/gowithtips.com\/fr\/wp-json\/wp\/v2\/pages\/13366","targetHints":{"allow":["GET"]}}],"collection":[{"href":"https:\/\/gowithtips.com\/fr\/wp-json\/wp\/v2\/pages"}],"about":[{"href":"https:\/\/gowithtips.com\/fr\/wp-json\/wp\/v2\/types\/page"}],"author":[{"embeddable":true,"href":"https:\/\/gowithtips.com\/fr\/wp-json\/wp\/v2\/users\/1"}],"replies":[{"embeddable":true,"href":"https:\/\/gowithtips.com\/fr\/wp-json\/wp\/v2\/comments?post=13366"}],"version-history":[{"count":7,"href":"https:\/\/gowithtips.com\/fr\/wp-json\/wp\/v2\/pages\/13366\/revisions"}],"predecessor-version":[{"id":14550,"href":"https:\/\/gowithtips.com\/fr\/wp-json\/wp\/v2\/pages\/13366\/revisions\/14550"}],"up":[{"embeddable":true,"href":"https:\/\/gowithtips.com\/fr\/wp-json\/wp\/v2\/pages\/13354"}],"wp:attachment":[{"href":"https:\/\/gowithtips.com\/fr\/wp-json\/wp\/v2\/media?parent=13366"}],"curies":[{"name":"wp","href":"https:\/\/api.w.org\/{rel}","templated":true}]}}