{"id":13361,"date":"2017-01-12T09:39:52","date_gmt":"2017-01-12T14:39:52","guid":{"rendered":"https:\/\/gowithtips.com\/products\/seniors\/"},"modified":"2020-12-11T15:11:22","modified_gmt":"2020-12-11T20:11:22","slug":"frais_medicaux_durgence","status":"publish","type":"page","link":"https:\/\/gowithtips.com\/fr\/produits-2-2\/frais_medicaux_durgence\/","title":{"rendered":"Emergency Medical"},"content":{"rendered":"[spb_row element_name=\u00a0\u00bbRow\u00a0\u00bb wrap_type=\u00a0\u00bbcontent-width\u00a0\u00bb row_bg_type=\u00a0\u00bbcolor\u00a0\u00bb row_bg_color=\u00a0\u00bb#ffffff\u00a0\u00bb bg_type=\u00a0\u00bbcover\u00a0\u00bb parallax_image_height=\u00a0\u00bbcontent-height\u00a0\u00bb parallax_image_movement=\u00a0\u00bbfixed\u00a0\u00bb parallax_image_speed=\u00a0\u00bb0.5&Prime; bg_video_loop=\u00a0\u00bbyes\u00a0\u00bb parallax_video_height=\u00a0\u00bbwindow-height\u00a0\u00bb parallax_video_overlay=\u00a0\u00bbnone\u00a0\u00bb row_overlay_opacity=\u00a0\u00bb0&Prime; remove_element_spacing=\u00a0\u00bbno\u00a0\u00bb row_col_pos=\u00a0\u00bbdefault\u00a0\u00bb width=\u00a0\u00bb1\/1&Prime; el_position=\u00a0\u00bbfirst last\u00a0\u00bb] [spb_text_block animation=\u00a0\u00bbnone\u00a0\u00bb animation_delay=\u00a0\u00bb0&Prime; simplified_controls=\u00a0\u00bbyes\u00a0\u00bb custom_css_percentage=\u00a0\u00bbno\u00a0\u00bb padding_vertical=\u00a0\u00bb0&Prime; padding_horizontal=\u00a0\u00bb0&Prime; margin_vertical=\u00a0\u00bb0&Prime; custom_css=\u00a0\u00bbmargin-top: 0px;margin-bottom: 0px;\u00a0\u00bb border_size=\u00a0\u00bb0&Prime; border_styling_global=\u00a0\u00bbdefault\u00a0\u00bb width=\u00a0\u00bb1\/1&Prime; el_position=\u00a0\u00bbfirst last\u00a0\u00bb]\n<h2>L&rsquo;assurance m\u00e9dicale d\u2019urgence en voyage<\/h2>\n[\/spb_text_block] [spb_text_block animation=\u00a0\u00bbnone\u00a0\u00bb animation_delay=\u00a0\u00bb0&Prime; simplified_controls=\u00a0\u00bbyes\u00a0\u00bb custom_css_percentage=\u00a0\u00bbno\u00a0\u00bb padding_vertical=\u00a0\u00bb0&Prime; padding_horizontal=\u00a0\u00bb0&Prime; margin_vertical=\u00a0\u00bb0&Prime; custom_css=\u00a0\u00bbmargin-top: 0px;margin-bottom: 0px;\u00a0\u00bb border_size=\u00a0\u00bb0&Prime; border_styling_global=\u00a0\u00bbdefault\u00a0\u00bb el_class=\u00a0\u00bbmb0 pb0&Prime; width=\u00a0\u00bb1\/1&Prime; el_position=\u00a0\u00bbfirst last\u00a0\u00bb]\n<p>Y a-t-il rien de pire que de tomber malade ou de se blesser en voyage?\u00a0 Oui!\u00a0 C\u2019est de tomber malade ou de se blesser <em>et<\/em> d\u2019avoir \u00e0 payer des frais m\u00e9dicaux impr\u00e9vus!\u00a0 En voyageant \u00e0 l\u2019ext\u00e9rieur de sa province ou territoire de r\u00e9sidence, on oublie des fois que la couverture de notre r\u00e9gime d\u2019assurance maladie gouvernemental ne couvre pas tout, surtout lorsqu\u2019on voyage \u00e0 l\u2019ext\u00e9rieur du pays.\u00a0 Nous devons payer les frais de notre poche, et d\u00e9pendant du pays et du type d\u2019urgence m\u00e9dicale, cela peut devenir tr\u00e8s co\u00fbteux. C\u2019est pour cette raison qu\u2019il est important de se procurer une assurance m\u00e9dicale d\u2019urgence en voyage.<\/p>\n<p>&nbsp;<\/p>\n<p>Le r\u00e9gime TIPS Frais m\u00e9dicaux d\u2019urgence est con\u00e7u pour vous prot\u00e9ger du c\u00f4t\u00e9 finances en cas de maladie ou blessure inattendue.\u00a0 Les voyageurs jusqu\u2019\u00e0 l\u2019\u00e2ge de 89 peuvent souscrire ce r\u00e9gime pour se couvrir d\u2019une protection essentielle de frais m\u00e9dicaux et hospitaliers pendant un voyage \u00e0 l\u2019ext\u00e9rieur de leur province\/territoire.\u00a0 C\u2019est le choix sage des voyageurs avertis.<\/p>\n[\/spb_text_block] [\/spb_row] [spb_blank_spacer height=\u00a0\u00bb60px\u00a0\u00bb width=\u00a0\u00bb1\/1&Prime; el_position=\u00a0\u00bbfirst last\u00a0\u00bb] [spb_parallax parallax_type=\u00a0\u00bbimage\u00a0\u00bb bg_image=\u00a0\u00bb14037&Prime; bg_type=\u00a0\u00bbcover\u00a0\u00bb parallax_video_height=\u00a0\u00bbcontent-height\u00a0\u00bb parallax_video_overlay=\u00a0\u00bbnone\u00a0\u00bb parallax_image_height=\u00a0\u00bbcontent-height\u00a0\u00bb parallax_image_movement=\u00a0\u00bbfixed\u00a0\u00bb parallax_image_speed=\u00a0\u00bbstandard\u00a0\u00bb padding_horizontal=\u00a0\u00bb15&Prime; width=\u00a0\u00bb1\/1&Prime; el_position=\u00a0\u00bbfirst last\u00a0\u00bb]\n<p>&nbsp;<\/p>\n<p>&nbsp;<\/p>\n<p>&nbsp;<\/p>\n<p>&nbsp;<\/p>\n<p>&nbsp;<\/p>\n<p>&nbsp;<\/p>\n<p>&nbsp;<\/p>\n<p>&nbsp;<\/p>\n[\/spb_parallax] [spb_blank_spacer height=\u00a0\u00bb30px\u00a0\u00bb width=\u00a0\u00bb1\/1&Prime; el_position=\u00a0\u00bbfirst last\u00a0\u00bb] [spb_row element_name=\u00a0\u00bbRow\u00a0\u00bb wrap_type=\u00a0\u00bbcontent-width\u00a0\u00bb row_bg_type=\u00a0\u00bbcolor\u00a0\u00bb row_bg_color=\u00a0\u00bb#ffffff\u00a0\u00bb bg_type=\u00a0\u00bbcover\u00a0\u00bb parallax_image_height=\u00a0\u00bbcontent-height\u00a0\u00bb parallax_image_movement=\u00a0\u00bbfixed\u00a0\u00bb parallax_image_speed=\u00a0\u00bb0.5&Prime; bg_video_loop=\u00a0\u00bbyes\u00a0\u00bb parallax_video_height=\u00a0\u00bbwindow-height\u00a0\u00bb parallax_video_overlay=\u00a0\u00bbnone\u00a0\u00bb row_overlay_opacity=\u00a0\u00bb0&Prime; remove_element_spacing=\u00a0\u00bbno\u00a0\u00bb row_col_pos=\u00a0\u00bbdefault\u00a0\u00bb minimize_row=\u00a0\u00bbno\u00a0\u00bb width=\u00a0\u00bb1\/1&Prime; el_position=\u00a0\u00bbfirst last\u00a0\u00bb] [spb_text_block animation=\u00a0\u00bbnone\u00a0\u00bb animation_delay=\u00a0\u00bb0&Prime; simplified_controls=\u00a0\u00bbyes\u00a0\u00bb custom_css_percentage=\u00a0\u00bbno\u00a0\u00bb padding_vertical=\u00a0\u00bb0&Prime; padding_horizontal=\u00a0\u00bb0&Prime; margin_vertical=\u00a0\u00bb0&Prime; custom_css=\u00a0\u00bbmargin-top: 0px;margin-bottom: 0px;\u00a0\u00bb border_size=\u00a0\u00bb0&Prime; border_styling_global=\u00a0\u00bbdefault\u00a0\u00bb width=\u00a0\u00bb1\/1&Prime; el_position=\u00a0\u00bbfirst last\u00a0\u00bb]\n<h3>R\u00e9sum\u00e9 des indemnit\u00e9s :<\/h3>\n[\/spb_text_block] [spb_accordion width=\u00a0\u00bb1\/1&Prime; el_position=\u00a0\u00bbfirst last\u00a0\u00bb] [spb_accordion_tab title=\u00a0\u00bbFrais m\u00e9dicaux d&rsquo;urgence\u00a0\u00bb accordion_id=\u00a0\u00bbfrais-m-dicaux-d-urgence\u00a0\u00bb icon=\u00a0\u00bb\u00a0\u00bb] [spb_text_block animation=\u00a0\u00bbnone\u00a0\u00bb animation_delay=\u00a0\u00bb0&Prime; simplified_controls=\u00a0\u00bbyes\u00a0\u00bb custom_css_percentage=\u00a0\u00bbno\u00a0\u00bb padding_vertical=\u00a0\u00bb0&Prime; padding_horizontal=\u00a0\u00bb0&Prime; margin_vertical=\u00a0\u00bb0&Prime; custom_css=\u00a0\u00bbmargin-top: 0px;margin-bottom: 0px;\u00a0\u00bb border_size=\u00a0\u00bb0&Prime; border_styling_global=\u00a0\u00bbdefault\u00a0\u00bb width=\u00a0\u00bb1\/1&Prime; el_position=\u00a0\u00bbfirst last\u00a0\u00bb]\n<p>Imaginez si vous subissez une blessure ou\u00a0tombez malade \u00e0 l&rsquo;impr\u00e9vu pendant votre voyage.\u00a0 Cette indemnit\u00e9 vous couvre\u00a0les frais d&rsquo;hospitalisation et les frais m\u00e9dicaux d&rsquo;urgence qui en d\u00e9coulent.<\/p>\n[\/spb_text_block] [\/spb_accordion_tab] [spb_accordion_tab title=\u00a0\u00bbServices de transport d&rsquo;urgence\u00a0\u00bb accordion_id=\u00a0\u00bbservices-de-transport-d-urgence\u00a0\u00bb icon=\u00a0\u00bb\u00a0\u00bb] [spb_text_block animation=\u00a0\u00bbnone\u00a0\u00bb animation_delay=\u00a0\u00bb0&Prime; simplified_controls=\u00a0\u00bbyes\u00a0\u00bb custom_css_percentage=\u00a0\u00bbno\u00a0\u00bb padding_vertical=\u00a0\u00bb0&Prime; padding_horizontal=\u00a0\u00bb0&Prime; margin_vertical=\u00a0\u00bb0&Prime; custom_css=\u00a0\u00bbmargin-top: 0px;margin-bottom: 0px;\u00a0\u00bb border_size=\u00a0\u00bb0&Prime; border_styling_global=\u00a0\u00bbdefault\u00a0\u00bb width=\u00a0\u00bb1\/1&Prime; el_position=\u00a0\u00bbfirst last\u00a0\u00bb]\n<p>Si \u00e0 cause d&rsquo;une maladie ou blessure il faut vous d\u00e9placer imm\u00e9diatement\u00a0\u00e0 un autre h\u00f4pital ou \u00e9tablissement de soins m\u00e9dicaux, cette indemnit\u00e9 couvrira les services d&rsquo;ambulance a\u00e9rien et\/ou terrestre de m\u00eame que l&rsquo;\u00e9vacuation d&rsquo;un endroit isol\u00e9 \u00e0 votre province ou territoire de r\u00e9sidence.<\/p>\n[\/spb_text_block] [\/spb_accordion_tab] [spb_accordion_tab title=\u00a0\u00bbFrais dentaires d&rsquo;urgence\u00a0\u00bb accordion_id=\u00a0\u00bbfrais-dentaires-d-urgence\u00a0\u00bb icon=\u00a0\u00bb\u00a0\u00bb] [spb_text_block animation=\u00a0\u00bbnone\u00a0\u00bb animation_delay=\u00a0\u00bb0&Prime; simplified_controls=\u00a0\u00bbyes\u00a0\u00bb custom_css_percentage=\u00a0\u00bbno\u00a0\u00bb padding_vertical=\u00a0\u00bb0&Prime; padding_horizontal=\u00a0\u00bb0&Prime; margin_vertical=\u00a0\u00bb0&Prime; custom_css=\u00a0\u00bbmargin-top: 0px;margin-bottom: 0px;\u00a0\u00bb border_size=\u00a0\u00bb0&Prime; border_styling_global=\u00a0\u00bbdefault\u00a0\u00bb width=\u00a0\u00bb1\/1&Prime; el_position=\u00a0\u00bbfirst last\u00a0\u00bb]\n<p>Si vous subissez une blessure impr\u00e9vue\u00a0\u00e0 la bouche et\/ou \u00e0 la t\u00eate pendant votre voyage et\u00a0n\u00e9cessitez des soins dentaires d&rsquo;urgence, cette indemnit\u00e9 aide \u00e0 couvrir les frais de l\u2019urgence initiale et les frais du traitement de suivi une fois retourn\u00e9 chez vous.<\/p>\n[\/spb_text_block] [\/spb_accordion_tab] [spb_accordion_tab title=\u00a0\u00bbServices param\u00e9dicaux d&rsquo;urgence\u00a0\u00bb accordion_id=\u00a0\u00bbservices-param-dicaux-d-urgence\u00a0\u00bb icon=\u00a0\u00bb\u00a0\u00bb] [spb_text_block animation=\u00a0\u00bbnone\u00a0\u00bb animation_delay=\u00a0\u00bb0&Prime; simplified_controls=\u00a0\u00bbyes\u00a0\u00bb custom_css_percentage=\u00a0\u00bbno\u00a0\u00bb padding_vertical=\u00a0\u00bb0&Prime; padding_horizontal=\u00a0\u00bb0&Prime; margin_vertical=\u00a0\u00bb0&Prime; custom_css=\u00a0\u00bbmargin-top: 0px;margin-bottom: 0px;\u00a0\u00bb border_size=\u00a0\u00bb0&Prime; border_styling_global=\u00a0\u00bbdefault\u00a0\u00bb width=\u00a0\u00bb1\/1&Prime; el_position=\u00a0\u00bbfirst last\u00a0\u00bb]\n<p>S&rsquo;il vous arrive une urgence m\u00e9dicale impr\u00e9vue pendant votre voyage, cette indemnit\u00e9 aide \u00e0 d\u00e9frayer les frais d&rsquo;un chiropraticien, chiropodiatre, physioth\u00e9rapeute, ost\u00e9opathe ou podiatre.<\/p>\n[\/spb_text_block] [\/spb_accordion_tab] [spb_accordion_tab title=\u00a0\u00bbVisite au chevet\u00a0\u00bb accordion_id=\u00a0\u00bbvisite-au-chevet\u00a0\u00bb icon=\u00a0\u00bb\u00a0\u00bb] [spb_text_block animation=\u00a0\u00bbnone\u00a0\u00bb animation_delay=\u00a0\u00bb0&Prime; simplified_controls=\u00a0\u00bbyes\u00a0\u00bb custom_css_percentage=\u00a0\u00bbno\u00a0\u00bb padding_vertical=\u00a0\u00bb0&Prime; padding_horizontal=\u00a0\u00bb0&Prime; margin_vertical=\u00a0\u00bb0&Prime; custom_css=\u00a0\u00bbmargin-top: 0px;margin-bottom: 0px;\u00a0\u00bb border_size=\u00a0\u00bb0&Prime; border_styling_global=\u00a0\u00bbdefault\u00a0\u00bb width=\u00a0\u00bb1\/1&Prime; el_position=\u00a0\u00bbfirst last\u00a0\u00bb]\n<p>Si vous \u00eates\u00a0hospitalis\u00e9 \u00e0 cause \u00e0 une maladie ou blessure d&rsquo;urgence\u00a0pendant votre voyage,\u00a0votre m\u00e9decin\u00a0pourrait recommander la visite d&rsquo;un membre de la parent\u00e9 ou d&rsquo;un\u00a0ami \u00e0 votre chevet.\u00a0 Cette indemnit\u00e9 aide \u00e0 couvrir les frais de faire venir cette personne\u00a0\u00e0 votre chevet et les frais d&rsquo;h\u00e9bergement et repas\u00a0engag\u00e9s pendant son voyage.<\/p>\n[\/spb_text_block] [\/spb_accordion_tab] [spb_accordion_tab title=\u00a0\u00bbH\u00e9bergement et repas\u00a0\u00bb accordion_id=\u00a0\u00bbh-bergement-et-repas\u00a0\u00bb icon=\u00a0\u00bb\u00a0\u00bb] [spb_text_block animation=\u00a0\u00bbnone\u00a0\u00bb animation_delay=\u00a0\u00bb0&Prime; simplified_controls=\u00a0\u00bbyes\u00a0\u00bb custom_css_percentage=\u00a0\u00bbno\u00a0\u00bb padding_vertical=\u00a0\u00bb0&Prime; padding_horizontal=\u00a0\u00bb0&Prime; margin_vertical=\u00a0\u00bb0&Prime; custom_css=\u00a0\u00bbmargin-top: 0px;margin-bottom: 0px;\u00a0\u00bb border_size=\u00a0\u00bb0&Prime; border_styling_global=\u00a0\u00bbdefault\u00a0\u00bb width=\u00a0\u00bb1\/1&Prime; el_position=\u00a0\u00bbfirst last\u00a0\u00bb]\n<p>Cette indemnit\u00e9 vous b\u00e9n\u00e9ficie si votre itin\u00e9raire de voyage est tellement chang\u00e9 par un \u00e9v\u00e8nement impr\u00e9vu\u00a0qu&rsquo;il faut\u00a0prendre de nouvelles dispositions temporaires d&rsquo;h\u00e9bergement, et\/ou s&rsquo;il faut payer des frais impr\u00e9vus de repas et taxi.<\/p>\n[\/spb_text_block] [\/spb_accordion_tab] [spb_accordion_tab title=\u00a0\u00bbRapatriement de la d\u00e9pouille\u00a0\u00bb accordion_id=\u00a0\u00bbrapatriement-de-la-d-pouille\u00a0\u00bb icon=\u00a0\u00bb\u00a0\u00bb] [spb_text_block animation=\u00a0\u00bbnone\u00a0\u00bb animation_delay=\u00a0\u00bb0&Prime; simplified_controls=\u00a0\u00bbyes\u00a0\u00bb custom_css_percentage=\u00a0\u00bbno\u00a0\u00bb padding_vertical=\u00a0\u00bb0&Prime; padding_horizontal=\u00a0\u00bb0&Prime; margin_vertical=\u00a0\u00bb0&Prime; custom_css=\u00a0\u00bbmargin-top: 0px;margin-bottom: 0px;\u00a0\u00bb border_size=\u00a0\u00bb0&Prime; border_styling_global=\u00a0\u00bbdefault\u00a0\u00bb width=\u00a0\u00bb1\/1&Prime; el_position=\u00a0\u00bbfirst last\u00a0\u00bb]\n<p>En cas de votre d\u00e9c\u00e8s\u00a0pendant le voyage, cette indemnit\u00e9 aiderait \u00e0 couvrir les co\u00fbts de retourner votre d\u00e9pouille \u00e0 votre pays d&rsquo;origine ou d&rsquo;incin\u00e9rer ou inhumer votre d\u00e9pouille au lieu du d\u00e9c\u00e8s.<\/p>\n[\/spb_text_block] [\/spb_accordion_tab] [spb_accordion_tab title=\u00a0\u00bbIdentification de la d\u00e9pouills\u00a0\u00bb accordion_id=\u00a0\u00bbidentification-de-la-d-pouills\u00a0\u00bb icon=\u00a0\u00bb\u00a0\u00bb] [spb_text_block animation=\u00a0\u00bbnone\u00a0\u00bb animation_delay=\u00a0\u00bb0&Prime; simplified_controls=\u00a0\u00bbyes\u00a0\u00bb custom_css_percentage=\u00a0\u00bbno\u00a0\u00bb padding_vertical=\u00a0\u00bb0&Prime; padding_horizontal=\u00a0\u00bb0&Prime; margin_vertical=\u00a0\u00bb0&Prime; custom_css=\u00a0\u00bbmargin-top: 0px;margin-bottom: 0px;\u00a0\u00bb border_size=\u00a0\u00bb0&Prime; border_styling_global=\u00a0\u00bbdefault\u00a0\u00bb width=\u00a0\u00bb1\/1&Prime; el_position=\u00a0\u00bbfirst last\u00a0\u00bb]\n<p>En cas de votre d\u00e9c\u00e8s pendant le voyage, si la loi exige que\u00a0quelqu&rsquo;un vienne identifier votre d\u00e9pouille, cette indemnit\u00e9 lui couvrirait les co\u00fbts de transport et lui rembourserait les frais d&rsquo;h\u00e9bergement et repas,\u00a0jusqu&rsquo;au montant pr\u00e9cis\u00e9 dans la police.<\/p>\n[\/spb_text_block] [\/spb_accordion_tab] [spb_accordion_tab title=\u00a0\u00bbRetour du v\u00e9hicule\u00a0\u00bb accordion_id=\u00a0\u00bbretour-du-v-hicule\u00a0\u00bb icon=\u00a0\u00bb\u00a0\u00bb] [spb_text_block animation=\u00a0\u00bbnone\u00a0\u00bb animation_delay=\u00a0\u00bb0&Prime; simplified_controls=\u00a0\u00bbyes\u00a0\u00bb custom_css_percentage=\u00a0\u00bbno\u00a0\u00bb padding_vertical=\u00a0\u00bb0&Prime; padding_horizontal=\u00a0\u00bb0&Prime; margin_vertical=\u00a0\u00bb0&Prime; custom_css=\u00a0\u00bbmargin-top: 0px;margin-bottom: 0px;\u00a0\u00bb border_size=\u00a0\u00bb0&Prime; border_styling_global=\u00a0\u00bbdefault\u00a0\u00bb width=\u00a0\u00bb1\/1&Prime; el_position=\u00a0\u00bbfirst last\u00a0\u00bb]\n<p>Si vous retournez \u00e0 votre province\/territoire de r\u00e9sidence afin de subir de soins m\u00e9dicaux d&rsquo;urgence \u00e0 cause d&rsquo;une maladie ou blessure, cette indemnit\u00e9 aide \u00e0 couvrir le co\u00fbt de retourner votre v\u00e9hicule priv\u00e9 \u00e0 votre domicile ou votre v\u00e9hicule lou\u00e9 \u00e0 l&rsquo;agence de location appropri\u00e9e.<\/p>\n[\/spb_text_block] [\/spb_accordion_tab] [spb_accordion_tab title=\u00a0\u00bbAssistance en voyage\u00a0\u00bb accordion_id=\u00a0\u00bbassistance-en-voyage\u00a0\u00bb icon=\u00a0\u00bb\u00a0\u00bb] [spb_text_block animation=\u00a0\u00bbnone\u00a0\u00bb animation_delay=\u00a0\u00bb0&Prime; simplified_controls=\u00a0\u00bbyes\u00a0\u00bb custom_css_percentage=\u00a0\u00bbno\u00a0\u00bb padding_vertical=\u00a0\u00bb0&Prime; padding_horizontal=\u00a0\u00bb0&Prime; margin_vertical=\u00a0\u00bb0&Prime; custom_css=\u00a0\u00bbmargin-top: 0px;margin-bottom: 0px;\u00a0\u00bb border_size=\u00a0\u00bb0&Prime; border_styling_global=\u00a0\u00bbdefault\u00a0\u00bb width=\u00a0\u00bb1\/1&Prime; el_position=\u00a0\u00bbfirst last\u00a0\u00bb]\n<p>Vous faut-il trouver\u00a0l&rsquo;aide m\u00e9dicale d&rsquo;urgence,\u00a0remplacer un passeport perdu, arranger un vol d&rsquo;urgence\u00a0chez vous, r\u00e9p\u00e9rer les restaurants du voisinage de votre h\u00f4tel?\u00a0 Notre \u00e9quipe multi-lingue d&rsquo;experts de voyage\u00a0fournit des services d&rsquo;assistance en voyage et de conciergerie\u00a024 h sur 24, 7 j sur 7.<\/p>\n[\/spb_text_block] [\/spb_accordion_tab] [\/spb_accordion] [spb_blank_spacer height=\u00a0\u00bb30px\u00a0\u00bb responsive_vis=\u00a0\u00bbhidden-lg_hidden-md_hidden-sm\u00a0\u00bb width=\u00a0\u00bb1\/1&Prime; el_position=\u00a0\u00bbfirst last\u00a0\u00bb] [spb_text_block animation=\u00a0\u00bbnone\u00a0\u00bb animation_delay=\u00a0\u00bb0&Prime; simplified_controls=\u00a0\u00bbyes\u00a0\u00bb custom_css_percentage=\u00a0\u00bbno\u00a0\u00bb padding_vertical=\u00a0\u00bb0&Prime; padding_horizontal=\u00a0\u00bb0&Prime; margin_vertical=\u00a0\u00bb0&Prime; custom_css=\u00a0\u00bbmargin-top: 0px;margin-bottom: 0px;\u00a0\u00bb border_size=\u00a0\u00bb0&Prime; border_styling_global=\u00a0\u00bbdefault\u00a0\u00bb width=\u00a0\u00bb1\/1&Prime; el_position=\u00a0\u00bbfirst last\u00a0\u00bb]\n<p>Ici on ne\u00a0pr\u00e9sente qu&rsquo;un bref aper\u00e7u de la couverture. Veuillez consulter la <a href=\"https:\/\/www.getreliable.com\/direct\/pub\/eocdisp.aspx?p=2500159&amp;l=1\">police<\/a> pour le d\u00e9tail complet des indemnit\u00e9s, exclusions, limitations, modalit\u00e9s et conditions.<\/p>\n[\/spb_text_block] [\/spb_row] [spb_blank_spacer height=\u00a0\u00bb30px\u00a0\u00bb width=\u00a0\u00bb1\/1&Prime; el_position=\u00a0\u00bbfirst last\u00a0\u00bb] [spb_text_block animation=\u00a0\u00bbnone\u00a0\u00bb animation_delay=\u00a0\u00bb0&Prime; simplified_controls=\u00a0\u00bbyes\u00a0\u00bb custom_css_percentage=\u00a0\u00bbno\u00a0\u00bb padding_vertical=\u00a0\u00bb0&Prime; padding_horizontal=\u00a0\u00bb0&Prime; margin_vertical=\u00a0\u00bb0&Prime; custom_css=\u00a0\u00bbmargin-top: 0px;margin-bottom: 0px;\u00a0\u00bb border_size=\u00a0\u00bb0&Prime; border_styling_global=\u00a0\u00bbdefault\u00a0\u00bb width=\u00a0\u00bb1\/1&Prime; el_position=\u00a0\u00bbfirst last\u00a0\u00bb]\n<p><a href=\"http:\/\/goavectips.com\/contact\">Contactez-nous pour\u00a0plus d&rsquo;infos.<\/a><\/p>\n[\/spb_text_block] [spb_blank_spacer height=\u00a0\u00bb30px\u00a0\u00bb width=\u00a0\u00bb1\/1&Prime; el_position=\u00a0\u00bbfirst last\u00a0\u00bb]\n","protected":false},"excerpt":{"rendered":"<p>[spb_row element_name=\u00a0\u00bbRow\u00a0\u00bb wrap_type=\u00a0\u00bbcontent-width\u00a0\u00bb row_bg_type=\u00a0\u00bbcolor\u00a0\u00bb row_bg_color=\u00a0\u00bb#ffffff\u00a0\u00bb bg_type=\u00a0\u00bbcover\u00a0\u00bb parallax_image_height=\u00a0\u00bbcontent-height\u00a0\u00bb parallax_image_movement=\u00a0\u00bbfixed\u00a0\u00bb parallax_image_speed=\u00a0\u00bb0.5&Prime; bg_video_loop=\u00a0\u00bbyes\u00a0\u00bb parallax_video_height=\u00a0\u00bbwindow-height\u00a0\u00bb parallax_video_overlay=\u00a0\u00bbnone\u00a0\u00bb row_overlay_opacity=\u00a0\u00bb0&Prime; remove_element_spacing=\u00a0\u00bbno\u00a0\u00bb row_col_pos=\u00a0\u00bbdefault\u00a0\u00bb width=\u00a0\u00bb1\/1&Prime; el_position=\u00a0\u00bbfirst last\u00a0\u00bb] [spb_text_block animation=\u00a0\u00bbnone\u00a0\u00bb animation_delay=\u00a0\u00bb0&Prime; simplified_controls=\u00a0\u00bbyes\u00a0\u00bb custom_css_percentage=\u00a0\u00bbno\u00a0\u00bb padding_vertical=\u00a0\u00bb0&Prime; padding_horizontal=\u00a0\u00bb0&Prime; margin_vertical=\u00a0\u00bb0&Prime; custom_css=\u00a0\u00bbmargin-top: 0px;margin-bottom: 0px;\u00a0\u00bb border_size=\u00a0\u00bb0&Prime; border_styling_global=\u00a0\u00bbdefault\u00a0\u00bb width=\u00a0\u00bb1\/1&Prime; el_position=\u00a0\u00bbfirst last\u00a0\u00bb] L&rsquo;assurance m\u00e9dicale d\u2019urgence en voyage [\/spb_text_block] [spb_text_block animation=\u00a0\u00bbnone\u00a0\u00bb animation_delay=\u00a0\u00bb0&Prime; simplified_controls=\u00a0\u00bbyes\u00a0\u00bb custom_css_percentage=\u00a0\u00bbno\u00a0\u00bb padding_vertical=\u00a0\u00bb0&Prime; padding_horizontal=\u00a0\u00bb0&Prime; margin_vertical=\u00a0\u00bb0&Prime; custom_css=\u00a0\u00bbmargin-top: 0px;margin-bottom: 0px;\u00a0\u00bb border_size=\u00a0\u00bb0&Prime; border_styling_global=\u00a0\u00bbdefault\u00a0\u00bb el_class=\u00a0\u00bbmb0 pb0&Prime; width=\u00a0\u00bb1\/1&Prime; el_position=\u00a0\u00bbfirst last\u00a0\u00bb] Y a-t-il [&hellip;]<\/p>\n","protected":false},"author":1,"featured_media":0,"parent":13354,"menu_order":0,"comment_status":"open","ping_status":"closed","template":"","meta":{"om_disable_all_campaigns":false,"_monsterinsights_skip_tracking":false,"_monsterinsights_sitenote_active":false,"_monsterinsights_sitenote_note":"","_monsterinsights_sitenote_category":0,"_uf_show_specific_survey":0,"_uf_disable_surveys":false,"footnotes":""},"class_list":["post-13361","page","type-page","status-publish","hentry"],"aioseo_notices":[],"_links":{"self":[{"href":"https:\/\/gowithtips.com\/fr\/wp-json\/wp\/v2\/pages\/13361","targetHints":{"allow":["GET"]}}],"collection":[{"href":"https:\/\/gowithtips.com\/fr\/wp-json\/wp\/v2\/pages"}],"about":[{"href":"https:\/\/gowithtips.com\/fr\/wp-json\/wp\/v2\/types\/page"}],"author":[{"embeddable":true,"href":"https:\/\/gowithtips.com\/fr\/wp-json\/wp\/v2\/users\/1"}],"replies":[{"embeddable":true,"href":"https:\/\/gowithtips.com\/fr\/wp-json\/wp\/v2\/comments?post=13361"}],"version-history":[{"count":6,"href":"https:\/\/gowithtips.com\/fr\/wp-json\/wp\/v2\/pages\/13361\/revisions"}],"predecessor-version":[{"id":13748,"href":"https:\/\/gowithtips.com\/fr\/wp-json\/wp\/v2\/pages\/13361\/revisions\/13748"}],"up":[{"embeddable":true,"href":"https:\/\/gowithtips.com\/fr\/wp-json\/wp\/v2\/pages\/13354"}],"wp:attachment":[{"href":"https:\/\/gowithtips.com\/fr\/wp-json\/wp\/v2\/media?parent=13361"}],"curies":[{"name":"wp","href":"https:\/\/api.w.org\/{rel}","templated":true}]}}