{"id":13356,"date":"2016-03-16T09:23:17","date_gmt":"2016-03-16T13:23:17","guid":{"rendered":"https:\/\/gowithtips.com\/products\/all-inclusive\/"},"modified":"2020-12-11T15:06:05","modified_gmt":"2020-12-11T20:06:05","slug":"assurance-tout-compris","status":"publish","type":"page","link":"https:\/\/gowithtips.com\/fr\/produits-2-2\/assurance-tout-compris\/","title":{"rendered":"All Inclusive"},"content":{"rendered":"[spb_row element_name=\u00a0\u00bbRow\u00a0\u00bb wrap_type=\u00a0\u00bbcontent-width\u00a0\u00bb row_bg_type=\u00a0\u00bbcolor\u00a0\u00bb row_bg_color=\u00a0\u00bb#ffffff\u00a0\u00bb bg_type=\u00a0\u00bbcover\u00a0\u00bb parallax_image_height=\u00a0\u00bbcontent-height\u00a0\u00bb parallax_image_movement=\u00a0\u00bbfixed\u00a0\u00bb parallax_image_speed=\u00a0\u00bb0.5&Prime; bg_video_loop=\u00a0\u00bbyes\u00a0\u00bb parallax_video_height=\u00a0\u00bbwindow-height\u00a0\u00bb parallax_video_overlay=\u00a0\u00bbnone\u00a0\u00bb row_overlay_opacity=\u00a0\u00bb0&Prime; remove_element_spacing=\u00a0\u00bbno\u00a0\u00bb row_col_pos=\u00a0\u00bbdefault\u00a0\u00bb width=\u00a0\u00bb1\/1&Prime; el_position=\u00a0\u00bbfirst last\u00a0\u00bb] [spb_text_block animation=\u00a0\u00bbnone\u00a0\u00bb animation_delay=\u00a0\u00bb0&Prime; simplified_controls=\u00a0\u00bbyes\u00a0\u00bb custom_css_percentage=\u00a0\u00bbno\u00a0\u00bb padding_vertical=\u00a0\u00bb0&Prime; padding_horizontal=\u00a0\u00bb0&Prime; margin_vertical=\u00a0\u00bb0&Prime; custom_css=\u00a0\u00bbmargin-top: 0px;margin-bottom: 0px;\u00a0\u00bb border_size=\u00a0\u00bb0&Prime; border_styling_global=\u00a0\u00bbdefault\u00a0\u00bb width=\u00a0\u00bb1\/1&Prime; el_position=\u00a0\u00bbfirst last\u00a0\u00bb]\n<h2>Assurance voyage Tout compris<\/h2>\n[\/spb_text_block] [spb_text_block animation=\u00a0\u00bbnone\u00a0\u00bb animation_delay=\u00a0\u00bb0&Prime; simplified_controls=\u00a0\u00bbyes\u00a0\u00bb custom_css_percentage=\u00a0\u00bbno\u00a0\u00bb padding_vertical=\u00a0\u00bb0&Prime; padding_horizontal=\u00a0\u00bb0&Prime; margin_vertical=\u00a0\u00bb0&Prime; custom_css=\u00a0\u00bbmargin-top: 0px;margin-bottom: 0px;\u00a0\u00bb border_size=\u00a0\u00bb0&Prime; border_styling_global=\u00a0\u00bbdefault\u00a0\u00bb el_class=\u00a0\u00bbmb0 pb0&Prime; width=\u00a0\u00bb1\/1&Prime; el_position=\u00a0\u00bbfirst last\u00a0\u00bb]\n<p>La vie abonde en\u00a0surprises \u2013 et c&rsquo;est rare qu&rsquo;on puisse s&rsquo;y pr\u00e9parer.\u00a0 C&rsquo;est pour cette raison que\u00a0les voyageurs pr\u00e9par\u00e9s choisissent le r\u00e9gime Tout compris &#8211; notre plan le plus complet!\u00a0 Toutes nos couvertures\u00a0vari\u00e9es y sont regroup\u00e9es en une seule police.\u00a0 Le voyageur est prot\u00e9g\u00e9 en cas d&rsquo;urgence m\u00e9dicale ou s&rsquo;il doit annuler, interrompre ou retarder son voyage.\u00a0 Et qu&rsquo;en est-il des bagages perdus,\u00a0endommag\u00e9s ou retard\u00e9s?\u00a0 Vous l&rsquo;avez d\u00e9vin\u00e9.\u00a0 Ceci de m\u00eame qu&rsquo;un tas d&rsquo;autres\u00a0\u00e9v\u00e8nements impr\u00e9vus sont compris dans la couverture de ce r\u00e9gime.<\/p>\n<p>Les choix sont :<br \/>\n<strong>Format voyage unique ou couverture annuelle<br \/>\nCouverture dans le Canada ou dans le monde entier<br \/>\nPolice r\u00e9guli\u00e8re ou Derni\u00e8re minu<\/strong><strong>te<\/strong><\/p>\n<p>&nbsp;<\/p>\n[\/spb_text_block] [\/spb_row] [spb_blank_spacer height=\u00a0\u00bb30px\u00a0\u00bb width=\u00a0\u00bb1\/1&Prime; el_position=\u00a0\u00bbfirst last\u00a0\u00bb] [spb_parallax parallax_type=\u00a0\u00bbimage\u00a0\u00bb bg_image=\u00a0\u00bb11927&Prime; bg_type=\u00a0\u00bbcover\u00a0\u00bb parallax_video_height=\u00a0\u00bbcontent-height\u00a0\u00bb parallax_video_overlay=\u00a0\u00bbnone\u00a0\u00bb parallax_image_height=\u00a0\u00bbcontent-height\u00a0\u00bb parallax_image_movement=\u00a0\u00bbfixed\u00a0\u00bb parallax_image_speed=\u00a0\u00bbstandard\u00a0\u00bb padding_horizontal=\u00a0\u00bb15&Prime; width=\u00a0\u00bb1\/1&Prime; el_position=\u00a0\u00bbfirst last\u00a0\u00bb]\n<p>&nbsp;<\/p>\n<p>&nbsp;<\/p>\n<p>&nbsp;<\/p>\n<p>&nbsp;<\/p>\n<p>&nbsp;<\/p>\n<p>&nbsp;<\/p>\n<p>&nbsp;<\/p>\n[\/spb_parallax] [spb_blank_spacer height=\u00a0\u00bb30px\u00a0\u00bb width=\u00a0\u00bb1\/1&Prime; el_position=\u00a0\u00bbfirst last\u00a0\u00bb] [spb_row element_name=\u00a0\u00bbRow\u00a0\u00bb wrap_type=\u00a0\u00bbcontent-width\u00a0\u00bb parallax_image_height=\u00a0\u00bbcontent-height\u00a0\u00bb parallax_image_movement=\u00a0\u00bbfixed\u00a0\u00bb parallax_image_speed=\u00a0\u00bb0.5&Prime; bg_video_loop=\u00a0\u00bbyes\u00a0\u00bb parallax_video_height=\u00a0\u00bbwindow-height\u00a0\u00bb parallax_video_overlay=\u00a0\u00bbnone\u00a0\u00bb row_overlay_opacity=\u00a0\u00bb0&Prime; row_col_pos=\u00a0\u00bbdefault\u00a0\u00bb width=\u00a0\u00bb1\/1&Prime; el_position=\u00a0\u00bbfirst last\u00a0\u00bb] [spb_text_block animation=\u00a0\u00bbnone\u00a0\u00bb animation_delay=\u00a0\u00bb0&Prime; simplified_controls=\u00a0\u00bbyes\u00a0\u00bb custom_css_percentage=\u00a0\u00bbno\u00a0\u00bb padding_vertical=\u00a0\u00bb0&Prime; padding_horizontal=\u00a0\u00bb0&Prime; margin_vertical=\u00a0\u00bb0&Prime; custom_css=\u00a0\u00bbmargin-top: 0px;margin-bottom: 0px;\u00a0\u00bb border_size=\u00a0\u00bb0&Prime; border_styling_global=\u00a0\u00bbdefault\u00a0\u00bb width=\u00a0\u00bb1\/1&Prime; el_position=\u00a0\u00bbfirst last\u00a0\u00bb]\n<h3>R\u00e9sum\u00e9 des indemnit\u00e9s :<\/h3>\n[\/spb_text_block] [spb_accordion width=\u00a0\u00bb1\/1&Prime; el_position=\u00a0\u00bbfirst last\u00a0\u00bb] [spb_accordion_tab title=\u00a0\u00bbFrais m\u00e9dicaux d&rsquo;urgence\u00a0\u00bb accordion_id=\u00a0\u00bbfrais-m-dicaux-d-urgence\u00a0\u00bb icon=\u00a0\u00bb\u00a0\u00bb] [spb_text_block animation=\u00a0\u00bbnone\u00a0\u00bb animation_delay=\u00a0\u00bb0&Prime; simplified_controls=\u00a0\u00bbyes\u00a0\u00bb custom_css_percentage=\u00a0\u00bbno\u00a0\u00bb padding_vertical=\u00a0\u00bb0&Prime; padding_horizontal=\u00a0\u00bb0&Prime; margin_vertical=\u00a0\u00bb0&Prime; custom_css=\u00a0\u00bbmargin-top: 0px;margin-bottom: 0px;\u00a0\u00bb border_size=\u00a0\u00bb0&Prime; border_styling_global=\u00a0\u00bbdefault\u00a0\u00bb width=\u00a0\u00bb1\/1&Prime; el_position=\u00a0\u00bbfirst last\u00a0\u00bb]\n<p>Imaginez si vous subissez une blessure ou\u00a0tombez malade \u00e0 l&rsquo;impr\u00e9vu pendant votre voyage.\u00a0 Cette indemnit\u00e9 vous couvre\u00a0les frais d&rsquo;hospitalisation et les frais m\u00e9dicaux d&rsquo;urgence qui en d\u00e9coulent.<\/p>\n<p>&nbsp;<\/p>\n[\/spb_text_block] [\/spb_accordion_tab] [spb_accordion_tab title=\u00a0\u00bbFrais dentaires d&rsquo;urgence\u00a0\u00bb accordion_id=\u00a0\u00bbfrais-dentaires-d-urgence\u00a0\u00bb icon=\u00a0\u00bb\u00a0\u00bb] [spb_text_block animation=\u00a0\u00bbnone\u00a0\u00bb animation_delay=\u00a0\u00bb0&Prime; simplified_controls=\u00a0\u00bbyes\u00a0\u00bb custom_css_percentage=\u00a0\u00bbno\u00a0\u00bb padding_vertical=\u00a0\u00bb0&Prime; padding_horizontal=\u00a0\u00bb0&Prime; margin_vertical=\u00a0\u00bb0&Prime; custom_css=\u00a0\u00bbmargin-top: 0px;margin-bottom: 0px;\u00a0\u00bb border_size=\u00a0\u00bb0&Prime; border_styling_global=\u00a0\u00bbdefault\u00a0\u00bb width=\u00a0\u00bb1\/1&Prime; el_position=\u00a0\u00bbfirst last\u00a0\u00bb]\n<p>Si vous subissez une blessure impr\u00e9vue\u00a0\u00e0 la bouche et\/ou \u00e0 la t\u00eate pendant votre voyage et\u00a0n\u00e9cessitez des soins dentaires d&rsquo;urgence, cette indemnit\u00e9\u00a0en couvre les frais et aide \u00e0 payer pour le suivi des soins lors du retour chez vous.<\/p>\n[\/spb_text_block] [\/spb_accordion_tab] [spb_accordion_tab title=\u00a0\u00bb\u00c9vacuation m\u00e9dicale et\/ou retour \u00e0 domicile\u00a0\u00bb accordion_id=\u00a0\u00bb-vacuation-m-dicale-et-ou-retour&#8212;domicile\u00a0\u00bb icon=\u00a0\u00bb\u00a0\u00bb] [spb_text_block animation=\u00a0\u00bbnone\u00a0\u00bb animation_delay=\u00a0\u00bb0&Prime; simplified_controls=\u00a0\u00bbyes\u00a0\u00bb custom_css_percentage=\u00a0\u00bbno\u00a0\u00bb padding_vertical=\u00a0\u00bb0&Prime; padding_horizontal=\u00a0\u00bb0&Prime; margin_vertical=\u00a0\u00bb0&Prime; custom_css=\u00a0\u00bbmargin-top: 0px;margin-bottom: 0px;\u00a0\u00bb border_size=\u00a0\u00bb0&Prime; border_styling_global=\u00a0\u00bbdefault\u00a0\u00bb width=\u00a0\u00bb1\/1&Prime; el_position=\u00a0\u00bbfirst last\u00a0\u00bb]\n<p>Cette indemnit\u00e9\u00a0vous couvre\u00a0s&rsquo;il faut\u00a0vous \u00e9vacuer ailleurs pour subir des soins m\u00e9dicaux d&rsquo;urgence, que ce soit \u00e0 l&rsquo;\u00e9tranger ou de retour \u00e0 votre province\/territoire de r\u00e9sidence.<\/p>\n<h4><\/h4>\n[\/spb_text_block] [\/spb_accordion_tab] [spb_accordion_tab title=\u00a0\u00bbAnnulation de voyage\u00a0\u00bb accordion_id=\u00a0\u00bbannulation-de-voyage\u00a0\u00bb icon=\u00a0\u00bb\u00a0\u00bb] [spb_text_block animation=\u00a0\u00bbnone\u00a0\u00bb animation_delay=\u00a0\u00bb0&Prime; simplified_controls=\u00a0\u00bbyes\u00a0\u00bb custom_css_percentage=\u00a0\u00bbno\u00a0\u00bb padding_vertical=\u00a0\u00bb0&Prime; padding_horizontal=\u00a0\u00bb0&Prime; margin_vertical=\u00a0\u00bb0&Prime; custom_css=\u00a0\u00bbmargin-top: 0px;margin-bottom: 0px;\u00a0\u00bb border_size=\u00a0\u00bb0&Prime; border_styling_global=\u00a0\u00bbdefault\u00a0\u00bb width=\u00a0\u00bb1\/1&Prime; el_position=\u00a0\u00bbfirst last\u00a0\u00bb]\n<p>Vous\u00a0faut-il annuler un voyage avant sa date de d\u00e9part \u00e0 cause d&rsquo;un impr\u00e9vu tel une blessure subie, le d\u00e9c\u00e8s soudain d&rsquo;un membre de la famille ou un changement d&rsquo;horaire qui vous fait manquer un vol tout \u00e0 fait?\u00a0 Cette indemnit\u00e9 vous rembourse le montant\u00a0non remboursable et non utilis\u00e9 que vous avez investi dans votre voyage.<\/p>\n[\/spb_text_block] [\/spb_accordion_tab] [spb_accordion_tab title=\u00a0\u00bbInterruption de voyage\u00a0\u00bb accordion_id=\u00a0\u00bbinterruption-de-voyage\u00a0\u00bb icon=\u00a0\u00bb\u00a0\u00bb] [spb_text_block animation=\u00a0\u00bbnone\u00a0\u00bb animation_delay=\u00a0\u00bb0&Prime; simplified_controls=\u00a0\u00bbyes\u00a0\u00bb custom_css_percentage=\u00a0\u00bbno\u00a0\u00bb padding_vertical=\u00a0\u00bb0&Prime; padding_horizontal=\u00a0\u00bb0&Prime; margin_vertical=\u00a0\u00bb0&Prime; custom_css=\u00a0\u00bbmargin-top: 0px;margin-bottom: 0px;\u00a0\u00bb border_size=\u00a0\u00bb0&Prime; border_styling_global=\u00a0\u00bbdefault\u00a0\u00bb width=\u00a0\u00bb1\/1&Prime; el_position=\u00a0\u00bbfirst last\u00a0\u00bb]\n<p>Cette indemnit\u00e9 vous couvre si vous devez interrompre\u00a0un voyage d\u00e9j\u00e0 commenc\u00e9 (\u00e0 la date de d\u00e9part ou apr\u00e8s)\u00a0\u00e0 cause d&rsquo;un impr\u00e9vu tel la maladie soudaine\u00a0de vous ou de votre compagnon de voyage, ou si des intemp\u00e9ries\u00a0retardent\u00a0un vol, occasionnant pour vous la\u00a0manque d&rsquo;une grande partie du voyage.<\/p>\n[\/spb_text_block] [\/spb_accordion_tab] [spb_accordion_tab title=\u00a0\u00bbRetard de voyage\u00a0\u00bb accordion_id=\u00a0\u00bbretard-de-voyage\u00a0\u00bb icon=\u00a0\u00bb\u00a0\u00bb] [spb_text_block animation=\u00a0\u00bbnone\u00a0\u00bb animation_delay=\u00a0\u00bb0&Prime; simplified_controls=\u00a0\u00bbyes\u00a0\u00bb custom_css_percentage=\u00a0\u00bbno\u00a0\u00bb padding_vertical=\u00a0\u00bb0&Prime; padding_horizontal=\u00a0\u00bb0&Prime; margin_vertical=\u00a0\u00bb0&Prime; custom_css=\u00a0\u00bbmargin-top: 0px;margin-bottom: 0px;\u00a0\u00bb border_size=\u00a0\u00bb0&Prime; border_styling_global=\u00a0\u00bbdefault\u00a0\u00bb width=\u00a0\u00bb1\/1&Prime; el_position=\u00a0\u00bbfirst last\u00a0\u00bb]\n<p>M\u00eame si votre voyage a des d\u00e9lais impr\u00e9vus,\u00a0vous pourriez d\u00e9cider de ratrapper votre itin\u00e9raire et jouir du restant du voyage.\u00a0 Voici un exemple.\u00a0 Vous ou votre compagnon de voyage arrivez\u00a0\u00e0 l&rsquo;a\u00e9roport en retard \u00e0 cause d&rsquo;une panne m\u00e9canique en route.\u00a0 Si vous\u00a0manquez votre vol en cons\u00e9quence, cette indemnit\u00e9 aide \u00e0 couvrir les frais suppl\u00e9mentaires factur\u00e9s par la ligne a\u00e9rienne pour de nouvelles dispositions de vol a\u00e9rien.<\/p>\n[\/spb_text_block] [\/spb_accordion_tab] [spb_accordion_tab title=\u00a0\u00bbH\u00e9bergement et repas\u00a0\u00bb accordion_id=\u00a0\u00bbh-bergement-et-repas\u00a0\u00bb icon=\u00a0\u00bb\u00a0\u00bb] [spb_text_block animation=\u00a0\u00bbnone\u00a0\u00bb animation_delay=\u00a0\u00bb0&Prime; simplified_controls=\u00a0\u00bbyes\u00a0\u00bb custom_css_percentage=\u00a0\u00bbno\u00a0\u00bb padding_vertical=\u00a0\u00bb0&Prime; padding_horizontal=\u00a0\u00bb0&Prime; margin_vertical=\u00a0\u00bb0&Prime; custom_css=\u00a0\u00bbmargin-top: 0px;margin-bottom: 0px;\u00a0\u00bb border_size=\u00a0\u00bb0&Prime; border_styling_global=\u00a0\u00bbdefault\u00a0\u00bb width=\u00a0\u00bb1\/1&Prime; el_position=\u00a0\u00bbfirst last\u00a0\u00bb]\n<p>Cette indemnit\u00e9 vous est b\u00e9n\u00e9fique si un impr\u00e9vu change tellement votre itin\u00e9raire que vous devez\u00a0engager de nouveaux frais pour h\u00e9bergement temporaire et\/ou repas et taxi.<\/p>\n[\/spb_text_block] [\/spb_accordion_tab] [spb_accordion_tab title=\u00a0\u00bbBagages perdus, vol\u00e9s ou endommag\u00e9s\u00a0\u00bb accordion_id=\u00a0\u00bbbagages-perdus&#8211;vol-s-ou-endommag-s\u00a0\u00bb icon=\u00a0\u00bb\u00a0\u00bb] [spb_text_block animation=\u00a0\u00bbnone\u00a0\u00bb animation_delay=\u00a0\u00bb0&Prime; simplified_controls=\u00a0\u00bbyes\u00a0\u00bb custom_css_percentage=\u00a0\u00bbno\u00a0\u00bb padding_vertical=\u00a0\u00bb0&Prime; padding_horizontal=\u00a0\u00bb0&Prime; margin_vertical=\u00a0\u00bb0&Prime; custom_css=\u00a0\u00bbmargin-top: 0px;margin-bottom: 0px;\u00a0\u00bb border_size=\u00a0\u00bb0&Prime; border_styling_global=\u00a0\u00bbdefault\u00a0\u00bb width=\u00a0\u00bb1\/1&Prime; el_position=\u00a0\u00bbfirst last\u00a0\u00bb]\n<p>Il y a de couverture\u00a0si vos bagages sont perdus, vol\u00e9s ou endommag\u00e9s pendant votre voyage.\u00a0 Un remboursement\u00a0est possible en cas de la perte, vol ou endommagement de votre\u00a0passeport, visa de voyage, certificat de naissance et\/ou permis de conduire.<\/p>\n[\/spb_text_block] [\/spb_accordion_tab] [spb_accordion_tab title=\u00a0\u00bbArgent personnel\u00a0\u00bb accordion_id=\u00a0\u00bbargent-personnel\u00a0\u00bb icon=\u00a0\u00bb\u00a0\u00bb] [spb_text_block animation=\u00a0\u00bbnone\u00a0\u00bb animation_delay=\u00a0\u00bb0&Prime; simplified_controls=\u00a0\u00bbyes\u00a0\u00bb custom_css_percentage=\u00a0\u00bbno\u00a0\u00bb padding_vertical=\u00a0\u00bb0&Prime; padding_horizontal=\u00a0\u00bb0&Prime; margin_vertical=\u00a0\u00bb0&Prime; custom_css=\u00a0\u00bbmargin-top: 0px;margin-bottom: 0px;\u00a0\u00bb border_size=\u00a0\u00bb0&Prime; border_styling_global=\u00a0\u00bbdefault\u00a0\u00bb width=\u00a0\u00bb1\/1&Prime; el_position=\u00a0\u00bbfirst last\u00a0\u00bb]\n<p>Couvre la perte ou vol pendant le voyage de\u00a0votre argent,\u00a0ch\u00e8ques de voyage,\u00a0billets de voyage ou\u00a0bons pr\u00e9-pay\u00e9s,\u00a0jusqu&rsquo;\u00e0 concurrence de 100 $.<\/p>\n[\/spb_text_block] [\/spb_accordion_tab] [spb_accordion_tab title=\u00a0\u00bbAccident de voyage\u00a0\u00bb accordion_id=\u00a0\u00bbaccident-de-voyage\u00a0\u00bb icon=\u00a0\u00bb\u00a0\u00bb] [spb_text_block animation=\u00a0\u00bbnone\u00a0\u00bb animation_delay=\u00a0\u00bb0&Prime; simplified_controls=\u00a0\u00bbyes\u00a0\u00bb custom_css_percentage=\u00a0\u00bbno\u00a0\u00bb padding_vertical=\u00a0\u00bb0&Prime; padding_horizontal=\u00a0\u00bb0&Prime; margin_vertical=\u00a0\u00bb0&Prime; custom_css=\u00a0\u00bbmargin-top: 0px;margin-bottom: 0px;\u00a0\u00bb border_size=\u00a0\u00bb0&Prime; border_styling_global=\u00a0\u00bbdefault\u00a0\u00bb width=\u00a0\u00bb1\/1&Prime; el_position=\u00a0\u00bbfirst last\u00a0\u00bb]\n<p>Vous avez une\u00a0couverture si vous subissez une blessure grave ou mortelle en voyage, y compris les blessures d\u00e9coulant d&rsquo;un accident de vol a\u00e9rien.<\/p>\n[\/spb_text_block] [\/spb_accordion_tab] [spb_accordion_tab title=\u00a0\u00bbAssistance en voyage\u00a0\u00bb accordion_id=\u00a0\u00bbassistance-en-voyage\u00a0\u00bb icon=\u00a0\u00bb\u00a0\u00bb] [spb_text_block animation=\u00a0\u00bbnone\u00a0\u00bb animation_delay=\u00a0\u00bb0&Prime; simplified_controls=\u00a0\u00bbyes\u00a0\u00bb custom_css_percentage=\u00a0\u00bbno\u00a0\u00bb padding_vertical=\u00a0\u00bb0&Prime; padding_horizontal=\u00a0\u00bb0&Prime; margin_vertical=\u00a0\u00bb0&Prime; custom_css=\u00a0\u00bbmargin-top: 0px;margin-bottom: 0px;\u00a0\u00bb border_size=\u00a0\u00bb0&Prime; border_styling_global=\u00a0\u00bbdefault\u00a0\u00bb width=\u00a0\u00bb1\/1&Prime; el_position=\u00a0\u00bbfirst last\u00a0\u00bb]\n<p>Vous faut-il trouver de l&rsquo;aide m\u00e9dicale d&rsquo;urgence,\u00a0remplacer un passeport perdu, arranger un vol d&rsquo;urgence\u00a0chez vous, r\u00e9p\u00e9rer les restaurants du voisinage de votre h\u00f4tel?\u00a0 Notre \u00e9quipe multi-lingue d&rsquo;experts de voyage\u00a0fournit des services d&rsquo;assistance en voyage et de conciergerie\u00a024 h sur 24, 7 j sur 7.<\/p>\n<p>&nbsp;<\/p>\n[\/spb_text_block] [\/spb_accordion_tab] [\/spb_accordion] [spb_blank_spacer height=\u00a0\u00bb30px\u00a0\u00bb responsive_vis=\u00a0\u00bbhidden-lg_hidden-md_hidden-sm\u00a0\u00bb width=\u00a0\u00bb1\/1&Prime; el_position=\u00a0\u00bbfirst last\u00a0\u00bb] [spb_text_block animation=\u00a0\u00bbnone\u00a0\u00bb animation_delay=\u00a0\u00bb0&Prime; simplified_controls=\u00a0\u00bbyes\u00a0\u00bb custom_css_percentage=\u00a0\u00bbno\u00a0\u00bb padding_vertical=\u00a0\u00bb0&Prime; padding_horizontal=\u00a0\u00bb0&Prime; margin_vertical=\u00a0\u00bb0&Prime; custom_css=\u00a0\u00bbmargin-top: 0px;margin-bottom: 0px;\u00a0\u00bb border_size=\u00a0\u00bb0&Prime; border_styling_global=\u00a0\u00bbdefault\u00a0\u00bb width=\u00a0\u00bb1\/1&Prime; el_position=\u00a0\u00bbfirst last\u00a0\u00bb]\n<p>Ici on ne\u00a0pr\u00e9sente qu&rsquo;un bref aper\u00e7u de la couverture. Veuillez consulter la <a href=\"https:\/\/www.getreliable.com\/direct\/pub\/eocdisp.aspx?p=2501156&amp;l=1\">police<\/a> pour le d\u00e9tail complet des indemnit\u00e9s, exclusions, limitations, modalit\u00e9s et conditions.<\/p>\n[\/spb_text_block] [\/spb_row] [spb_row element_name=\u00a0\u00bbRow\u00a0\u00bb wrap_type=\u00a0\u00bbcontent-width\u00a0\u00bb parallax_image_height=\u00a0\u00bbcontent-height\u00a0\u00bb parallax_image_movement=\u00a0\u00bbfixed\u00a0\u00bb parallax_image_speed=\u00a0\u00bb0.5&Prime; bg_video_loop=\u00a0\u00bbyes\u00a0\u00bb parallax_video_height=\u00a0\u00bbwindow-height\u00a0\u00bb parallax_video_overlay=\u00a0\u00bbnone\u00a0\u00bb row_overlay_opacity=\u00a0\u00bb0&Prime; row_col_pos=\u00a0\u00bbdefault\u00a0\u00bb width=\u00a0\u00bb1\/1&Prime; el_position=\u00a0\u00bbfirst last\u00a0\u00bb] [spb_blank_spacer height=\u00a0\u00bb30px\u00a0\u00bb width=\u00a0\u00bb1\/1&Prime; el_position=\u00a0\u00bbfirst last\u00a0\u00bb] [spb_text_block animation=\u00a0\u00bbnone\u00a0\u00bb animation_delay=\u00a0\u00bb0&Prime; simplified_controls=\u00a0\u00bbyes\u00a0\u00bb custom_css_percentage=\u00a0\u00bbno\u00a0\u00bb padding_vertical=\u00a0\u00bb0&Prime; padding_horizontal=\u00a0\u00bb0&Prime; margin_vertical=\u00a0\u00bb0&Prime; custom_css=\u00a0\u00bbmargin-top: 0px;margin-bottom: 0px;\u00a0\u00bb border_size=\u00a0\u00bb0&Prime; border_styling_global=\u00a0\u00bbdefault\u00a0\u00bb width=\u00a0\u00bb1\/1&Prime; el_position=\u00a0\u00bbfirst last\u00a0\u00bb]\n<p><a href=\"http:\/\/goavectips.com\/contact\">Contactez-nous pour\u00a0en savoir plus.<\/a><\/p>\n[\/spb_text_block] [spb_blank_spacer height=\u00a0\u00bb30px\u00a0\u00bb width=\u00a0\u00bb1\/1&Prime; el_position=\u00a0\u00bbfirst last\u00a0\u00bb] [\/spb_row]\n","protected":false},"excerpt":{"rendered":"<p>[spb_row element_name=\u00a0\u00bbRow\u00a0\u00bb wrap_type=\u00a0\u00bbcontent-width\u00a0\u00bb row_bg_type=\u00a0\u00bbcolor\u00a0\u00bb row_bg_color=\u00a0\u00bb#ffffff\u00a0\u00bb bg_type=\u00a0\u00bbcover\u00a0\u00bb parallax_image_height=\u00a0\u00bbcontent-height\u00a0\u00bb parallax_image_movement=\u00a0\u00bbfixed\u00a0\u00bb parallax_image_speed=\u00a0\u00bb0.5&Prime; bg_video_loop=\u00a0\u00bbyes\u00a0\u00bb parallax_video_height=\u00a0\u00bbwindow-height\u00a0\u00bb parallax_video_overlay=\u00a0\u00bbnone\u00a0\u00bb row_overlay_opacity=\u00a0\u00bb0&Prime; remove_element_spacing=\u00a0\u00bbno\u00a0\u00bb row_col_pos=\u00a0\u00bbdefault\u00a0\u00bb width=\u00a0\u00bb1\/1&Prime; el_position=\u00a0\u00bbfirst last\u00a0\u00bb] [spb_text_block animation=\u00a0\u00bbnone\u00a0\u00bb animation_delay=\u00a0\u00bb0&Prime; simplified_controls=\u00a0\u00bbyes\u00a0\u00bb custom_css_percentage=\u00a0\u00bbno\u00a0\u00bb padding_vertical=\u00a0\u00bb0&Prime; padding_horizontal=\u00a0\u00bb0&Prime; margin_vertical=\u00a0\u00bb0&Prime; custom_css=\u00a0\u00bbmargin-top: 0px;margin-bottom: 0px;\u00a0\u00bb border_size=\u00a0\u00bb0&Prime; border_styling_global=\u00a0\u00bbdefault\u00a0\u00bb width=\u00a0\u00bb1\/1&Prime; el_position=\u00a0\u00bbfirst last\u00a0\u00bb] Assurance voyage Tout compris [\/spb_text_block] [spb_text_block animation=\u00a0\u00bbnone\u00a0\u00bb animation_delay=\u00a0\u00bb0&Prime; simplified_controls=\u00a0\u00bbyes\u00a0\u00bb custom_css_percentage=\u00a0\u00bbno\u00a0\u00bb padding_vertical=\u00a0\u00bb0&Prime; padding_horizontal=\u00a0\u00bb0&Prime; margin_vertical=\u00a0\u00bb0&Prime; custom_css=\u00a0\u00bbmargin-top: 0px;margin-bottom: 0px;\u00a0\u00bb border_size=\u00a0\u00bb0&Prime; border_styling_global=\u00a0\u00bbdefault\u00a0\u00bb el_class=\u00a0\u00bbmb0 pb0&Prime; width=\u00a0\u00bb1\/1&Prime; el_position=\u00a0\u00bbfirst last\u00a0\u00bb] La vie abonde [&hellip;]<\/p>\n","protected":false},"author":1,"featured_media":0,"parent":13354,"menu_order":0,"comment_status":"open","ping_status":"closed","template":"","meta":{"om_disable_all_campaigns":false,"_monsterinsights_skip_tracking":false,"_monsterinsights_sitenote_active":false,"_monsterinsights_sitenote_note":"","_monsterinsights_sitenote_category":0,"_uf_show_specific_survey":0,"_uf_disable_surveys":false,"footnotes":""},"class_list":["post-13356","page","type-page","status-publish","hentry"],"aioseo_notices":[],"_links":{"self":[{"href":"https:\/\/gowithtips.com\/fr\/wp-json\/wp\/v2\/pages\/13356","targetHints":{"allow":["GET"]}}],"collection":[{"href":"https:\/\/gowithtips.com\/fr\/wp-json\/wp\/v2\/pages"}],"about":[{"href":"https:\/\/gowithtips.com\/fr\/wp-json\/wp\/v2\/types\/page"}],"author":[{"embeddable":true,"href":"https:\/\/gowithtips.com\/fr\/wp-json\/wp\/v2\/users\/1"}],"replies":[{"embeddable":true,"href":"https:\/\/gowithtips.com\/fr\/wp-json\/wp\/v2\/comments?post=13356"}],"version-history":[{"count":6,"href":"https:\/\/gowithtips.com\/fr\/wp-json\/wp\/v2\/pages\/13356\/revisions"}],"predecessor-version":[{"id":14323,"href":"https:\/\/gowithtips.com\/fr\/wp-json\/wp\/v2\/pages\/13356\/revisions\/14323"}],"up":[{"embeddable":true,"href":"https:\/\/gowithtips.com\/fr\/wp-json\/wp\/v2\/pages\/13354"}],"wp:attachment":[{"href":"https:\/\/gowithtips.com\/fr\/wp-json\/wp\/v2\/media?parent=13356"}],"curies":[{"name":"wp","href":"https:\/\/api.w.org\/{rel}","templated":true}]}}