{"id":13352,"date":"2016-03-22T08:31:02","date_gmt":"2016-03-22T12:31:02","guid":{"rendered":"https:\/\/gowithtips.com\/privacy-policy\/"},"modified":"2018-10-04T12:38:58","modified_gmt":"2018-10-04T16:38:58","slug":"politique-de-confidentialite","status":"publish","type":"page","link":"https:\/\/gowithtips.com\/fr\/politique-de-confidentialite\/","title":{"rendered":"Privacy Policy"},"content":{"rendered":"[spb_row element_name=\u00a0\u00bbRow\u00a0\u00bb wrap_type=\u00a0\u00bbcontent-width\u00a0\u00bb row_bg_type=\u00a0\u00bbcolor\u00a0\u00bb row_bg_color=\u00a0\u00bb#ffffff\u00a0\u00bb bg_type=\u00a0\u00bbcover\u00a0\u00bb parallax_image_height=\u00a0\u00bbcontent-height\u00a0\u00bb parallax_image_movement=\u00a0\u00bbfixed\u00a0\u00bb parallax_image_speed=\u00a0\u00bb0.5&Prime; bg_video_loop=\u00a0\u00bbyes\u00a0\u00bb parallax_video_height=\u00a0\u00bbwindow-height\u00a0\u00bb parallax_video_overlay=\u00a0\u00bbnone\u00a0\u00bb row_overlay_opacity=\u00a0\u00bb0&Prime; remove_element_spacing=\u00a0\u00bbno\u00a0\u00bb row_col_pos=\u00a0\u00bbdefault\u00a0\u00bb width=\u00a0\u00bb1\/1&Prime; el_position=\u00a0\u00bbfirst last\u00a0\u00bb] [spb_text_block animation=\u00a0\u00bbnone\u00a0\u00bb animation_delay=\u00a0\u00bb0&Prime; simplified_controls=\u00a0\u00bbyes\u00a0\u00bb custom_css_percentage=\u00a0\u00bbno\u00a0\u00bb padding_vertical=\u00a0\u00bb0&Prime; padding_horizontal=\u00a0\u00bb0&Prime; margin_vertical=\u00a0\u00bb0&Prime; custom_css=\u00a0\u00bbmargin-top: 0px;margin-bottom: 0px;\u00a0\u00bb border_size=\u00a0\u00bb0&Prime; border_styling_global=\u00a0\u00bbdefault\u00a0\u00bb width=\u00a0\u00bb1\/1&Prime; el_position=\u00a0\u00bbfirst last\u00a0\u00bb]\n<h1>Politique de confidentialit\u00e9<\/h1>\n[\/spb_text_block] [spb_text_block animation=\u00a0\u00bbnone\u00a0\u00bb animation_delay=\u00a0\u00bb0&Prime; simplified_controls=\u00a0\u00bbyes\u00a0\u00bb custom_css_percentage=\u00a0\u00bbno\u00a0\u00bb padding_vertical=\u00a0\u00bb0&Prime; padding_horizontal=\u00a0\u00bb0&Prime; margin_vertical=\u00a0\u00bb0&Prime; custom_css=\u00a0\u00bbmargin-top: 0px;margin-bottom: 0px;\u00a0\u00bb border_size=\u00a0\u00bb0&Prime; border_styling_global=\u00a0\u00bbdefault\u00a0\u00bb width=\u00a0\u00bb1\/1&Prime; el_position=\u00a0\u00bbfirst last\u00a0\u00bb]\n[\/spb_text_block] [spb_divider type=\u00a0\u00bbstandard\u00a0\u00bb text=\u00a0\u00bbGo to top\u00a0\u00bb top_margin=\u00a0\u00bb30px\u00a0\u00bb bottom_margin=\u00a0\u00bb60px\u00a0\u00bb fullwidth=\u00a0\u00bbno\u00a0\u00bb width=\u00a0\u00bb1\/1&Prime; el_position=\u00a0\u00bbfirst last\u00a0\u00bb] [spb_text_block animation=\u00a0\u00bbnone\u00a0\u00bb animation_delay=\u00a0\u00bb0&Prime; simplified_controls=\u00a0\u00bbyes\u00a0\u00bb custom_css_percentage=\u00a0\u00bbno\u00a0\u00bb padding_vertical=\u00a0\u00bb0&Prime; padding_horizontal=\u00a0\u00bb0&Prime; margin_vertical=\u00a0\u00bb0&Prime; custom_css=\u00a0\u00bbmargin-top: 0px;margin-bottom: 0px;\u00a0\u00bb border_size=\u00a0\u00bb0&Prime; border_styling_global=\u00a0\u00bbdefault\u00a0\u00bb el_class=\u00a0\u00bbmb0 pb0&Prime; width=\u00a0\u00bb1\/1&Prime; el_position=\u00a0\u00bbfirst last\u00a0\u00bb]\n<p><b>Nous nous engageons \u00e0 pr\u00f2t\u00e9ger votre droit \u00e0 la vie priv\u00e9e<\/b><\/p>\n<p><span style=\"font-weight: 400;\">La collecte de renseignements personnels vous concernant est essentielle si nous voulons vous offrir des produits et services de premi\u00e8re qualit\u00e9.\u00a0 Nous nous donnons de la\u00a0peine pour assurer la pr\u00e9cision, confidentiali\u00e9 et s\u00e9curit\u00e9 des renseignments personnels que nous recueillons de vous.<\/span><\/p>\n<p><span style=\"font-weight: 400;\">Nous avons \u00e9tabli une norme \u00e9lev\u00e9 quant \u00e0 la collecte, utilisation, divulgation et entreposage de renseignements personnels.\u00a0 Le Code de confidentialit\u00e9 de Old Republic, Compagnie d&rsquo;assurance du Canada compl\u00e9ments sa Politique de confidentialit\u00e9.<\/span><\/p>\n<p><span style=\"font-weight: 400;\">Si vous avez des questions sur la Politique de confidentialit\u00e9 ou le Code de confidentialit\u00e9 de Old Republic, Compagnie d&rsquo;assurance du Canada, veuillez vous adresser \u00e0 notre Officier de la confidentialit\u00e9 par t\u00e9l\u00e9phone au 1-800-530-5446 ou par courriel \u00e0\u00a0<\/span><a href=\"mailto:privacy@orican.com\"><span style=\"font-weight: 400;\">privacy@orican.com<\/span><\/a><span style=\"font-weight: 400;\">.<\/span><\/p>\n<p>Dans\u00a0ce document,<strong> vous, vos<\/strong>\u00a0et <strong>votre<\/strong> font r\u00e9f\u00e9rence \u00e0 un client ou client potentiel de Old Republic, Compagnie d&rsquo;assurance du Canada (Old Republic Canada) et <strong>nous, nos<\/strong>\u00a0et <strong>notre<\/strong> font r\u00e9f\u00e9rence \u00e0 Old Republic, Compagnie d&rsquo;assurance du Canada<\/p>\n<ol>\n<li><b>Prod\u00e9cure quant \u00e0 la\u00a0collecte, utilisation et divulgation de renseignements personnels <\/b><\/li>\n<\/ol>\n<p><b>Nous ne demandons que les renseignements dont nous avons besoin.<\/b><\/p>\n<p>Nous ne recueillons que les renseignements n\u00e9cessaires aux fins que nous vous pr\u00e9cisons.<\/p>\n<p><span style=\"font-weight: 400;\">Le dossier mont\u00e9 \u00e0 votre sujet sert \u00e0 founir les produits et services d&rsquo;assurance les plus\u00a0convenables selon notre estimation et \u00e0 y faire le suivi \u00e0 pr\u00e9sent et au cours de votre vie.<\/span><\/p>\n<p><span style=\"font-weight: 400;\">Nous ne vendons pas vos renseignements personnels.<\/span><\/p>\n<p><b>Pourquoi\u00a0recueillir les renseignements?<\/b><\/p>\n<p><span style=\"font-weight: 400;\">En g\u00e9n\u00e9ral, les renseignements personnels\u00a0nous aident \u00e0\u00a0 :<\/span><\/p>\n<ul>\n<li style=\"font-weight: 400;\"><span style=\"font-weight: 400;\">comprendre vos\u00a0besoins quant \u00e0\u00a0l&rsquo;assurance, <\/span><\/li>\n<li style=\"font-weight: 400;\"><span style=\"font-weight: 400;\">\u00e9tablir votre admissibilit\u00e9, <\/span><\/li>\n<li style=\"font-weight: 400;\"><span style=\"font-weight: 400;\">continuer \u00e0\u00a0offrir la gamme compl\u00e8te de produits et services que nous croyons convenables pour vos besoins \u00e9voluants et d&rsquo;en faire le suivi,<\/span><\/li>\n<li style=\"font-weight: 400;\"><span style=\"font-weight: 400;\">satisfaire aux exigences r\u00e9gulatrices ou contractuelles en connexion avec les services et produits fournis<\/span><\/li>\n<\/ul>\n<p><span style=\"font-weight: 400;\">Nous expliquerons dans une langue claire et simple les fins pour lesquelles nous receuillons les renseignements pour assurer que vous comprenez. <\/span><\/p>\n<p><b>Nous\u00a0obtiendrons votre\u00a0permission.<\/b><\/p>\n<p><span style=\"font-weight: 400;\">Nous\u00a0recueillons, utilisons ou\u00a0divulguons vos renseignements personnels seulement avec\u00a0votre\u00a0permission. <\/span><\/p>\n<p><span style=\"font-weight: 400;\">Votre\u00a0permission peut \u00eatre explicite (par un \u00e9crit) ou implicite et vous pouvez nous la donner verbalement, par voie \u00e9lectronique ou par l&rsquo;entiremises d&rsquo;un repr\u00e9sentant autoris\u00e9. <\/span><\/p>\n<p><span style=\"font-weight: 400;\">Vous avez le droit en tout moment de terminer la permission de recueillir, utiliser et divulguer vos renseignements personnels, sujet aux restrictions l\u00e9gales et contractuelles, et \u00e0 un pr\u00e9avis raisonnable.<\/span><\/p>\n<p><span style=\"font-weight: 400;\">L\u00e0 o\u00f9 vos renseignements m\u00e9dicaux sont recueillis ou divulgu\u00e9es, nous obtiendrons votre autorisation.<\/span><\/p>\n<p><span style=\"font-weight: 400;\">Avant de divulguer des renseignements aux tierces parties, autres qu&rsquo;un agent ou fournisseur de service qui en a besoin, nous vous en aviserons, en m\u00eame temps ou avant que nous les divulguons, qui sont les parties ou organismes destinataires, quels sont les renseignements partag\u00e9s et la raison de la divulgation.<\/span><\/p>\n<p><b>Nous\u00a0limitons la p\u00e9riode de maintien des renseignements.<\/b><\/p>\n<p><span style=\"font-weight: 400;\">Nous retenons vos renseignements personnels pour aussi longtemps que n\u00e9cessaire, y compris les mises \u00e0 jour du produit ou service telles que pr\u00e9vues par la loi.<\/span><\/p>\n<p><span style=\"font-weight: 400;\">Lorsqu&rsquo;il est temps de d\u00e9truire les renseignements personnels, nous l&rsquo;accomplissons \u00e0 moyens d&rsquo;une\u00a0proc\u00e9dure\u00a0s\u00e9curitaire qui ne permet pas l&rsquo;acc\u00e8s aux renseignements par des parties non autoris\u00e9es.<\/span><\/p>\n<ol start=\"2\">\n<li><b> Nous prot\u00e8geons vos renseignements personnels<\/b><\/li>\n<\/ol>\n<p><b>Nous y sommes responsables.<\/b><\/p>\n<p><span style=\"font-weight: 400;\">Tous les renseignements personnels que nous poss\u00e9dons\u00a0sont sous notre responsabilit\u00e9; y compris les renseignements transf\u00e9r\u00e9s d&rsquo;un fournisseur ou agent\u00a0tierce partie\u00a0dans le but de l&rsquo;obtention d&rsquo;un produit ou service.<\/span><\/p>\n<p><span style=\"font-weight: 400;\">Tous les employ\u00e9s, agents et fournisseurs autoris\u00e9s de service de Old Republic Canada sont tenus de prot\u00e9ger la confidentialit\u00e9 de vos renseignements personnels.<\/span><\/p>\n<p><b>Nos dispositions quant \u00e0 la protection de renseignements.<\/b><\/p>\n<p><span style=\"font-weight: 400;\">L&rsquo;acc\u00e8s \u00e0 vos renseignements personnels est limit\u00e9 \u00e0 ceux qui en ont besoin afin d&rsquo;accomplir leurs t\u00e2ches, soit employ\u00e9s de Old Republic Canada, agents et fournisseurs\u00a0de service autoris\u00e9s.<\/span><\/p>\n<p><span style=\"font-weight: 400;\">Nous avons \u00e9tabli et sommes toujours \u00e0 am\u00e9liorer nos proc\u00e9dures de s\u00e9curit\u00e9\u00a0pour la sauvegarde et protection des renseignements personnels contre la perte, le vol, la divulgation non autoris\u00e9e, la duplication et utilisation ou modification non autoris\u00e9e.\u00a0 Nous maintenons des proc\u00e9dures de sauvegarde et s\u00e9curit\u00e9 appropri\u00e9es\u00a0aux types de documents, soit \u00e9lectronique ou papier.\u00a0 Nous avons \u00e9tabli des mesures organisatives incluant l&rsquo;habilitation de s\u00e9curit\u00e9 et la limitation d&rsquo;acc\u00e8s bas\u00e9e sur la n\u00e9cessit\u00e9, et des mesures technologiques telles que mots de passe et chiffrement.<\/span><\/p>\n<p><span style=\"font-weight: 400;\">Bien que nous nous effor\u00e7ons \u00e0 prot\u00e9ger tous les renseignements, les renseignements les plus sensibles tels les renseignements m\u00e9dicaux re\u00e7oivent le plus de protection.<\/span><\/p>\n<ol start=\"3\">\n<li><b>Votre droit\u00a0d&rsquo;acc\u00e8s \u00e0 vos renseignements personnels.<\/b><\/li>\n<\/ol>\n<p><b>Vos droits.<\/b><\/p>\n<p><span style=\"font-weight: 400;\">Vous avez le droit de demander si nous detenons des renseignements personnels vous concernant et le droit de les regarder, sous r\u00e9serve de la loi.\u00a0 Dans le cas de renseignements m\u00e9dicaux obtenus\u00a0d&rsquo;une tierce partie, nous ne les divulguerons que par l&rsquo;entremise de votre m\u00e9decin.<\/span><\/p>\n<p><span style=\"font-weight: 400;\">Vous avez aussi le droit de savoir :\u00a0<\/span><\/p>\n<ul>\n<li style=\"font-weight: 400;\"><span style=\"font-weight: 400;\">la mani\u00e8re dans laquelle nous avons recueilli vos renseignements personnels, <\/span><\/li>\n<li style=\"font-weight: 400;\"><span style=\"font-weight: 400;\">les fins auxquelles nous l&rsquo;utilisons, et<\/span><\/li>\n<li>les tiers auxquels nous pourrions les avoir divulgu\u00e9.<\/li>\n<\/ul>\n<p><b>Demander une mise \u00e0 jour ou une correction.<\/b><\/p>\n<p><span style=\"font-weight: 400;\">Si vous croyez qu&rsquo;il y a des erreurs ou\u00a0lacunes dans les renseignements que nous avons recueilli \u00e0 votre sujet, vous avez le droit de nous demander d&rsquo;effectuer un changement.<\/span><\/p>\n<p><span style=\"font-weight: 400;\">Si vous identifiez\u00a0l&rsquo;erreur ou lacune, nous effectuerons les changements n\u00e9cessaires \u00e0 vos\u00a0renseignements personnels.<\/span><\/p>\n<p><span style=\"font-weight: 400;\">Si\u00a0vous\u00a0n&rsquo;\u00eates pas satisfait de la fa\u00e7on dont nous avons\u00a0trait\u00e9 votre demande, vous avez recours \u00e0 notre proc\u00e9dure pour la r\u00e9solution des plaintes.<\/span><\/p>\n<ol start=\"4\">\n<li><b>Pr\u00e9senter une\u00a0plainte<\/b><\/li>\n<\/ol>\n<p><span style=\"font-weight: 400;\">Pour\u00a0pr\u00e9senter une plainte au sujet de la confidentialit\u00e9, contactez l&rsquo;Officier de la confidentialit\u00e9 de Old Republic Canada.\u00a0 Nous vous expliquerons la proc\u00e9dure de Old Republic Canada et votre plainte sera\u00a0enqu\u00eat\u00e9e.\u00a0 Si la plainte est justifi\u00e9e, nous prendrons les d\u00e9marches appropri\u00e9es afin de r\u00e9gler la situation, y compris modifier nos conventions et m\u00e9thodes si n\u00e9cessaire.\u00a0 Nous vous aviserons aussi des autres proc\u00e9dures qui pourraient vous \u00eatre disponibles.<\/span><\/p>\n<ol>\n<li><b>Pour plus de d\u00e9tails<\/b><\/li>\n<\/ol>\n<p><span style=\"font-weight: 400;\">Pour plus de d\u00e9tails, veuillez\u00a0contacter l&rsquo;Officier de la confidentialit\u00e9 de Old Republic Canada par t\u00e9l\u00e9phone au 1-800-530-5446 ou par courriel \u00e0\u00a0<\/span><a href=\"mailto:privacy@orican.com\"><span style=\"font-weight: 400;\">privacy@orican.com<\/span><\/a><span style=\"font-weight: 400;\">.<\/span><\/p>\n<p><b>LE CODE DE CONFIDENTIALIT\u00c9 DE OLD REPUBLIC CANADA<\/b><\/p>\n<p><b>Principe 1 : Responsabilit\u00e9<\/b><\/p>\n<p><span style=\"font-weight: 400;\">Chaque membre, employ\u00e9 ou agent de\u00a0Old Republic Canada est responsable des renseignements personnels sous son contr\u00f4le.\u00a0 Old Republic Canada d\u00e9signe un Officier de la confidentialit\u00e9 qui est responsable de la conformit\u00e9 au Code.<\/span><\/p>\n<p><span style=\"font-weight: 400;\">\u00a0<\/span><b>Principe 2 : Identifcation des fins<\/b><\/p>\n<p><span style=\"font-weight: 400;\">Les fins auxquelles servent les renseignements personnels seront identifi\u00e9es avant ou au moment de la collecte de renseignements.<\/span><\/p>\n<p><b>Principe 3 : Consentement<\/b><\/p>\n<p><span style=\"font-weight: 400;\">L&rsquo;individu doit savoir et consentir au pr\u00e9alable \u00e0 ce que ses renseignements personnels soient recueillis, utilis\u00e9s ou divulgu\u00e9s, sauf en cas de raison l\u00e9gale ou s\u00e9curitaire.\u00a0<\/span><\/p>\n<p><b>Principe 4 :\u00a0Collecte limit\u00e9e<\/b><\/p>\n<p><span style=\"font-weight: 400;\">La\u00a0collecte de renseignements personnels sera limit\u00e9e \u00e0 ce qui est n\u00e9cessaire afin d&rsquo;accomplir les\u00a0fins identifi\u00e9es.\u00a0\u00a0 Les renseignements personnels seront recueillis par des moyens l\u00e9gaux et \u00e9quitables.<\/span><\/p>\n<p><b>Principe 5 : Utilisation, divulgation et sauvegarde limit\u00e9s<\/b><\/p>\n<p><span style=\"font-weight: 400;\">Les renseignements personnels ne seront utilis\u00e9s, divulgu\u00e9s ou retenus pour des motifs autres que ceux pour lesquels ils ont \u00e9t\u00e9 recueillis, sauf avec la permission de l&rsquo;individu ou tel que permis ou requis par la loi.<\/span><\/p>\n<p><b>Principe 6 : Pr\u00e9cision<\/b><\/p>\n<p><span style=\"font-weight: 400;\">Les renseignements personnels seront aussi pr\u00e9cis, complets et actuels que n\u00e9cessaire pour l&rsquo;accomplissement des fins identifi\u00e9es. <\/span><\/p>\n<p><b>Principe 7 : Sauvegarde des renseignements<\/b><\/p>\n<p><span style=\"font-weight: 400;\">Les renseignements personnels seront prot\u00e9g\u00e9s \u00e0 moyen des mesures de sauvegarde appropri\u00e9es \u00e0 leur sensibilit\u00e9. <\/span><\/p>\n<p><b>Principe 8 : Transparence<\/b><\/p>\n<p><span style=\"font-weight: 400;\">Old Republic Canada communiquera volontiers aux clients des renseignements sp\u00e9cifiques concernant les conventions et m\u00e9thodes\u00a0qui gouvernent la gestion de leurs\u00a0renseignements personnels.\u00a0<\/span><\/p>\n<p><b>Principe 9 : Acc\u00e8s par l&rsquo;individu<\/b><\/p>\n<p><span style=\"font-weight: 400;\">Tout\u00a0individu peut demander de se faire informer sur l&rsquo;existence, utilisation et divulgation de\u00a0ses renseignements personnels en plus d&rsquo;en\u00a0avoir acc\u00e8s.\u00a0 Tout individu aura l&rsquo;opportunit\u00e9 de mettre en question la pr\u00e9cision et int\u00e9gralit\u00e9 des renseignements et de les faire amender tel qu&rsquo;appropri\u00e9e.<\/span><\/p>\n<p><b>Principe 10 : Gestion des plaintes et suggestions des clients<\/b><\/p>\n<p><span style=\"font-weight: 400;\">Tout individu peut porter\u00a0plainte quant \u00e0 la conformit\u00e9\u00a0aux principes \u00e9nonc\u00e9s plus haut en s&rsquo;adressant \u00e0 : <\/span><\/p>\n<p><span style=\"font-weight: 400;\">L&rsquo;Officier de la confidentialit\u00e9<\/span><span style=\"font-weight: 400;\"><br \/>\n<\/span><span style=\"font-weight: 400;\">Old Republic, Compagnie d&rsquo;assurance du\u00a0Canada<\/span><span style=\"font-weight: 400;\"><br \/>\n<\/span><span style=\"font-weight: 400;\">C.P.\u00a0557, 100 rue King Ouest <\/span><span style=\"font-weight: 400;\"><br \/>\n<\/span><span style=\"font-weight: 400;\">Hamilton\u00a0 ON\u00a0 L8N 3K9<\/span><\/p>\n[\/spb_text_block] [spb_divider type=\u00a0\u00bbstandard\u00a0\u00bb text=\u00a0\u00bbGo to top\u00a0\u00bb top_margin=\u00a0\u00bb30px\u00a0\u00bb bottom_margin=\u00a0\u00bb30px\u00a0\u00bb fullwidth=\u00a0\u00bbno\u00a0\u00bb width=\u00a0\u00bb1\/1&Prime; el_position=\u00a0\u00bbfirst last\u00a0\u00bb] [spb_text_block animation=\u00a0\u00bbnone\u00a0\u00bb animation_delay=\u00a0\u00bb0&Prime; simplified_controls=\u00a0\u00bbyes\u00a0\u00bb custom_css_percentage=\u00a0\u00bbno\u00a0\u00bb padding_vertical=\u00a0\u00bb0&Prime; padding_horizontal=\u00a0\u00bb0&Prime; margin_vertical=\u00a0\u00bb0&Prime; custom_css=\u00a0\u00bbmargin-top: 0px;margin-bottom: 0px;\u00a0\u00bb border_size=\u00a0\u00bb0&Prime; border_styling_global=\u00a0\u00bbdefault\u00a0\u00bb width=\u00a0\u00bb1\/1&Prime; el_position=\u00a0\u00bbfirst last\u00a0\u00bb]\n[\/spb_text_block] [\/spb_row]\n","protected":false},"excerpt":{"rendered":"<p>[spb_row element_name=\u00a0\u00bbRow\u00a0\u00bb wrap_type=\u00a0\u00bbcontent-width\u00a0\u00bb row_bg_type=\u00a0\u00bbcolor\u00a0\u00bb row_bg_color=\u00a0\u00bb#ffffff\u00a0\u00bb bg_type=\u00a0\u00bbcover\u00a0\u00bb parallax_image_height=\u00a0\u00bbcontent-height\u00a0\u00bb parallax_image_movement=\u00a0\u00bbfixed\u00a0\u00bb parallax_image_speed=\u00a0\u00bb0.5&Prime; bg_video_loop=\u00a0\u00bbyes\u00a0\u00bb parallax_video_height=\u00a0\u00bbwindow-height\u00a0\u00bb parallax_video_overlay=\u00a0\u00bbnone\u00a0\u00bb row_overlay_opacity=\u00a0\u00bb0&Prime; remove_element_spacing=\u00a0\u00bbno\u00a0\u00bb row_col_pos=\u00a0\u00bbdefault\u00a0\u00bb width=\u00a0\u00bb1\/1&Prime; el_position=\u00a0\u00bbfirst last\u00a0\u00bb] [spb_text_block animation=\u00a0\u00bbnone\u00a0\u00bb animation_delay=\u00a0\u00bb0&Prime; simplified_controls=\u00a0\u00bbyes\u00a0\u00bb custom_css_percentage=\u00a0\u00bbno\u00a0\u00bb padding_vertical=\u00a0\u00bb0&Prime; padding_horizontal=\u00a0\u00bb0&Prime; margin_vertical=\u00a0\u00bb0&Prime; custom_css=\u00a0\u00bbmargin-top: 0px;margin-bottom: 0px;\u00a0\u00bb border_size=\u00a0\u00bb0&Prime; border_styling_global=\u00a0\u00bbdefault\u00a0\u00bb width=\u00a0\u00bb1\/1&Prime; el_position=\u00a0\u00bbfirst last\u00a0\u00bb] Politique de confidentialit\u00e9 [\/spb_text_block] [spb_text_block animation=\u00a0\u00bbnone\u00a0\u00bb animation_delay=\u00a0\u00bb0&Prime; simplified_controls=\u00a0\u00bbyes\u00a0\u00bb custom_css_percentage=\u00a0\u00bbno\u00a0\u00bb padding_vertical=\u00a0\u00bb0&Prime; padding_horizontal=\u00a0\u00bb0&Prime; margin_vertical=\u00a0\u00bb0&Prime; custom_css=\u00a0\u00bbmargin-top: 0px;margin-bottom: 0px;\u00a0\u00bb border_size=\u00a0\u00bb0&Prime; border_styling_global=\u00a0\u00bbdefault\u00a0\u00bb width=\u00a0\u00bb1\/1&Prime; el_position=\u00a0\u00bbfirst last\u00a0\u00bb] [\/spb_text_block] [spb_divider type=\u00a0\u00bbstandard\u00a0\u00bb text=\u00a0\u00bbGo to top\u00a0\u00bb [&hellip;]<\/p>\n","protected":false},"author":1,"featured_media":0,"parent":0,"menu_order":0,"comment_status":"open","ping_status":"closed","template":"","meta":{"om_disable_all_campaigns":false,"_monsterinsights_skip_tracking":false,"_monsterinsights_sitenote_active":false,"_monsterinsights_sitenote_note":"","_monsterinsights_sitenote_category":0,"_uf_show_specific_survey":0,"_uf_disable_surveys":false,"footnotes":""},"class_list":["post-13352","page","type-page","status-publish","hentry"],"aioseo_notices":[],"_links":{"self":[{"href":"https:\/\/gowithtips.com\/fr\/wp-json\/wp\/v2\/pages\/13352","targetHints":{"allow":["GET"]}}],"collection":[{"href":"https:\/\/gowithtips.com\/fr\/wp-json\/wp\/v2\/pages"}],"about":[{"href":"https:\/\/gowithtips.com\/fr\/wp-json\/wp\/v2\/types\/page"}],"author":[{"embeddable":true,"href":"https:\/\/gowithtips.com\/fr\/wp-json\/wp\/v2\/users\/1"}],"replies":[{"embeddable":true,"href":"https:\/\/gowithtips.com\/fr\/wp-json\/wp\/v2\/comments?post=13352"}],"version-history":[{"count":5,"href":"https:\/\/gowithtips.com\/fr\/wp-json\/wp\/v2\/pages\/13352\/revisions"}],"predecessor-version":[{"id":13942,"href":"https:\/\/gowithtips.com\/fr\/wp-json\/wp\/v2\/pages\/13352\/revisions\/13942"}],"wp:attachment":[{"href":"https:\/\/gowithtips.com\/fr\/wp-json\/wp\/v2\/media?parent=13352"}],"curies":[{"name":"wp","href":"https:\/\/api.w.org\/{rel}","templated":true}]}}