{"id":13345,"date":"2016-03-22T08:55:43","date_gmt":"2016-03-22T12:55:43","guid":{"rendered":"https:\/\/gowithtips.com\/claims\/"},"modified":"2024-02-07T10:56:40","modified_gmt":"2024-02-07T15:56:40","slug":"reclamations","status":"publish","type":"page","link":"https:\/\/gowithtips.com\/fr\/reclamations\/","title":{"rendered":"Claims"},"content":{"rendered":"[spb_row element_name=\u00a0\u00bbRow\u00a0\u00bb wrap_type=\u00a0\u00bbcontent-width\u00a0\u00bb row_bg_type=\u00a0\u00bbcolor\u00a0\u00bb row_bg_color=\u00a0\u00bb#ffffff\u00a0\u00bb bg_type=\u00a0\u00bbcover\u00a0\u00bb parallax_image_height=\u00a0\u00bbcontent-height\u00a0\u00bb parallax_image_movement=\u00a0\u00bbfixed\u00a0\u00bb parallax_image_speed=\u00a0\u00bb0.5&Prime; bg_video_loop=\u00a0\u00bbyes\u00a0\u00bb parallax_video_height=\u00a0\u00bbwindow-height\u00a0\u00bb parallax_video_overlay=\u00a0\u00bbnone\u00a0\u00bb row_overlay_opacity=\u00a0\u00bb0&Prime; remove_element_spacing=\u00a0\u00bbno\u00a0\u00bb row_col_pos=\u00a0\u00bbdefault\u00a0\u00bb width=\u00a0\u00bb1\/1&Prime; el_position=\u00a0\u00bbfirst last\u00a0\u00bb] [spb_text_block animation=\u00a0\u00bbnone\u00a0\u00bb animation_delay=\u00a0\u00bb0&Prime; simplified_controls=\u00a0\u00bbyes\u00a0\u00bb custom_css_percentage=\u00a0\u00bbno\u00a0\u00bb padding_vertical=\u00a0\u00bb0&Prime; padding_horizontal=\u00a0\u00bb0&Prime; margin_vertical=\u00a0\u00bb0&Prime; custom_css=\u00a0\u00bbmargin-top: 0px;margin-bottom: 0px;\u00a0\u00bb border_size=\u00a0\u00bb0&Prime; border_styling_global=\u00a0\u00bbdefault\u00a0\u00bb width=\u00a0\u00bb1\/1&Prime; el_position=\u00a0\u00bbfirst last\u00a0\u00bb]\n<p>&nbsp;<\/p>\n[\/spb_text_block] [spb_text_block animation=\u00a0\u00bbnone\u00a0\u00bb animation_delay=\u00a0\u00bb0&Prime; simplified_controls=\u00a0\u00bbyes\u00a0\u00bb custom_css_percentage=\u00a0\u00bbno\u00a0\u00bb padding_vertical=\u00a0\u00bb0&Prime; padding_horizontal=\u00a0\u00bb0&Prime; margin_vertical=\u00a0\u00bb0&Prime; custom_css=\u00a0\u00bbmargin-top: 0px;margin-bottom: 0px;\u00a0\u00bb border_size=\u00a0\u00bb0&Prime; border_styling_global=\u00a0\u00bbdefault\u00a0\u00bb el_class=\u00a0\u00bbmb0 pb0&Prime; width=\u00a0\u00bb1\/1&Prime; el_position=\u00a0\u00bbfirst last\u00a0\u00bb]\n<h2>Notre engagement<\/h2>\n<p>Nous sommes reconnus dans l&rsquo;industrie par notre capacit\u00e9 \u00e0\u00a0r\u00e9pondre aux pr\u00e9occupations de nos partenaires et de\u00a0leurs clients\u00a0en temps opportun et avec exactitude.\u00a0 Nos \u00e9quipes du Service \u00e0 la client\u00e8le et du\u00a0Service de r\u00e9clamations\u00a0respectent\u00a0continuellement nos normes de\u00a0service \u00e9lev\u00e9es.<\/p>\n<p>Notre \u00e9quipe\u00a0d&rsquo;\u00e9valuateurs sont \u00e9duqu\u00e9s et exp\u00e9riment\u00e9s pour toutes les couvertures m\u00e9dicales et\u00a0non m\u00e9dicales \u00e0 travers tous les produits et est responsables\u00a0de l&rsquo;\u00e9valuation de toutes les r\u00e9clamations d\u00e9coulant d&rsquo;un seul incident.\u00a0 Cela assure la continuit\u00e9 des r\u00e9clamations et nous permet de fonctionner avec un maximum d&rsquo;efficacit\u00e9.\u00a0Toutes les actions et activit\u00e9s li\u00e9es \u00e0 la police, au\u00a0service \u00e0 la client\u00e8le et\u00a0aux r\u00e9clamations sont consign\u00e9es dans notre syst\u00e8me de r\u00e9clamations, ce qui permet d&rsquo;\u00e9tablir une base de donn\u00e9es centralis\u00e9e \u00e0 partir de laquelle on peut tirer des donn\u00e9es, des statistiques et des rapports sur\u00a0les polices et les r\u00e9clamations.<\/p>\n<p>Nous maintenons une norme de service interne de 5 jours pour l&rsquo;examen des\u00a0r\u00e9clamations des clients.<\/p>\n[\/spb_text_block] [\/spb_row] [spb_row element_name=\u00a0\u00bbRow\u00a0\u00bb wrap_type=\u00a0\u00bbcontent-width\u00a0\u00bb parallax_image_height=\u00a0\u00bbcontent-height\u00a0\u00bb parallax_image_movement=\u00a0\u00bbfixed\u00a0\u00bb parallax_image_speed=\u00a0\u00bb0.5&Prime; bg_video_loop=\u00a0\u00bbyes\u00a0\u00bb parallax_video_height=\u00a0\u00bbwindow-height\u00a0\u00bb parallax_video_overlay=\u00a0\u00bbnone\u00a0\u00bb row_overlay_opacity=\u00a0\u00bb0&Prime; row_col_pos=\u00a0\u00bbdefault\u00a0\u00bb width=\u00a0\u00bb1\/1&Prime; el_position=\u00a0\u00bbfirst last\u00a0\u00bb] [spb_divider type=\u00a0\u00bbstandard\u00a0\u00bb text=\u00a0\u00bbGo to top\u00a0\u00bb top_margin=\u00a0\u00bb30px\u00a0\u00bb bottom_margin=\u00a0\u00bb50px\u00a0\u00bb fullwidth=\u00a0\u00bbno\u00a0\u00bb width=\u00a0\u00bb1\/1&Prime; el_position=\u00a0\u00bbfirst last\u00a0\u00bb] [spb_icon_box title=\u00a0\u00bbPr\u00e9senter une r\u00e9clamation\u00a0\u00bb box_type=\u00a0\u00bbanimated\u00a0\u00bb box_icon_type=\u00a0\u00bbicon\u00a0\u00bb icon=\u00a0\u00bbss-info\u00a0\u00bb animate_svg=\u00a0\u00bbno\u00a0\u00bb link=\u00a0\u00bbhttp:\/\/goavectips.com\/reclamations\/presenter-une-reclamation\u00a0\u00bb target=\u00a0\u00bb_self\u00a0\u00bb animation=\u00a0\u00bbnone\u00a0\u00bb animation_delay=\u00a0\u00bb0&Prime; animated_box_style=\u00a0\u00bbcoloured\u00a0\u00bb animated_box_rounded=\u00a0\u00bbyes\u00a0\u00bb width=\u00a0\u00bb1\/3&Prime; el_position=\u00a0\u00bbfirst\u00a0\u00bb]\n<p>Les \u00e9tapes \u00e0 suivre<\/p>\n[\/spb_icon_box] [spb_icon_box title=\u00a0\u00bbNos produits\u00a0\u00bb box_type=\u00a0\u00bbanimated\u00a0\u00bb box_icon_type=\u00a0\u00bbicon\u00a0\u00bb icon=\u00a0\u00bbss-cart\u00a0\u00bb animate_svg=\u00a0\u00bbno\u00a0\u00bb link=\u00a0\u00bbhttp:\/\/goavectips.com\/produits\u00a0\u00bb target=\u00a0\u00bb_self\u00a0\u00bb animation=\u00a0\u00bbnone\u00a0\u00bb animation_delay=\u00a0\u00bb0&Prime; animated_box_style=\u00a0\u00bbcoloured\u00a0\u00bb animated_box_rounded=\u00a0\u00bbyes\u00a0\u00bb width=\u00a0\u00bb1\/3&Prime;]\n<p>Informez-vous sur nos produits<\/p>\n[\/spb_icon_box] [spb_icon_box title=\u00a0\u00bbNous contacter\u00a0\u00bb box_type=\u00a0\u00bbanimated\u00a0\u00bb box_icon_type=\u00a0\u00bbicon\u00a0\u00bb icon=\u00a0\u00bbss-chat\u00a0\u00bb animate_svg=\u00a0\u00bbno\u00a0\u00bb link=\u00a0\u00bbhttp:\/\/goavectips.com\/contact\u00a0\u00bb target=\u00a0\u00bb_self\u00a0\u00bb animation=\u00a0\u00bbnone\u00a0\u00bb animation_delay=\u00a0\u00bb0&Prime; animated_box_style=\u00a0\u00bbcoloured\u00a0\u00bb animated_box_rounded=\u00a0\u00bbyes\u00a0\u00bb width=\u00a0\u00bb1\/3&Prime; el_position=\u00a0\u00bblast\u00a0\u00bb]\n<p>Vous avez des questions? Prenez contact avec nous!<\/p>\n[\/spb_icon_box] [spb_blank_spacer height=\u00a0\u00bb30px\u00a0\u00bb width=\u00a0\u00bb1\/1&Prime; el_position=\u00a0\u00bbfirst last\u00a0\u00bb] [\/spb_row]\n","protected":false},"excerpt":{"rendered":"<p>[spb_row element_name=\u00a0\u00bbRow\u00a0\u00bb wrap_type=\u00a0\u00bbcontent-width\u00a0\u00bb row_bg_type=\u00a0\u00bbcolor\u00a0\u00bb row_bg_color=\u00a0\u00bb#ffffff\u00a0\u00bb bg_type=\u00a0\u00bbcover\u00a0\u00bb parallax_image_height=\u00a0\u00bbcontent-height\u00a0\u00bb parallax_image_movement=\u00a0\u00bbfixed\u00a0\u00bb parallax_image_speed=\u00a0\u00bb0.5&Prime; bg_video_loop=\u00a0\u00bbyes\u00a0\u00bb parallax_video_height=\u00a0\u00bbwindow-height\u00a0\u00bb parallax_video_overlay=\u00a0\u00bbnone\u00a0\u00bb row_overlay_opacity=\u00a0\u00bb0&Prime; remove_element_spacing=\u00a0\u00bbno\u00a0\u00bb row_col_pos=\u00a0\u00bbdefault\u00a0\u00bb width=\u00a0\u00bb1\/1&Prime; el_position=\u00a0\u00bbfirst last\u00a0\u00bb] [spb_text_block animation=\u00a0\u00bbnone\u00a0\u00bb animation_delay=\u00a0\u00bb0&Prime; simplified_controls=\u00a0\u00bbyes\u00a0\u00bb custom_css_percentage=\u00a0\u00bbno\u00a0\u00bb padding_vertical=\u00a0\u00bb0&Prime; padding_horizontal=\u00a0\u00bb0&Prime; margin_vertical=\u00a0\u00bb0&Prime; custom_css=\u00a0\u00bbmargin-top: 0px;margin-bottom: 0px;\u00a0\u00bb border_size=\u00a0\u00bb0&Prime; border_styling_global=\u00a0\u00bbdefault\u00a0\u00bb width=\u00a0\u00bb1\/1&Prime; el_position=\u00a0\u00bbfirst last\u00a0\u00bb] &nbsp; [\/spb_text_block] [spb_text_block animation=\u00a0\u00bbnone\u00a0\u00bb animation_delay=\u00a0\u00bb0&Prime; simplified_controls=\u00a0\u00bbyes\u00a0\u00bb custom_css_percentage=\u00a0\u00bbno\u00a0\u00bb padding_vertical=\u00a0\u00bb0&Prime; padding_horizontal=\u00a0\u00bb0&Prime; margin_vertical=\u00a0\u00bb0&Prime; custom_css=\u00a0\u00bbmargin-top: 0px;margin-bottom: 0px;\u00a0\u00bb border_size=\u00a0\u00bb0&Prime; border_styling_global=\u00a0\u00bbdefault\u00a0\u00bb el_class=\u00a0\u00bbmb0 pb0&Prime; width=\u00a0\u00bb1\/1&Prime; el_position=\u00a0\u00bbfirst last\u00a0\u00bb] Notre engagement Nous sommes reconnus dans [&hellip;]<\/p>\n","protected":false},"author":1,"featured_media":0,"parent":0,"menu_order":0,"comment_status":"open","ping_status":"closed","template":"","meta":{"om_disable_all_campaigns":false,"_monsterinsights_skip_tracking":false,"_monsterinsights_sitenote_active":false,"_monsterinsights_sitenote_note":"","_monsterinsights_sitenote_category":0,"_uf_show_specific_survey":0,"_uf_disable_surveys":false,"footnotes":""},"class_list":["post-13345","page","type-page","status-publish","hentry"],"aioseo_notices":[],"_links":{"self":[{"href":"https:\/\/gowithtips.com\/fr\/wp-json\/wp\/v2\/pages\/13345","targetHints":{"allow":["GET"]}}],"collection":[{"href":"https:\/\/gowithtips.com\/fr\/wp-json\/wp\/v2\/pages"}],"about":[{"href":"https:\/\/gowithtips.com\/fr\/wp-json\/wp\/v2\/types\/page"}],"author":[{"embeddable":true,"href":"https:\/\/gowithtips.com\/fr\/wp-json\/wp\/v2\/users\/1"}],"replies":[{"embeddable":true,"href":"https:\/\/gowithtips.com\/fr\/wp-json\/wp\/v2\/comments?post=13345"}],"version-history":[{"count":7,"href":"https:\/\/gowithtips.com\/fr\/wp-json\/wp\/v2\/pages\/13345\/revisions"}],"predecessor-version":[{"id":14543,"href":"https:\/\/gowithtips.com\/fr\/wp-json\/wp\/v2\/pages\/13345\/revisions\/14543"}],"wp:attachment":[{"href":"https:\/\/gowithtips.com\/fr\/wp-json\/wp\/v2\/media?parent=13345"}],"curies":[{"name":"wp","href":"https:\/\/api.w.org\/{rel}","templated":true}]}}