{"id":13328,"date":"2016-03-16T11:11:17","date_gmt":"2016-03-16T15:11:17","guid":{"rendered":"https:\/\/gowithtips.com\/about\/assistance-company-information\/"},"modified":"2020-02-06T10:01:26","modified_gmt":"2020-02-06T15:01:26","slug":"information-partenaire-assistance","status":"publish","type":"page","link":"https:\/\/gowithtips.com\/fr\/a-propos-tips-2\/information-partenaire-assistance\/","title":{"rendered":"Assistance Company Information"},"content":{"rendered":"[spb_row element_name=\u00a0\u00bbRow\u00a0\u00bb wrap_type=\u00a0\u00bbcontent-width\u00a0\u00bb row_bg_type=\u00a0\u00bbcolor\u00a0\u00bb row_bg_color=\u00a0\u00bb#ffffff\u00a0\u00bb bg_type=\u00a0\u00bbcover\u00a0\u00bb parallax_image_height=\u00a0\u00bbcontent-height\u00a0\u00bb parallax_image_movement=\u00a0\u00bbfixed\u00a0\u00bb parallax_image_speed=\u00a0\u00bb0.5&Prime; bg_video_loop=\u00a0\u00bbyes\u00a0\u00bb parallax_video_height=\u00a0\u00bbwindow-height\u00a0\u00bb parallax_video_overlay=\u00a0\u00bbnone\u00a0\u00bb row_overlay_opacity=\u00a0\u00bb0&Prime; remove_element_spacing=\u00a0\u00bbno\u00a0\u00bb row_col_pos=\u00a0\u00bbdefault\u00a0\u00bb width=\u00a0\u00bb1\/1&Prime; el_position=\u00a0\u00bbfirst last\u00a0\u00bb] [spb_text_block animation=\u00a0\u00bbnone\u00a0\u00bb animation_delay=\u00a0\u00bb0&Prime; simplified_controls=\u00a0\u00bbyes\u00a0\u00bb custom_css_percentage=\u00a0\u00bbno\u00a0\u00bb padding_vertical=\u00a0\u00bb0&Prime; padding_horizontal=\u00a0\u00bb0&Prime; margin_vertical=\u00a0\u00bb0&Prime; custom_css=\u00a0\u00bbmargin-top: 0px;margin-bottom: 0px;\u00a0\u00bb border_size=\u00a0\u00bb0&Prime; border_styling_global=\u00a0\u00bbdefault\u00a0\u00bb width=\u00a0\u00bb1\/1&Prime; el_position=\u00a0\u00bbfirst last\u00a0\u00bb]\n<h2>CanAssistance \u2013 Notre Choix!<\/h2>\n[\/spb_text_block] [spb_column col_sm=\u00a0\u00bb8&Prime; padding_horizontal=\u00a0\u00bb0&Prime; width=\u00a0\u00bb2\/3&Prime; el_position=\u00a0\u00bbfirst\u00a0\u00bb] [spb_text_block animation=\u00a0\u00bbnone\u00a0\u00bb animation_delay=\u00a0\u00bb0&Prime; simplified_controls=\u00a0\u00bbyes\u00a0\u00bb custom_css_percentage=\u00a0\u00bbno\u00a0\u00bb padding_vertical=\u00a0\u00bb0&Prime; padding_horizontal=\u00a0\u00bb0&Prime; margin_vertical=\u00a0\u00bb0&Prime; custom_css=\u00a0\u00bbmargin-top: 0px;margin-bottom: 0px;\u00a0\u00bb border_size=\u00a0\u00bb0&Prime; border_styling_global=\u00a0\u00bbdefault\u00a0\u00bb el_class=\u00a0\u00bbmb0 pb0&Prime; width=\u00a0\u00bb1\/1&Prime; el_position=\u00a0\u00bbfirst last\u00a0\u00bb]\n<p>Fid\u00e8les \u00e0 notre engagement de fournir les meilleurs produits et services d\u2019assurance voyage \u00e0 nos partenaires estim\u00e9s et \u00e0 leurs clients, Old Republic Canada est heureux d\u2019\u00e9tablir un partenariat avec CanAssistance.<\/p>\n<p>Situ\u00e9 \u00e0 Montr\u00e9al, CanAssistance fournit l\u2019assistance m\u00e9dicale et l\u2019aide aux voyageurs canadiens depuis ses d\u00e9buts en 1989.\u00a0 Elle dessert un client\u00e8le de secteurs vari\u00e9s incluant les organismes gouvernementaux, les soci\u00e9t\u00e9s d\u2019assurance, les \u00e9tablissements bancaires, les compagnies de carte de cr\u00e9dit, les grossistes en voyage et les compagnies \u00e9trang\u00e8res d\u2019assistance en voyage.<\/p>\n<p>La pierre d\u2019angle de tout produit d\u2019assurance voyage est son service d\u2019assistance.\u00a0 Il faut bien conna\u00eetre le monde complexe d\u2019assistance m\u00e9dicale et d\u2019aide en \u00a0voyage afin de le naviguer avec succ\u00e8s.\u00a0 CanAssistance est unique au Canada.\u00a0 Elle maintient un lien de service de longue date avec beaucoup d\u2019organismes priv\u00e9s et publiques.\u00a0 Son excellente renomm\u00e9e d\u00e9rive de son approche centr\u00e9e sur la qualit\u00e9.<\/p>\n[\/spb_text_block] [\/spb_column] [spb_column col_sm=\u00a0\u00bb4&Prime; padding_horizontal=\u00a0\u00bb0&Prime; width=\u00a0\u00bb1\/3&Prime; el_position=\u00a0\u00bblast\u00a0\u00bb] [spb_image image=\u00a0\u00bb14245&Prime; image_size=\u00a0\u00bbfull\u00a0\u00bb frame=\u00a0\u00bbnoframe\u00a0\u00bb caption_pos=\u00a0\u00bbhover\u00a0\u00bb remove_rounded=\u00a0\u00bbyes\u00a0\u00bb fullwidth=\u00a0\u00bbno\u00a0\u00bb overflow_mode=\u00a0\u00bbnone\u00a0\u00bb link_target=\u00a0\u00bb_self\u00a0\u00bb lightbox=\u00a0\u00bbno\u00a0\u00bb intro_animation=\u00a0\u00bbnone\u00a0\u00bb animation_delay=\u00a0\u00bb200&Prime; width=\u00a0\u00bb1\/1&Prime; el_position=\u00a0\u00bbfirst last\u00a0\u00bb][\/spb_image] [\/spb_column] [spb_blank_spacer height=\u00a0\u00bb30px\u00a0\u00bb width=\u00a0\u00bb1\/1&Prime; el_position=\u00a0\u00bbfirst last\u00a0\u00bb] [spb_column col_sm=\u00a0\u00bb12&Prime; padding_horizontal=\u00a0\u00bb0&Prime; width=\u00a0\u00bb1\/1&Prime; el_position=\u00a0\u00bbfirst last\u00a0\u00bb] [spb_text_block animation=\u00a0\u00bbnone\u00a0\u00bb animation_delay=\u00a0\u00bb0&Prime; simplified_controls=\u00a0\u00bbyes\u00a0\u00bb custom_css_percentage=\u00a0\u00bbno\u00a0\u00bb padding_vertical=\u00a0\u00bb0&Prime; padding_horizontal=\u00a0\u00bb0&Prime; margin_vertical=\u00a0\u00bb0&Prime; custom_css=\u00a0\u00bbmargin-top: 0px;margin-bottom: 0px;\u00a0\u00bb border_size=\u00a0\u00bb0&Prime; border_styling_global=\u00a0\u00bbdefault\u00a0\u00bb width=\u00a0\u00bb1\/1&Prime; el_position=\u00a0\u00bbfirst last\u00a0\u00bb]\n<h4><strong>La ligne d\u2019assistance pour l\u2019assistance m\u00e9dicale et l\u2019aide en voyage est accessible\u00a0 \u00a024 h sur 24, 7 sur 7 \u00e0 l\u2019\u00e9chelle mondiale.<\/strong><\/h4>\n<p>CanAssistance maintient une ligne d\u2019assistance accessible 24 h sur 24, 7 j sur 7 pour l\u2019assistance m\u00e9dicale et l\u2019aide en voyage partout au monde.<\/p>\n<p>Son personnel compte plus de 200 sp\u00e9cialistes en assistance m\u00e9dicale en voyage, incluant des m\u00e9decins et infirmiers canadiens chevronn\u00e9s et disponibles sur une base 24\/7.<\/p>\n<p>Tous ces professionnels sp\u00e9cialis\u00e9s parlent couramment le fran\u00e7ais et l\u2019anglais.\u00a0 CanAssistance fournit \u00e9galement un acc\u00e8s 24 h sur 24, 7 j sur 7 au service de traduction multi-lingue en temps r\u00e9el.\u00a0 Les membres de l\u2019\u00e9quipe CanAssistance\u2019s sont engag\u00e9s, empathiques et proactifs dans toutes les situations.\u00a0 En plus de suivre l\u2019\u00e9volution de la condition du patient, ils prennent en consid\u00e9ration une multitude de facteurs externes incluant l\u2019emplacement g\u00e9ographique, les diff\u00e9rences de culture, la qualit\u00e9 des soins, les communications, les co\u00fbts et la couverture d\u2019assurance.<\/p>\n<p>CanAssistance fournit aussi une gamme de services d\u2019assistance non-m\u00e9dicaux\u00a0:<\/p>\n<ul>\n<li>En cas de passeport perdu ou vol\u00e9 ou si les bagages sont perdus ou retard\u00e9s<\/li>\n<li>Si le voyage est interrompu ou retard\u00e9 pour des raisons non-m\u00e9dicales. CanAssistance coordonnera l\u2019achat de nouveaux billets ou le changements de billets existants par l\u2019entremise d\u2019une agence de voyage pr\u00e9f\u00e9r\u00e9e disponible 24\/7<\/li>\n<li>Services de conciergerie<\/li>\n<\/ul>\n[\/spb_text_block] [\/spb_column] [spb_column col_sm=\u00a0\u00bb12&Prime; padding_horizontal=\u00a0\u00bb0&Prime; width=\u00a0\u00bb1\/1&Prime; el_position=\u00a0\u00bbfirst last\u00a0\u00bb] [spb_text_block animation=\u00a0\u00bbnone\u00a0\u00bb animation_delay=\u00a0\u00bb0&Prime; simplified_controls=\u00a0\u00bbyes\u00a0\u00bb custom_css_percentage=\u00a0\u00bbno\u00a0\u00bb padding_vertical=\u00a0\u00bb0&Prime; padding_horizontal=\u00a0\u00bb0&Prime; margin_vertical=\u00a0\u00bb0&Prime; custom_css=\u00a0\u00bbmargin-top: 0px;margin-bottom: 0px;\u00a0\u00bb border_size=\u00a0\u00bb0&Prime; border_styling_global=\u00a0\u00bbdefault\u00a0\u00bb width=\u00a0\u00bb1\/1&Prime; el_position=\u00a0\u00bbfirst last\u00a0\u00bb]\n<h4><strong>CanAssistance:\u00a0 la \u00ab\u00a0Zone s\u00e9curis\u00e9e pour Canadiens et Canadiennes\u00a0\u00bb partout au monde!<\/strong><\/h4>\n<p>CanAssistance\u00a0est devenue l\u2019\u00e9talon d\u2019expertise en assistance en voyage du fait d\u2019avoir d\u00e9velopp\u00e9 un r\u00e9seau strat\u00e9gique de partenaires bas\u00e9 sur les tendances touristiques et les d\u00e9fis\/capacit\u00e9s g\u00e9ographiques, politiques et m\u00e9dicaux.\u00a0 De plus, CanAssistance a d\u00e9velopp\u00e9 au fil des ans un r\u00e9seau mondial de fournisseurs brevet\u00e9s et accr\u00e9dit\u00e9s afin de garantir que tous les clients assur\u00e9s re\u00e7oivent des soins de qualit\u00e9 et des interventions en temps opportun.<\/p>\n<p><strong>CanAssistance, votre zone s\u00e9curis\u00e9e pour Canadiens et Canadiennes partout au monde!<\/strong><\/p>\n<p>Visitez <a href=\"http:\/\/canassistance.com\/\" target=\"_blank\" rel=\"noopener noreferrer\">CanAssistance Website<\/a> pour en savoir plus.<\/p>\n<h3><\/h3>\n[\/spb_text_block] [\/spb_column] [\/spb_row] [spb_divider type=\u00a0\u00bbstandard\u00a0\u00bb text=\u00a0\u00bbGo to top\u00a0\u00bb top_margin=\u00a0\u00bb30px\u00a0\u00bb bottom_margin=\u00a0\u00bb50px\u00a0\u00bb fullwidth=\u00a0\u00bbno\u00a0\u00bb width=\u00a0\u00bb1\/1&Prime; el_position=\u00a0\u00bbfirst last\u00a0\u00bb] [spb_icon_box title=\u00a0\u00bbContactez-nous!\u00a0\u00bb box_type=\u00a0\u00bbanimated\u00a0\u00bb box_icon_type=\u00a0\u00bbicon\u00a0\u00bb icon=\u00a0\u00bbss-phone\u00a0\u00bb animate_svg=\u00a0\u00bbno\u00a0\u00bb link=\u00a0\u00bbhttp:\/\/goavectips.com\/contact\u00a0\u00bb target=\u00a0\u00bb_self\u00a0\u00bb animation=\u00a0\u00bbnone\u00a0\u00bb animation_delay=\u00a0\u00bb0&Prime; animated_box_style=\u00a0\u00bbcoloured\u00a0\u00bb animated_box_rounded=\u00a0\u00bbyes\u00a0\u00bb width=\u00a0\u00bb1\/3&Prime; el_position=\u00a0\u00bbfirst\u00a0\u00bb]\n<p><span style=\"font-weight: 400;\">Questions? Communiquez avec nous!<\/span><\/p>\n[\/spb_icon_box] [spb_icon_box title=\u00a0\u00bbProduits\u00a0\u00bb box_type=\u00a0\u00bbanimated\u00a0\u00bb box_icon_type=\u00a0\u00bbicon\u00a0\u00bb icon=\u00a0\u00bbss-cart\u00a0\u00bb animate_svg=\u00a0\u00bbno\u00a0\u00bb link=\u00a0\u00bbhttp:\/\/goavectips.com\/produits\u00a0\u00bb target=\u00a0\u00bb_self\u00a0\u00bb animation=\u00a0\u00bbnone\u00a0\u00bb animation_delay=\u00a0\u00bb0&Prime; animated_box_style=\u00a0\u00bbcoloured\u00a0\u00bb animated_box_rounded=\u00a0\u00bbyes\u00a0\u00bb width=\u00a0\u00bb1\/3&Prime;]\n<p>D\u00e9couvrez nos produits<\/p>\n[\/spb_icon_box] [spb_icon_box title=\u00a0\u00bbDevenez partenaire!\u00a0\u00bb box_type=\u00a0\u00bbanimated\u00a0\u00bb box_icon_type=\u00a0\u00bbicon\u00a0\u00bb icon=\u00a0\u00bbss-check\u00a0\u00bb animate_svg=\u00a0\u00bbno\u00a0\u00bb link=\u00a0\u00bbhttp:\/\/goavectips.com\/pourquoi-associer-avec-nous\u00a0\u00bb target=\u00a0\u00bb_self\u00a0\u00bb animation=\u00a0\u00bbnone\u00a0\u00bb animation_delay=\u00a0\u00bb0&Prime; animated_box_style=\u00a0\u00bbcoloured\u00a0\u00bb animated_box_rounded=\u00a0\u00bbyes\u00a0\u00bb width=\u00a0\u00bb1\/3&Prime; el_position=\u00a0\u00bblast\u00a0\u00bb]\n<p>Voici\u00a0quelques bonnes raisons!<\/p>\n[\/spb_icon_box] [spb_blank_spacer height=\u00a0\u00bb30px\u00a0\u00bb width=\u00a0\u00bb1\/1&Prime; el_position=\u00a0\u00bbfirst last\u00a0\u00bb]\n","protected":false},"excerpt":{"rendered":"<p>[spb_row element_name=\u00a0\u00bbRow\u00a0\u00bb wrap_type=\u00a0\u00bbcontent-width\u00a0\u00bb row_bg_type=\u00a0\u00bbcolor\u00a0\u00bb row_bg_color=\u00a0\u00bb#ffffff\u00a0\u00bb bg_type=\u00a0\u00bbcover\u00a0\u00bb parallax_image_height=\u00a0\u00bbcontent-height\u00a0\u00bb parallax_image_movement=\u00a0\u00bbfixed\u00a0\u00bb parallax_image_speed=\u00a0\u00bb0.5&Prime; bg_video_loop=\u00a0\u00bbyes\u00a0\u00bb parallax_video_height=\u00a0\u00bbwindow-height\u00a0\u00bb parallax_video_overlay=\u00a0\u00bbnone\u00a0\u00bb row_overlay_opacity=\u00a0\u00bb0&Prime; remove_element_spacing=\u00a0\u00bbno\u00a0\u00bb row_col_pos=\u00a0\u00bbdefault\u00a0\u00bb width=\u00a0\u00bb1\/1&Prime; el_position=\u00a0\u00bbfirst last\u00a0\u00bb] [spb_text_block animation=\u00a0\u00bbnone\u00a0\u00bb animation_delay=\u00a0\u00bb0&Prime; simplified_controls=\u00a0\u00bbyes\u00a0\u00bb custom_css_percentage=\u00a0\u00bbno\u00a0\u00bb padding_vertical=\u00a0\u00bb0&Prime; padding_horizontal=\u00a0\u00bb0&Prime; margin_vertical=\u00a0\u00bb0&Prime; custom_css=\u00a0\u00bbmargin-top: 0px;margin-bottom: 0px;\u00a0\u00bb border_size=\u00a0\u00bb0&Prime; border_styling_global=\u00a0\u00bbdefault\u00a0\u00bb width=\u00a0\u00bb1\/1&Prime; el_position=\u00a0\u00bbfirst last\u00a0\u00bb] CanAssistance \u2013 Notre Choix! [\/spb_text_block] [spb_column col_sm=\u00a0\u00bb8&Prime; padding_horizontal=\u00a0\u00bb0&Prime; width=\u00a0\u00bb2\/3&Prime; el_position=\u00a0\u00bbfirst\u00a0\u00bb] [spb_text_block animation=\u00a0\u00bbnone\u00a0\u00bb animation_delay=\u00a0\u00bb0&Prime; simplified_controls=\u00a0\u00bbyes\u00a0\u00bb custom_css_percentage=\u00a0\u00bbno\u00a0\u00bb padding_vertical=\u00a0\u00bb0&Prime; padding_horizontal=\u00a0\u00bb0&Prime; margin_vertical=\u00a0\u00bb0&Prime; custom_css=\u00a0\u00bbmargin-top: 0px;margin-bottom: 0px;\u00a0\u00bb border_size=\u00a0\u00bb0&Prime; border_styling_global=\u00a0\u00bbdefault\u00a0\u00bb el_class=\u00a0\u00bbmb0 pb0&Prime; width=\u00a0\u00bb1\/1&Prime; [&hellip;]<\/p>\n","protected":false},"author":1,"featured_media":0,"parent":13284,"menu_order":0,"comment_status":"open","ping_status":"closed","template":"","meta":{"om_disable_all_campaigns":false,"_monsterinsights_skip_tracking":false,"_monsterinsights_sitenote_active":false,"_monsterinsights_sitenote_note":"","_monsterinsights_sitenote_category":0,"_uf_show_specific_survey":0,"_uf_disable_surveys":false,"footnotes":""},"class_list":["post-13328","page","type-page","status-publish","hentry"],"aioseo_notices":[],"_links":{"self":[{"href":"https:\/\/gowithtips.com\/fr\/wp-json\/wp\/v2\/pages\/13328","targetHints":{"allow":["GET"]}}],"collection":[{"href":"https:\/\/gowithtips.com\/fr\/wp-json\/wp\/v2\/pages"}],"about":[{"href":"https:\/\/gowithtips.com\/fr\/wp-json\/wp\/v2\/types\/page"}],"author":[{"embeddable":true,"href":"https:\/\/gowithtips.com\/fr\/wp-json\/wp\/v2\/users\/1"}],"replies":[{"embeddable":true,"href":"https:\/\/gowithtips.com\/fr\/wp-json\/wp\/v2\/comments?post=13328"}],"version-history":[{"count":11,"href":"https:\/\/gowithtips.com\/fr\/wp-json\/wp\/v2\/pages\/13328\/revisions"}],"predecessor-version":[{"id":14247,"href":"https:\/\/gowithtips.com\/fr\/wp-json\/wp\/v2\/pages\/13328\/revisions\/14247"}],"up":[{"embeddable":true,"href":"https:\/\/gowithtips.com\/fr\/wp-json\/wp\/v2\/pages\/13284"}],"wp:attachment":[{"href":"https:\/\/gowithtips.com\/fr\/wp-json\/wp\/v2\/media?parent=13328"}],"curies":[{"name":"wp","href":"https:\/\/api.w.org\/{rel}","templated":true}]}}