{"id":13308,"date":"2017-04-04T11:40:46","date_gmt":"2017-04-04T15:40:46","guid":{"rendered":"https:\/\/gowithtips.com\/how-to-file-a-claim\/"},"modified":"2021-10-04T16:16:51","modified_gmt":"2021-10-04T20:16:51","slug":"presenter-une-reclamation-2","status":"publish","type":"page","link":"https:\/\/gowithtips.com\/fr\/reclamations\/presenter-une-reclamation-2\/","title":{"rendered":"How To File A Claim"},"content":{"rendered":"[spb_row element_name=\u00a0\u00bbRow\u00a0\u00bb wrap_type=\u00a0\u00bbcontent-width\u00a0\u00bb parallax_image_height=\u00a0\u00bbcontent-height\u00a0\u00bb parallax_image_movement=\u00a0\u00bbfixed\u00a0\u00bb parallax_image_speed=\u00a0\u00bb0.5&Prime; bg_video_loop=\u00a0\u00bbyes\u00a0\u00bb parallax_video_height=\u00a0\u00bbwindow-height\u00a0\u00bb parallax_video_overlay=\u00a0\u00bbnone\u00a0\u00bb row_overlay_opacity=\u00a0\u00bb0&Prime; row_col_pos=\u00a0\u00bbdefault\u00a0\u00bb width=\u00a0\u00bb1\/1&Prime; el_position=\u00a0\u00bbfirst last\u00a0\u00bb] [spb_text_block animation=\u00a0\u00bbnone\u00a0\u00bb animation_delay=\u00a0\u00bb0&Prime; simplified_controls=\u00a0\u00bbyes\u00a0\u00bb custom_css_percentage=\u00a0\u00bbno\u00a0\u00bb padding_vertical=\u00a0\u00bb0&Prime; padding_horizontal=\u00a0\u00bb0&Prime; margin_vertical=\u00a0\u00bb0&Prime; custom_css=\u00a0\u00bbmargin-top: 0px;margin-bottom: 0px;\u00a0\u00bb border_size=\u00a0\u00bb0&Prime; border_styling_global=\u00a0\u00bbdefault\u00a0\u00bb width=\u00a0\u00bb1\/1&Prime; el_position=\u00a0\u00bbfirst last\u00a0\u00bb]\n<h2>Pr\u00e9senter une r\u00e9clamation<\/h2>\n[\/spb_text_block] [spb_text_block animation=\u00a0\u00bbnone\u00a0\u00bb animation_delay=\u00a0\u00bb0&Prime; simplified_controls=\u00a0\u00bbyes\u00a0\u00bb custom_css_percentage=\u00a0\u00bbno\u00a0\u00bb padding_vertical=\u00a0\u00bb0&Prime; padding_horizontal=\u00a0\u00bb0&Prime; margin_vertical=\u00a0\u00bb0&Prime; custom_css=\u00a0\u00bbmargin-top: 0px;margin-bottom: 0px;\u00a0\u00bb border_size=\u00a0\u00bb0&Prime; border_styling_global=\u00a0\u00bbdefault\u00a0\u00bb width=\u00a0\u00bb1\/1&Prime; el_position=\u00a0\u00bbfirst last\u00a0\u00bb]\n<p>Soumettez une r\u00e9clamation directement sur notre site Web :<\/p>\n<p><a href=\"https:\/\/www.oldrepubliccanada.com\/Claims\/TIPS?culture=fr\" target=\"_blank\" rel=\"noopener noreferrer\"><u>https:\/\/www.oldrepubliccanada.com\/Claims\/TIPS?culture=fr<\/u><\/a><\/p>\n<p><u>en<\/u> s\u00e9lectionnant Aller \u00e0 eR\u00e9clamations<\/p>\n<p>Aussi, vous pouvez t\u00e9l\u00e9charger un formulaire de r\u00e9clamation du site Web ou nous contacter sans frais :<\/p>\n<p><strong>Fran\u00e7ais :\u00a0\u00a0\u00a0\u00a0\u00a0\u00a0\u00a01 800 245-1662<\/strong><\/p>\n<p><strong>Anglais :\u00a0\u00a0\u00a0\u00a0\u00a0\u00a0\u00a0\u00a0\u00a0 1 888 831-2222<\/strong><\/p>\n<p>Pour r\u00e9clamer des indemnit\u00e9s :<\/p>\n<ul>\n<li>Avisez-nous de la perte\u00a0dans les 30 jours d&rsquo;avoir engag\u00e9 des frais, ou aussit\u00f4t que raisonnablement possible.<\/li>\n<li>La preuve \u00e9crite de la perte doit \u00eatre soumise dans les 90 jours, mais au plus tard\u00a012 mois apr\u00e8s la date de l&rsquo;\u00e9v\u00e8nement ou perte.<\/li>\n<\/ul>\n<p><strong>La preuve \u00e9crite doit inclure : <\/strong><\/p>\n<ol>\n<li>Tous les\u00a0formulaires de r\u00e9clamation fournis par nos assureurs, d\u00fbment remplis;<\/li>\n<li>Les re\u00e7us originaux;<\/li>\n<li>Un rapport \u00e9crit incluant le diagnostic du m\u00e9decin traitant, s&rsquo;il y a lieu, et tout\u00a0autre forme de documentation n\u00e9cessaire \u00e0 l&rsquo;\u00e9valuation de votre r\u00e9clamation par la compagnie;<\/li>\n<li>Les documents requis par la compagnie pour justifier\u00a0l&rsquo;annulation, interruption, retard de voyage ou changement d&rsquo;horaire si le motif n&rsquo;est pas de nature\u00a0m\u00e9dicale.\u00a0 Si le\u00a0d\u00e9c\u00e8s est la cause de la r\u00e9clamation,\u00a0un document officiel tel qu&rsquo;un certificat de d\u00e9c\u00e8s\u00a0\u00e9tablissant la cause du d\u00e9c\u00e8s sera \u00e9galement requis.<\/li>\n<\/ol>\n<p><em><strong>Par exemple :<\/strong><\/em><\/p>\n<ul>\n<li>Copie du l&rsquo;assignation \u00e0 compara\u00eetre en cas d&rsquo;annulation\u00a0en raison du devoir de jur\u00e9 ou du fait d&rsquo;\u00eatre appel\u00e9 \u00e0 t\u00e9moingner;<\/li>\n<li>Une lettre de l&#8217;employeur si vous annulez \u00e0 cause d&rsquo;une r\u00e9union d&rsquo;affaires ou d&rsquo;un transfer d&#8217;emploi;<\/li>\n<li>Une lettre de la compagnie a\u00e9rienne\u00a0confirmant le changement d&rsquo;horaire d&rsquo;un vol ou la raison du retard du vol.<\/li>\n<\/ul>\n<p>Il faut soumettre des documents originaux \u00e0 l&rsquo;appui d&rsquo;une r\u00e9clamation.\u00a0 Cependant, il est possible que la compagnie\u00a0accepte\u00a0des copies certifi\u00e9es si les documents originaux ne sont pas disponibles pour un motif\u00a0raisonnable.\u00a0 Le d\u00e9faut de fournir les\u00a0preuves\u00a0applicables \u00e0 l&rsquo;appui d&rsquo;une r\u00e9clamation\u00a0la rendra nulle.\u00a0 Tous les\u00a0documents requis pour appuyer ou valider la r\u00e9clamation doivent \u00eatre fournis gratuitement \u00e0\u00a0la compagnie, y compris leur traduction en fran\u00e7ais ou\u00a0anglais.<\/p>\n<p><strong>Paiement\u00a0de r\u00e9clamation :<\/strong><\/p>\n<ul>\n<li>La compagnie paiera les r\u00e9clamations couvertes dans les 30 jours suivant la r\u00e9ception de tous les renseignements n\u00e9cessaires pour \u00e9valuer avec pr\u00e9cision votre r\u00e9clamation.<\/li>\n<li>Les indemnit\u00e9s\u00a0seront vers\u00e9es \u00e0 vous ou \u00e0 toute personne ou entit\u00e9\u00a0ayant une cession valide de ces indemnit\u00e9s.\u00a0 En cas de\u00a0d\u00e9c\u00e8s, le solde restant ou les indemnit\u00e9s payables pour\u00a0perte de vie seront vers\u00e9s \u00e0 votre succession, sauf indication contraire.<\/li>\n<\/ul>\n<p><strong>Prescription extinctive :<\/strong><\/p>\n<p>Si vous avez une\u00a0r\u00e9clamation en litige, vous devez\u00a0intenter une action l\u00e9gale ou poursuite contre la compagnie dans les 24 mois suivant la date de l&rsquo;\u00e9v\u00e8nement qui a caus\u00e9 la r\u00e9clamation.\u00a0 Cependant, si cette limite n&rsquo;est pas valide selon les lois de la province ou\u00a0territoire o\u00f9 votre\u00a0 police a \u00e9t\u00e9 \u00e9mise, vous devez entreprendre toute poursuite ou proc\u00e9dure dans le plus court d\u00e9lai permis par les lois de cette province ou de ce territoire.\u00a0 Toute les poursuites ou proc\u00e9dures judiciaires doivent \u00eatre intent\u00e9es\u00a0dans la province ou territoire au Canada o\u00f9 vous r\u00e9sidez de fa\u00e7on permanente ou, en cas d&rsquo;accord\u00a0mutuel, dans\u00a0la province o\u00f9 se situe le si\u00e8ge social de la compagnie.<\/p>\n[\/spb_text_block] [\/spb_row]\n","protected":false},"excerpt":{"rendered":"<p>[spb_row element_name=\u00a0\u00bbRow\u00a0\u00bb wrap_type=\u00a0\u00bbcontent-width\u00a0\u00bb parallax_image_height=\u00a0\u00bbcontent-height\u00a0\u00bb parallax_image_movement=\u00a0\u00bbfixed\u00a0\u00bb parallax_image_speed=\u00a0\u00bb0.5&Prime; bg_video_loop=\u00a0\u00bbyes\u00a0\u00bb parallax_video_height=\u00a0\u00bbwindow-height\u00a0\u00bb parallax_video_overlay=\u00a0\u00bbnone\u00a0\u00bb row_overlay_opacity=\u00a0\u00bb0&Prime; row_col_pos=\u00a0\u00bbdefault\u00a0\u00bb width=\u00a0\u00bb1\/1&Prime; el_position=\u00a0\u00bbfirst last\u00a0\u00bb] [spb_text_block animation=\u00a0\u00bbnone\u00a0\u00bb animation_delay=\u00a0\u00bb0&Prime; simplified_controls=\u00a0\u00bbyes\u00a0\u00bb custom_css_percentage=\u00a0\u00bbno\u00a0\u00bb padding_vertical=\u00a0\u00bb0&Prime; padding_horizontal=\u00a0\u00bb0&Prime; margin_vertical=\u00a0\u00bb0&Prime; custom_css=\u00a0\u00bbmargin-top: 0px;margin-bottom: 0px;\u00a0\u00bb border_size=\u00a0\u00bb0&Prime; border_styling_global=\u00a0\u00bbdefault\u00a0\u00bb width=\u00a0\u00bb1\/1&Prime; el_position=\u00a0\u00bbfirst last\u00a0\u00bb] Pr\u00e9senter une r\u00e9clamation [\/spb_text_block] [spb_text_block animation=\u00a0\u00bbnone\u00a0\u00bb animation_delay=\u00a0\u00bb0&Prime; simplified_controls=\u00a0\u00bbyes\u00a0\u00bb custom_css_percentage=\u00a0\u00bbno\u00a0\u00bb padding_vertical=\u00a0\u00bb0&Prime; padding_horizontal=\u00a0\u00bb0&Prime; margin_vertical=\u00a0\u00bb0&Prime; custom_css=\u00a0\u00bbmargin-top: 0px;margin-bottom: 0px;\u00a0\u00bb border_size=\u00a0\u00bb0&Prime; border_styling_global=\u00a0\u00bbdefault\u00a0\u00bb width=\u00a0\u00bb1\/1&Prime; el_position=\u00a0\u00bbfirst last\u00a0\u00bb] Soumettez une r\u00e9clamation directement sur notre site Web : https:\/\/www.oldrepubliccanada.com\/Claims\/TIPS?culture=fr [&hellip;]<\/p>\n","protected":false},"author":1,"featured_media":0,"parent":13345,"menu_order":0,"comment_status":"closed","ping_status":"closed","template":"","meta":{"om_disable_all_campaigns":false,"_monsterinsights_skip_tracking":false,"_monsterinsights_sitenote_active":false,"_monsterinsights_sitenote_note":"","_monsterinsights_sitenote_category":0,"_uf_show_specific_survey":0,"_uf_disable_surveys":false,"footnotes":""},"class_list":["post-13308","page","type-page","status-publish","hentry"],"aioseo_notices":[],"_links":{"self":[{"href":"https:\/\/gowithtips.com\/fr\/wp-json\/wp\/v2\/pages\/13308","targetHints":{"allow":["GET"]}}],"collection":[{"href":"https:\/\/gowithtips.com\/fr\/wp-json\/wp\/v2\/pages"}],"about":[{"href":"https:\/\/gowithtips.com\/fr\/wp-json\/wp\/v2\/types\/page"}],"author":[{"embeddable":true,"href":"https:\/\/gowithtips.com\/fr\/wp-json\/wp\/v2\/users\/1"}],"replies":[{"embeddable":true,"href":"https:\/\/gowithtips.com\/fr\/wp-json\/wp\/v2\/comments?post=13308"}],"version-history":[{"count":10,"href":"https:\/\/gowithtips.com\/fr\/wp-json\/wp\/v2\/pages\/13308\/revisions"}],"predecessor-version":[{"id":14489,"href":"https:\/\/gowithtips.com\/fr\/wp-json\/wp\/v2\/pages\/13308\/revisions\/14489"}],"up":[{"embeddable":true,"href":"https:\/\/gowithtips.com\/fr\/wp-json\/wp\/v2\/pages\/13345"}],"wp:attachment":[{"href":"https:\/\/gowithtips.com\/fr\/wp-json\/wp\/v2\/media?parent=13308"}],"curies":[{"name":"wp","href":"https:\/\/api.w.org\/{rel}","templated":true}]}}