{"id":13302,"date":"2017-06-06T13:15:21","date_gmt":"2017-06-06T17:15:21","guid":{"rendered":"https:\/\/gowithtips.com\/unclaimed-property\/"},"modified":"2018-10-04T13:44:19","modified_gmt":"2018-10-04T17:44:19","slug":"biens-non-reclames","status":"publish","type":"page","link":"https:\/\/gowithtips.com\/fr\/biens-non-reclames\/","title":{"rendered":"Unclaimed Property"},"content":{"rendered":"[spb_row element_name=\u00a0\u00bbRow\u00a0\u00bb wrap_type=\u00a0\u00bbcontent-width\u00a0\u00bb row_bg_type=\u00a0\u00bbcolor\u00a0\u00bb row_bg_color=\u00a0\u00bb#ffffff\u00a0\u00bb bg_type=\u00a0\u00bbcover\u00a0\u00bb parallax_image_height=\u00a0\u00bbcontent-height\u00a0\u00bb parallax_image_movement=\u00a0\u00bbfixed\u00a0\u00bb parallax_image_speed=\u00a0\u00bb0.5&Prime; bg_video_loop=\u00a0\u00bbyes\u00a0\u00bb parallax_video_height=\u00a0\u00bbwindow-height\u00a0\u00bb parallax_video_overlay=\u00a0\u00bbnone\u00a0\u00bb row_overlay_opacity=\u00a0\u00bb0&Prime; remove_element_spacing=\u00a0\u00bbno\u00a0\u00bb row_col_pos=\u00a0\u00bbdefault\u00a0\u00bb width=\u00a0\u00bb1\/1&Prime; el_position=\u00a0\u00bbfirst last\u00a0\u00bb] [spb_text_block animation=\u00a0\u00bbnone\u00a0\u00bb animation_delay=\u00a0\u00bb0&Prime; simplified_controls=\u00a0\u00bbyes\u00a0\u00bb custom_css_percentage=\u00a0\u00bbno\u00a0\u00bb padding_vertical=\u00a0\u00bb0&Prime; padding_horizontal=\u00a0\u00bb0&Prime; margin_vertical=\u00a0\u00bb0&Prime; custom_css=\u00a0\u00bbmargin-top: 0px;margin-bottom: 0px;\u00a0\u00bb border_size=\u00a0\u00bb0&Prime; border_styling_global=\u00a0\u00bbdefault\u00a0\u00bb width=\u00a0\u00bb1\/1&Prime; el_position=\u00a0\u00bbfirst last\u00a0\u00bb]\n<h1>Biens non r\u00e9clam\u00e9s<\/h1>\n<p>&nbsp;<\/p>\n<p><strong>\u00c0 propos des biens non r\u00e9clam\u00e9s<\/strong><\/p>\n<p>Les biens r\u00e9clam\u00e9s, ce sont des montants d&rsquo;argent qui sont dans la possession de Old Republic, Compagnie d&rsquo;assurance du Canada (Old Republic Canada), mais qui pourraient \u00eatre payable \u00e0 vous selon les modalit\u00e9s d&rsquo;un contrat d&rsquo;assurance, y compris mais non limit\u00e9 au r\u00e8glements de r\u00e9clamation, sommes r\u00e9siduelles d&rsquo;une police, remboursements de primes et montants de commission.\u00a0\u00a0Les raisons pour laquelle cet argent se d\u00e9signe non r\u00e9clam\u00e9 sont vari\u00e9es, il peut y avoir un changement d&rsquo;adresse ou de coordonn\u00e9es et il nous \u00e9tait impossible de retracer le propri\u00e9taire.<\/p>\n<p><strong>Que faire si vous vous croyez propri\u00e9taire de biens non r\u00e9clam\u00e9s?<\/strong><\/p>\n<p>Si vous\u00a0croyez que vous avez droit \u00e0 des biens non r\u00e9clam\u00e9s en notre possession ou si vous agissez de la part de quelqu&rsquo;un qui le cro\u00eet et vous voulez le faire enqu\u00eater, veuillez nous fournir les renseignements suivants pour vous faire contacter par un repr\u00e9sentant de Old Republic Canada dans les 4 \u00e0 6 semaines :<\/p>\n<ul>\n<li>Pr\u00e9nom et nom et pr\u00e9nom<\/li>\n<li>Coordonn\u00e9es actuelles : adresse postale, num\u00e9ro de t\u00e9l\u00e9phone et adresse courriel<\/li>\n<li>Lien de parent\u00e9 avec le propri\u00e9taire, si vous agissez de la part d&rsquo;un autre<\/li>\n<li>Type de biens non r\u00e9clam\u00e9s (p. ex. r\u00e9clamation, montant r\u00e9siduel d&rsquo;une police, montant de commission)<\/li>\n<li>Type de police (assurance vie, accident et maladie, voyage)<\/li>\n<li>Num\u00e9ro de police, si vous le savez<\/li>\n<li>Montant de biens non r\u00e9clam\u00e9s, si vous le savez<\/li>\n<\/ul>\n<p>Veuillez envoyer votre demande \u00e0 :<\/p>\n<p><strong>Par la poste :<\/strong><br \/>\nAttention: Conformit\u00e9\/Ombudsman<br \/>\nOld Republic Canada<br \/>\nC.P.\u00a0557, 100 rue King Ouest<br \/>\nHamilton, ON\u00a0L8N 3K9<br \/>\nCanada<\/p>\n<p><strong>T\u00e9l\u00e9phone <\/strong>: Sans frais 1-800-530-5446<\/p>\n<p><strong>Courriel :<\/strong> <a href=\"mailto:compliance@orican.com\">compliance@orican.com<\/a><\/p>\n<p><strong>Fax :<\/strong> 1-866-551-1702<\/p>\n<p><strong>La loi quant aux biens non r\u00e9clam\u00e9s<\/strong><\/p>\n<p>Les\u00a0provinces de la Colombie-Britannique, Alberta et Qu\u00e9bec ont des r\u00e8glements qui exigent que les parties qui sont\u00a0en possession des biens non r\u00e9clam\u00e9s fassent des efforts pour retracer et contacter les titulaires l\u00e9gitimes de ceux-ci, si la derni\u00e8re adresse\u00a0qu&rsquo;ils ont se situe dans l&rsquo;une des provinces not\u00e9es plus hau.<\/p>\n<p>Pour plus de renseignements sur les exigences provinciales quant aux biens non r\u00e9clam\u00e9s, veuillez visiter le site Web du gouvernement de votre province :<\/p>\n<ul>\n<li>Revenu Qu\u00e9bec,\u00a0Registre des biens non r\u00e9clam\u00e9s<\/li>\n<li>Alberta Treasury Board and Finance, Unclaimed Property<\/li>\n<li>British Columbia Unclaimed Property Society, Search for Unclaimed Property<\/li>\n<\/ul>\n[\/spb_text_block] [spb_blank_spacer height=\u00a0\u00bb30px\u00a0\u00bb responsive_vis=\u00a0\u00bbhidden-xs\u00a0\u00bb width=\u00a0\u00bb1\/1&Prime; el_position=\u00a0\u00bbfirst last\u00a0\u00bb] [\/spb_row]\n","protected":false},"excerpt":{"rendered":"<p>[spb_row element_name=\u00a0\u00bbRow\u00a0\u00bb wrap_type=\u00a0\u00bbcontent-width\u00a0\u00bb row_bg_type=\u00a0\u00bbcolor\u00a0\u00bb row_bg_color=\u00a0\u00bb#ffffff\u00a0\u00bb bg_type=\u00a0\u00bbcover\u00a0\u00bb parallax_image_height=\u00a0\u00bbcontent-height\u00a0\u00bb parallax_image_movement=\u00a0\u00bbfixed\u00a0\u00bb parallax_image_speed=\u00a0\u00bb0.5&Prime; bg_video_loop=\u00a0\u00bbyes\u00a0\u00bb parallax_video_height=\u00a0\u00bbwindow-height\u00a0\u00bb parallax_video_overlay=\u00a0\u00bbnone\u00a0\u00bb row_overlay_opacity=\u00a0\u00bb0&Prime; remove_element_spacing=\u00a0\u00bbno\u00a0\u00bb row_col_pos=\u00a0\u00bbdefault\u00a0\u00bb width=\u00a0\u00bb1\/1&Prime; el_position=\u00a0\u00bbfirst last\u00a0\u00bb] [spb_text_block animation=\u00a0\u00bbnone\u00a0\u00bb animation_delay=\u00a0\u00bb0&Prime; simplified_controls=\u00a0\u00bbyes\u00a0\u00bb custom_css_percentage=\u00a0\u00bbno\u00a0\u00bb padding_vertical=\u00a0\u00bb0&Prime; padding_horizontal=\u00a0\u00bb0&Prime; margin_vertical=\u00a0\u00bb0&Prime; custom_css=\u00a0\u00bbmargin-top: 0px;margin-bottom: 0px;\u00a0\u00bb border_size=\u00a0\u00bb0&Prime; border_styling_global=\u00a0\u00bbdefault\u00a0\u00bb width=\u00a0\u00bb1\/1&Prime; el_position=\u00a0\u00bbfirst last\u00a0\u00bb] Biens non r\u00e9clam\u00e9s &nbsp; \u00c0 propos des biens non r\u00e9clam\u00e9s Les biens r\u00e9clam\u00e9s, ce sont des montants d&rsquo;argent qui sont dans la possession de Old Republic, [&hellip;]<\/p>\n","protected":false},"author":1,"featured_media":0,"parent":0,"menu_order":0,"comment_status":"open","ping_status":"closed","template":"","meta":{"om_disable_all_campaigns":false,"_monsterinsights_skip_tracking":false,"_monsterinsights_sitenote_active":false,"_monsterinsights_sitenote_note":"","_monsterinsights_sitenote_category":0,"_uf_show_specific_survey":0,"_uf_disable_surveys":false,"footnotes":""},"class_list":["post-13302","page","type-page","status-publish","hentry"],"aioseo_notices":[],"_links":{"self":[{"href":"https:\/\/gowithtips.com\/fr\/wp-json\/wp\/v2\/pages\/13302","targetHints":{"allow":["GET"]}}],"collection":[{"href":"https:\/\/gowithtips.com\/fr\/wp-json\/wp\/v2\/pages"}],"about":[{"href":"https:\/\/gowithtips.com\/fr\/wp-json\/wp\/v2\/types\/page"}],"author":[{"embeddable":true,"href":"https:\/\/gowithtips.com\/fr\/wp-json\/wp\/v2\/users\/1"}],"replies":[{"embeddable":true,"href":"https:\/\/gowithtips.com\/fr\/wp-json\/wp\/v2\/comments?post=13302"}],"version-history":[{"count":5,"href":"https:\/\/gowithtips.com\/fr\/wp-json\/wp\/v2\/pages\/13302\/revisions"}],"predecessor-version":[{"id":13947,"href":"https:\/\/gowithtips.com\/fr\/wp-json\/wp\/v2\/pages\/13302\/revisions\/13947"}],"wp:attachment":[{"href":"https:\/\/gowithtips.com\/fr\/wp-json\/wp\/v2\/media?parent=13302"}],"curies":[{"name":"wp","href":"https:\/\/api.w.org\/{rel}","templated":true}]}}