{"id":13300,"date":"2017-06-06T13:44:33","date_gmt":"2017-06-06T17:44:33","guid":{"rendered":"https:\/\/gowithtips.com\/accessible-customer-service-policy\/"},"modified":"2018-10-04T09:35:16","modified_gmt":"2018-10-04T13:35:16","slug":"politique-accessibilite-service-a-la-clientele","status":"publish","type":"page","link":"https:\/\/gowithtips.com\/fr\/politique-accessibilite-service-a-la-clientele\/","title":{"rendered":"Accessible Customer Service Policy"},"content":{"rendered":"[spb_row element_name=\u00a0\u00bbRow\u00a0\u00bb wrap_type=\u00a0\u00bbcontent-width\u00a0\u00bb row_bg_type=\u00a0\u00bbcolor\u00a0\u00bb row_bg_color=\u00a0\u00bb#ffffff\u00a0\u00bb bg_type=\u00a0\u00bbcover\u00a0\u00bb parallax_image_height=\u00a0\u00bbcontent-height\u00a0\u00bb parallax_image_movement=\u00a0\u00bbfixed\u00a0\u00bb parallax_image_speed=\u00a0\u00bb0.5&Prime; bg_video_loop=\u00a0\u00bbyes\u00a0\u00bb parallax_video_height=\u00a0\u00bbwindow-height\u00a0\u00bb parallax_video_overlay=\u00a0\u00bbnone\u00a0\u00bb row_overlay_opacity=\u00a0\u00bb0&Prime; remove_element_spacing=\u00a0\u00bbno\u00a0\u00bb row_col_pos=\u00a0\u00bbdefault\u00a0\u00bb width=\u00a0\u00bb1\/1&Prime; el_position=\u00a0\u00bbfirst last\u00a0\u00bb] [spb_text_block animation=\u00a0\u00bbnone\u00a0\u00bb animation_delay=\u00a0\u00bb0&Prime; simplified_controls=\u00a0\u00bbyes\u00a0\u00bb custom_css_percentage=\u00a0\u00bbno\u00a0\u00bb padding_vertical=\u00a0\u00bb0&Prime; padding_horizontal=\u00a0\u00bb0&Prime; margin_vertical=\u00a0\u00bb0&Prime; custom_css=\u00a0\u00bbmargin-top: 0px;margin-bottom: 0px;\u00a0\u00bb border_size=\u00a0\u00bb0&Prime; border_styling_global=\u00a0\u00bbdefault\u00a0\u00bb width=\u00a0\u00bb1\/1&Prime; el_position=\u00a0\u00bbfirst last\u00a0\u00bb]\n<h1>Politique d&rsquo;accessibilit\u00e9 au Service \u00e0 la client\u00e8le<\/h1>\n[\/spb_text_block] [spb_text_block animation=\u00a0\u00bbnone\u00a0\u00bb animation_delay=\u00a0\u00bb0&Prime; simplified_controls=\u00a0\u00bbyes\u00a0\u00bb custom_css_percentage=\u00a0\u00bbno\u00a0\u00bb padding_vertical=\u00a0\u00bb0&Prime; padding_horizontal=\u00a0\u00bb0&Prime; margin_vertical=\u00a0\u00bb0&Prime; custom_css=\u00a0\u00bbmargin-top: 0px;margin-bottom: 0px;\u00a0\u00bb border_size=\u00a0\u00bb0&Prime; border_styling_global=\u00a0\u00bbdefault\u00a0\u00bb el_class=\u00a0\u00bbmb0 pb0&Prime; width=\u00a0\u00bb1\/1&Prime; el_position=\u00a0\u00bbfirst last\u00a0\u00bb]\n<p><b><strong>1. Notre engagement<\/strong><\/b><\/p>\n<p>Old Republic, Compagnie d\u2019assurance du Canada (Old Republic Canada) s\u2019engage \u00e0 l\u2019excellence du service envers tous ses clients, y compris les personnes handicap\u00e9es. Old Republic Canada s\u2019efforce en tout temps \u00e0 livrer ses produits et services d\u2019une mani\u00e8re qui respecte la dignit\u00e9 et ind\u00e9pendance des personnes handicap\u00e9s.\u00a0 Nous nous engageons \u00e9galement \u00e0 prendre les mesures raisonnables afin que les individus handicap\u00e9s puissent acc\u00e9der \u00e0 nos produits et services dans les m\u00eames lieux et de la m\u00eame mani\u00e8re que les autres clients.<\/p>\n<p><b><strong>2. Communication<\/strong><\/b><\/p>\n<p>Nous nous engageons \u00e0 communiquer avec les personnes handicap\u00e9es par des m\u00e9thodes qui tiennent compte de leur limitation fonctionnelle. Notre personnel qui traite avec les clients est form\u00e9 \u00e0 interagir et \u00e0 communiquer avec les personnes atteintes de diverses d\u00e9ficiences.<\/p>\n<p><b><strong>3. Service t\u00e9l\u00e9phonique<\/strong><\/b><\/p>\n<p>Concernant la communication t\u00e9l\u00e9phonique avec les clients handicap\u00e9s, nous chargeons notre personnel de parler distinctement et d\u2019utiliser des mots clairs et simples. Nous mettons en disponibilit\u00e9 d\u2019autres m\u00e9thodes de communication pour assurer que tous les clients puissent communiquer de la mani\u00e8re qui leur convient le mieux, p.ex. par courriel, par fax, par la poste.<\/p>\n<p><b><strong>4. Accessoires fonctionnels<\/strong><\/b><\/p>\n<p>Si une personne handicap\u00e9e emploie des accessoires fonctionnels afin d\u2019obtenir, utiliser ou b\u00e9n\u00e9ficier de nos produits et services, nous nous engageons \u00e0 l\u2019accueillir et servir. Nous assurerons d\u2019\u00eatre sensibilis\u00e9s \u00e0 la possibilit\u00e9 de devoir accueillir et servir un client handicap\u00e9 qui emploie des accessoires fonctionnels dans la procuration de nos produits et services.<\/p>\n<p><b><strong>5. Facturation<\/strong><\/b><\/p>\n<p>Nous nous engageons \u00e0 produire des factures accessibles \u00e0 tous nos clients. Nous r\u00e9pondrons \u00e0 toutes les questions pos\u00e9es par les clients concernant le contenu de la facture et ce en personne, par t\u00e9l\u00e9phone ou par courriel<\/p>\n<p><b><strong>6. Utilisation des animaux d\u2019assistance et de personnes de confiance<\/strong><\/b><\/p>\n<p>Nous nous engageons \u00e0 accueillir les personnes handicap\u00e9es qui sont accompagn\u00e9es d\u2019un animal d\u2019assistance dans les aires de nos locaux ouvertes au public et aux autres tierces parties. Nous ferons en sorte que le personnel qui est en contact direct avec le public soit correctement form\u00e9 sur la mani\u00e8re d\u2019interagir avec les personnes handicap\u00e9es accompagn\u00e9es d\u2019un animal d\u2019assistance.<\/p>\n<p>Nous nous engageons \u00e0 accueillir les personnes handicap\u00e9es qui sont accompagn\u00e9s d\u2019une personne de confiance. Toute personne handicap\u00e9e qui est accompagn\u00e9e d\u2019une personne de confiance sera accueillie sur les lieux de Old Republic Canada avec sa personne de confiance.\u00a0 \u00c9tant donn\u00e9 la nature des renseignements qui peuvent \u00eatre discut\u00e9s en pr\u00e9sence de la personne de confiance qui aide ou accompagne la personne handicap\u00e9e, Old Republic Canada pourrait exiger que la personne handicap\u00e9e nous affirme qu\u2019il est d\u2019accord si nous discutons de ses renseignements confidentiels en pr\u00e9sence de la personne de confiance.<\/p>\n<p><b><strong>7. Avis d\u2019interruption temporaire<\/strong><\/b><\/p>\n<p>Dans la mesure du possible, Old Republic Canada avertira ses clients s\u2019il y a une interruption pr\u00e9vue ou spontan\u00e9e aux installations ou services normalement utilis\u00e9s par les personnes handicap\u00e9es. L\u2019avis renseignera sur la raison de l\u2019interruption et sur sa dur\u00e9e anticip\u00e9e, et donnera une description des services alternatifs qui sont disponibles, s\u2019il y a lieu.<\/p>\n<p><b><strong>8. Formation<\/strong><\/b><\/p>\n<p>Old Republic Canada veille \u00e0 \u00e9duquer ses employ\u00e9s qui traitent avec le public ainsi que ceux qui sont impliqu\u00e9s dans le d\u00e9veloppement des politiques, pratiques et proc\u00e9dures de l\u2019entreprise afin de les sensibiliser au sujet de la livraison des services aux personnes handicap\u00e9es. La formation comprendra\u00a0:<\/p>\n<ul>\n<li>Les objectifs de la Loi de 2005 sur l\u2019accessibilit\u00e9 pour les personnes handicap\u00e9es de l\u2019Ontario et les exigences de la Norme pour les services \u00e0 la client\u00e8le.<\/li>\n<li>Comment communiquer avec et se comporter envers les clients ayant une limitation fonctionnelle quelconque.<\/li>\n<li>Les \u00e9tapes \u00e0 suivre si une personne handicap\u00e9e \u00e9prouve des difficult\u00e9s \u00e0 acc\u00e9der aux produits et services de Old Republic Canada.<\/li>\n<li>Les politiques, pratiques et proc\u00e9dures de l\u2019entreprise qui se rapportent \u00e0 la Norme pour les services \u00e0 la clientele.<\/li>\n<\/ul>\n<ol>\n<li style=\"list-style-type: none;\">\n<ol>\n<li style=\"list-style-type: none;\"><\/li>\n<\/ol>\n<\/li>\n<\/ol>\n<p><b><strong>9. Commentaires des clients<\/strong><\/b><\/p>\n<ol>\n<li style=\"list-style-type: none;\">\n<ol>\n<li style=\"list-style-type: none;\"><\/li>\n<\/ol>\n<\/li>\n<\/ol>\n<p>Nous invitons \u00e0 tous nos clients, y compris les clients handicap\u00e9s, de nous communiquer leurs impressions sur la livraison des produits et services par Old Republic Canada. Adressez vos commentaires sur la livraison de nos produits et services pour personnes handicap\u00e9es au Service de la conformit\u00e9 par l\u2019une des m\u00e9thodes suivantes\u00a0:<\/p>\n<ul>\n<li><strong>Par la poste :<\/strong><\/li>\n<\/ul>\n<p>Service de la conformit\u00e9<br \/>\nOld Republic, Compagnie d\u2019assurance du Canada<br \/>\nC.P. 557, 100 rue King Ouest<br \/>\nHamilton, ON L8N 3K9<\/p>\n<ul>\n<li><strong>Par courriel :<\/strong> <a href=\"mailto:compliance@orican.com\"><strong>compliance@orican.com<\/strong><\/a><\/li>\n<li><strong>Par t\u00e9l\u00e9phone :<\/strong><\/li>\n<\/ul>\n<p>Sans frais: 1-800-530-5446<br \/>\n(demander le Service de la conformit\u00e9)<\/p>\n<ol>\n<li style=\"list-style-type: none;\">\n<ol>\n<li style=\"list-style-type: none;\"><\/li>\n<\/ol>\n<\/li>\n<\/ol>\n<p>Notre Service de la conformit\u00e9 est charg\u00e9 d\u2019accueillir et r\u00e9pondre aux commentaires et plaintes. Les plaintes seront trait\u00e9es selon notre proc\u00e9dure pour la gestion des plaintes.<\/p>\n<p><b><strong>10. Modifications \u00e0 la pr\u00e9sente politique ou aux autres politiques<\/strong><\/b><\/p>\n<p>Nous nous engageons \u00e0 d\u00e9velopper des politiques de service \u00e0 la client\u00e8le qui respectent et promeuvent la dignit\u00e9 et ind\u00e9pendance des personnes handicap\u00e9es. Aucun changement ne sera effectu\u00e9 \u00e0 la pr\u00e9sente politique sans consid\u00e9rer l\u2019impact que cela pourrait avoir sur les personnes handicap\u00e9es.<\/p>\n<p><b><strong>11. Questions concernant la pr\u00e9sente politique<\/strong><\/b><\/p>\n<p>La pr\u00e9sente politique existe afin d\u2019atteindre l\u2019excellence du service pour nos clients handicap\u00e9s. Si vous voulez vous faire parvenir une copie de notre politique ou si vous avez des questions la concernant, veuillez communiquer avec notre Service de la conformit\u00e9.<\/p>\n<p>La pr\u00e9sente politique est accessible en d\u2019autres formats sur demande.<\/p>\n[\/spb_text_block] [spb_blank_spacer height=\u00a0\u00bb30px\u00a0\u00bb responsive_vis=\u00a0\u00bbhidden-xs\u00a0\u00bb width=\u00a0\u00bb1\/1&Prime; el_position=\u00a0\u00bbfirst last\u00a0\u00bb] [\/spb_row]\n","protected":false},"excerpt":{"rendered":"<p>[spb_row element_name=\u00a0\u00bbRow\u00a0\u00bb wrap_type=\u00a0\u00bbcontent-width\u00a0\u00bb row_bg_type=\u00a0\u00bbcolor\u00a0\u00bb row_bg_color=\u00a0\u00bb#ffffff\u00a0\u00bb bg_type=\u00a0\u00bbcover\u00a0\u00bb parallax_image_height=\u00a0\u00bbcontent-height\u00a0\u00bb parallax_image_movement=\u00a0\u00bbfixed\u00a0\u00bb parallax_image_speed=\u00a0\u00bb0.5&Prime; bg_video_loop=\u00a0\u00bbyes\u00a0\u00bb parallax_video_height=\u00a0\u00bbwindow-height\u00a0\u00bb parallax_video_overlay=\u00a0\u00bbnone\u00a0\u00bb row_overlay_opacity=\u00a0\u00bb0&Prime; remove_element_spacing=\u00a0\u00bbno\u00a0\u00bb row_col_pos=\u00a0\u00bbdefault\u00a0\u00bb width=\u00a0\u00bb1\/1&Prime; el_position=\u00a0\u00bbfirst last\u00a0\u00bb] [spb_text_block animation=\u00a0\u00bbnone\u00a0\u00bb animation_delay=\u00a0\u00bb0&Prime; simplified_controls=\u00a0\u00bbyes\u00a0\u00bb custom_css_percentage=\u00a0\u00bbno\u00a0\u00bb padding_vertical=\u00a0\u00bb0&Prime; padding_horizontal=\u00a0\u00bb0&Prime; margin_vertical=\u00a0\u00bb0&Prime; custom_css=\u00a0\u00bbmargin-top: 0px;margin-bottom: 0px;\u00a0\u00bb border_size=\u00a0\u00bb0&Prime; border_styling_global=\u00a0\u00bbdefault\u00a0\u00bb width=\u00a0\u00bb1\/1&Prime; el_position=\u00a0\u00bbfirst last\u00a0\u00bb] Politique d&rsquo;accessibilit\u00e9 au Service \u00e0 la client\u00e8le [\/spb_text_block] [spb_text_block animation=\u00a0\u00bbnone\u00a0\u00bb animation_delay=\u00a0\u00bb0&Prime; simplified_controls=\u00a0\u00bbyes\u00a0\u00bb custom_css_percentage=\u00a0\u00bbno\u00a0\u00bb padding_vertical=\u00a0\u00bb0&Prime; padding_horizontal=\u00a0\u00bb0&Prime; margin_vertical=\u00a0\u00bb0&Prime; custom_css=\u00a0\u00bbmargin-top: 0px;margin-bottom: 0px;\u00a0\u00bb border_size=\u00a0\u00bb0&Prime; border_styling_global=\u00a0\u00bbdefault\u00a0\u00bb el_class=\u00a0\u00bbmb0 pb0&Prime; width=\u00a0\u00bb1\/1&Prime; el_position=\u00a0\u00bbfirst last\u00a0\u00bb] [&hellip;]<\/p>\n","protected":false},"author":1,"featured_media":0,"parent":0,"menu_order":0,"comment_status":"open","ping_status":"closed","template":"","meta":{"om_disable_all_campaigns":false,"_monsterinsights_skip_tracking":false,"_monsterinsights_sitenote_active":false,"_monsterinsights_sitenote_note":"","_monsterinsights_sitenote_category":0,"_uf_show_specific_survey":0,"_uf_disable_surveys":false,"footnotes":""},"class_list":["post-13300","page","type-page","status-publish","hentry"],"aioseo_notices":[],"_links":{"self":[{"href":"https:\/\/gowithtips.com\/fr\/wp-json\/wp\/v2\/pages\/13300","targetHints":{"allow":["GET"]}}],"collection":[{"href":"https:\/\/gowithtips.com\/fr\/wp-json\/wp\/v2\/pages"}],"about":[{"href":"https:\/\/gowithtips.com\/fr\/wp-json\/wp\/v2\/types\/page"}],"author":[{"embeddable":true,"href":"https:\/\/gowithtips.com\/fr\/wp-json\/wp\/v2\/users\/1"}],"replies":[{"embeddable":true,"href":"https:\/\/gowithtips.com\/fr\/wp-json\/wp\/v2\/comments?post=13300"}],"version-history":[{"count":5,"href":"https:\/\/gowithtips.com\/fr\/wp-json\/wp\/v2\/pages\/13300\/revisions"}],"predecessor-version":[{"id":13948,"href":"https:\/\/gowithtips.com\/fr\/wp-json\/wp\/v2\/pages\/13300\/revisions\/13948"}],"wp:attachment":[{"href":"https:\/\/gowithtips.com\/fr\/wp-json\/wp\/v2\/media?parent=13300"}],"curies":[{"name":"wp","href":"https:\/\/api.w.org\/{rel}","templated":true}]}}