{"id":13289,"date":"2014-05-08T22:40:43","date_gmt":"2014-05-08T22:40:43","guid":{"rendered":"https:\/\/gowithtips.com\/about\/about-our-underwriters\/"},"modified":"2021-10-04T10:26:42","modified_gmt":"2021-10-04T14:26:42","slug":"a-propos-de-lassureur-2","status":"publish","type":"page","link":"https:\/\/gowithtips.com\/fr\/a-propos-tips-2\/a-propos-de-lassureur-2\/","title":{"rendered":"About our Underwriter"},"content":{"rendered":"[spb_row element_name=\u00a0\u00bbRow\u00a0\u00bb wrap_type=\u00a0\u00bbstandard-width\u00a0\u00bb row_bg_type=\u00a0\u00bbcolor\u00a0\u00bb row_bg_color=\u00a0\u00bb#ffffff\u00a0\u00bb color_row_height=\u00a0\u00bbcontent-height\u00a0\u00bb bg_type=\u00a0\u00bbcover\u00a0\u00bb parallax_image_height=\u00a0\u00bbcontent-height\u00a0\u00bb parallax_image_movement=\u00a0\u00bbfixed\u00a0\u00bb parallax_image_speed=\u00a0\u00bbstandard\u00a0\u00bb bg_video_loop=\u00a0\u00bbyes\u00a0\u00bb parallax_video_height=\u00a0\u00bbwindow-height\u00a0\u00bb row_top_style=\u00a0\u00bbnone\u00a0\u00bb row_bottom_style=\u00a0\u00bbnone\u00a0\u00bb parallax_video_overlay=\u00a0\u00bbnone\u00a0\u00bb row_overlay_opacity=\u00a0\u00bb0&Prime; remove_element_spacing=\u00a0\u00bbno\u00a0\u00bb row_col_spacing=\u00a0\u00bb0&Prime; row_col_pos=\u00a0\u00bbdefault\u00a0\u00bb row_col_equal_heights=\u00a0\u00bbno\u00a0\u00bb row_expanding=\u00a0\u00bbno\u00a0\u00bb row_animation=\u00a0\u00bbnone\u00a0\u00bb row_animation_delay=\u00a0\u00bb0&Prime; minimize_row=\u00a0\u00bbno\u00a0\u00bb simplified_controls=\u00a0\u00bbyes\u00a0\u00bb custom_css_percentage=\u00a0\u00bbno\u00a0\u00bb custom_css=\u00a0\u00bbmargin-top: 0px;margin-bottom: 0px;\u00a0\u00bb border_styling_global=\u00a0\u00bbdefault\u00a0\u00bb width=\u00a0\u00bb1\/1&Prime; el_position=\u00a0\u00bbfirst last\u00a0\u00bb] [spb_text_block animation=\u00a0\u00bbnone\u00a0\u00bb animation_delay=\u00a0\u00bb0&Prime; simplified_controls=\u00a0\u00bbyes\u00a0\u00bb custom_css_percentage=\u00a0\u00bbno\u00a0\u00bb padding_vertical=\u00a0\u00bb0&Prime; padding_horizontal=\u00a0\u00bb0&Prime; margin_vertical=\u00a0\u00bb0&Prime; custom_css=\u00a0\u00bbmargin-top: 0px;margin-bottom: 0px;\u00a0\u00bb border_size=\u00a0\u00bb0&Prime; border_styling_global=\u00a0\u00bbdefault\u00a0\u00bb width=\u00a0\u00bb1\/1&Prime; el_position=\u00a0\u00bbfirst last\u00a0\u00bb]\n<h2>\u00c0 propos de l&rsquo;assureur<\/h2>\n[\/spb_text_block] [spb_text_block animation=\u00a0\u00bbnone\u00a0\u00bb animation_delay=\u00a0\u00bb0&Prime; simplified_controls=\u00a0\u00bbyes\u00a0\u00bb custom_css_percentage=\u00a0\u00bbno\u00a0\u00bb padding_vertical=\u00a0\u00bb0&Prime; padding_horizontal=\u00a0\u00bb0&Prime; margin_vertical=\u00a0\u00bb0&Prime; custom_css=\u00a0\u00bbmargin-top: 0px;margin-bottom: 0px;\u00a0\u00bb border_size=\u00a0\u00bb0&Prime; border_styling_global=\u00a0\u00bbdefault\u00a0\u00bb el_class=\u00a0\u00bbmb0 pb0&Prime; width=\u00a0\u00bb1\/1&Prime; el_position=\u00a0\u00bbfirst last\u00a0\u00bb]\n<p>TIPS Assurance voyage est \u00e9tablie par\u00a0<a href=\"http:\/\/www.orican.com\" target=\"_blank\" rel=\"noopener noreferrer\">Old Republic,\u00a0Compagnie d&rsquo;assurance du Canada<\/a> (\u201cOld Republic Canada\u201d).<\/p>\n[\/spb_text_block] [spb_divider type=\u00a0\u00bbstandard\u00a0\u00bb text=\u00a0\u00bbGo to top\u00a0\u00bb top_margin=\u00a0\u00bb30px\u00a0\u00bb bottom_margin=\u00a0\u00bb30px\u00a0\u00bb fullwidth=\u00a0\u00bbno\u00a0\u00bb width=\u00a0\u00bb1\/1&Prime; el_position=\u00a0\u00bbfirst last\u00a0\u00bb] [spb_text_block animation=\u00a0\u00bbnone\u00a0\u00bb animation_delay=\u00a0\u00bb0&Prime; simplified_controls=\u00a0\u00bbyes\u00a0\u00bb custom_css_percentage=\u00a0\u00bbno\u00a0\u00bb padding_vertical=\u00a0\u00bb0&Prime; padding_horizontal=\u00a0\u00bb0&Prime; margin_vertical=\u00a0\u00bb0&Prime; custom_css=\u00a0\u00bbmargin-top: 0px;margin-bottom: 0px;\u00a0\u00bb border_size=\u00a0\u00bb0&Prime; border_styling_global=\u00a0\u00bbdefault\u00a0\u00bb width=\u00a0\u00bb1\/1&Prime; el_position=\u00a0\u00bbfirst last\u00a0\u00bb][\/spb_text_block] [spb_counter subject=\u00a0\u00bbPlus de 140 employ\u00e9s situ\u00e9s \u00e0 Hamilton, ON\u00a0\u00bb from=\u00a0\u00bb0&Prime; to=\u00a0\u00bb140&Prime; speed=\u00a0\u00bb2000&Prime; refresh=\u00a0\u00bb25&Prime; commas=\u00a0\u00bbtrue\u00a0\u00bb textstyle=\u00a0\u00bbh6&Prime; textcolor=\u00a0\u00bb#7a1501&Prime; el_class=\u00a0\u00bbcounter\u00a0\u00bb width=\u00a0\u00bb1\/4&Prime; el_position=\u00a0\u00bbfirst\u00a0\u00bb] [spb_counter subject=\u00a0\u00bbR\u00c9CLAMATIONS R\u00c9GL\u00c9ES EN 5 JOURS\u00a0\u00bb from=\u00a0\u00bb0&Prime; to=\u00a0\u00bb5&Prime; speed=\u00a0\u00bb2000&Prime; refresh=\u00a0\u00bb25&Prime; commas=\u00a0\u00bbfalse\u00a0\u00bb textstyle=\u00a0\u00bbh6&Prime; textcolor=\u00a0\u00bb#7a1501&Prime; el_class=\u00a0\u00bbcounter\u00a0\u00bb width=\u00a0\u00bb1\/4&Prime;] [spb_counter subject=\u00a0\u00bb80 % DES APPELS T\u00c9L\u00c9PHONIQUES R\u00c9PONDUS DANS LES 30 SECONDES\u00a0\u00bb from=\u00a0\u00bb0&Prime; to=\u00a0\u00bb80&Prime; speed=\u00a0\u00bb2000&Prime; refresh=\u00a0\u00bb25&Prime; commas=\u00a0\u00bbfalse\u00a0\u00bb textstyle=\u00a0\u00bbh6&Prime; textcolor=\u00a0\u00bb#7a1501&Prime; el_class=\u00a0\u00bbcounter\u00a0\u00bb width=\u00a0\u00bb1\/4&Prime;] [spb_counter subject=\u00a0\u00bbPLUS DE 91 % DES R\u00c9CLAMATIONS SIGNAL\u00c9ES SONT PAY\u00c9ES\u00a0\u00bb from=\u00a0\u00bb0&Prime; to=\u00a0\u00bb91&Prime; speed=\u00a0\u00bb2000&Prime; refresh=\u00a0\u00bb25&Prime; commas=\u00a0\u00bbfalse\u00a0\u00bb textstyle=\u00a0\u00bbh6&Prime; textcolor=\u00a0\u00bb#7a1501&Prime; el_class=\u00a0\u00bbcounter\u00a0\u00bb width=\u00a0\u00bb1\/4&Prime; el_position=\u00a0\u00bblast\u00a0\u00bb] [spb_divider type=\u00a0\u00bbstandard\u00a0\u00bb text=\u00a0\u00bbGo to top\u00a0\u00bb top_margin=\u00a0\u00bb30px\u00a0\u00bb bottom_margin=\u00a0\u00bb60px\u00a0\u00bb fullwidth=\u00a0\u00bbno\u00a0\u00bb width=\u00a0\u00bb1\/1&Prime; el_position=\u00a0\u00bbfirst last\u00a0\u00bb] [spb_text_block animation=\u00a0\u00bbnone\u00a0\u00bb animation_delay=\u00a0\u00bb0&Prime; simplified_controls=\u00a0\u00bbyes\u00a0\u00bb custom_css_percentage=\u00a0\u00bbno\u00a0\u00bb padding_vertical=\u00a0\u00bb0&Prime; padding_horizontal=\u00a0\u00bb0&Prime; margin_vertical=\u00a0\u00bb0&Prime; custom_css=\u00a0\u00bbmargin-top: 0px;margin-bottom: 0px;\u00a0\u00bb border_size=\u00a0\u00bb0&Prime; border_styling_global=\u00a0\u00bbdefault\u00a0\u00bb el_class=\u00a0\u00bbmb0 pb0&Prime; width=\u00a0\u00bb1\/1&Prime; el_position=\u00a0\u00bbfirst last\u00a0\u00bb]\n<p>Old Republic Canada est situ\u00e9e \u00e0 Hamilton, Ontario et fournit des solutions d&rsquo;assurance aux Canadiens depuis 1887.<\/p>\n<p>Elle se sp\u00e9cialise dans la production et gestion de produits de marque priv\u00e9e faits sur mesure pour les distributeurs d&rsquo;assurance voyage et d&rsquo;assurance accident \u00e9tudiant, et elle est leader de l&rsquo;industrie quant \u00e0\u00a0l&rsquo;assurance de camionnage\u00a0\u00e0 long parcours.\u00a0 Elle desserve le march\u00e9 canadien d&rsquo;assurance voyage\u00a0depuis 1978.<\/p>\n<p>Les solutions d&rsquo;assurance voyage qu&rsquo;elle propose sont distribu\u00e9es \u00e0 travers le Canada par l&rsquo;entremise des groupes nationaux d&rsquo;agences de voyage, courtiers et associations.\u00a0 Old Republic Canada, un\u00a0assureur\u00a0\u00e0\u00a0etiquette blanche\u00a0de premier\u00a0rang en Am\u00e9rique du Nord,\u00a0g\u00e8re \u00e0 pr\u00e9sent plus de 1,4 millions d&rsquo;assur\u00e9s, ce qui repr\u00e9sente 170 millions de dollars de prime de voyage.<\/p>\n<p>Old Republic Canada repr\u00e9sente la totalit\u00e9 des operations canadiennes de la corporation Old Republic International (\u00ab ORI \u00bb \u00e0 la Bourse de New York) &#8211; qui compte parmi les 50 plus grands organismes d&rsquo;assurance d&rsquo;appartenance publique en Am\u00e9rique du Nord.\u00a0 Au service de nombreuses grandes entreprises de services industriels et financiers d&rsquo;Am\u00e9rique, son actif consolid\u00e9 s&rsquo;\u00e9l\u00e8ve \u00e0 environ 20,98 milliards de dollars US (en date du juin 2019).\u00a0 Old Republic International jouit \u00e9galement de l&rsquo;une des meilleures reputations de l&rsquo;industrie en tant qu&rsquo;entreprise en croissance \u00e0 long terme.\u00a0 Ses filiales commercialisent, souscrivent et fournissent aussi des services de gestion des risques pour un large \u00e9ventail de couvertures.\u00a0 Leur mission est de fournir une assurance de qualit\u00e9 et des services connexes aux entreprises, aux particuliers et aux institutions publiques et d&rsquo;\u00eatre un intendant fiable \u00e0 long terme de la confiance plac\u00e9e en eux par les titulaires de police et par les actionnaires.\u00a0 Pour de plus amples renseignements sur Old Repulbic International, veuillez visitez leur site Web \u00e0\u00a0 <a href=\"http:\/\/www.oldrepublic.com\" target=\"_blank\" rel=\"noopener noreferrer\">www.oldrepublic.com<\/a>.<\/p>\n[\/spb_text_block] [spb_blank_spacer height=\u00a0\u00bb60px\u00a0\u00bb width=\u00a0\u00bb1\/1&Prime; el_position=\u00a0\u00bbfirst last\u00a0\u00bb] [\/spb_row] [spb_row element_name=\u00a0\u00bbRow\u00a0\u00bb wrap_type=\u00a0\u00bbfull-width-contained\u00a0\u00bb row_bg_type=\u00a0\u00bbcolor\u00a0\u00bb row_bg_color=\u00a0\u00bb#0c121f\u00a0\u00bb color_row_height=\u00a0\u00bbcontent-height\u00a0\u00bb bg_type=\u00a0\u00bbcover\u00a0\u00bb parallax_image_height=\u00a0\u00bbcontent-height\u00a0\u00bb parallax_image_movement=\u00a0\u00bbfixed\u00a0\u00bb parallax_image_speed=\u00a0\u00bbstandard\u00a0\u00bb bg_video_loop=\u00a0\u00bbyes\u00a0\u00bb parallax_video_height=\u00a0\u00bbwindow-height\u00a0\u00bb row_top_style=\u00a0\u00bbnone\u00a0\u00bb row_bottom_style=\u00a0\u00bbnone\u00a0\u00bb parallax_video_overlay=\u00a0\u00bbnone\u00a0\u00bb row_overlay_opacity=\u00a0\u00bb0&Prime; remove_element_spacing=\u00a0\u00bbno\u00a0\u00bb row_col_spacing=\u00a0\u00bb0&Prime; row_col_pos=\u00a0\u00bbdefault\u00a0\u00bb row_col_equal_heights=\u00a0\u00bbno\u00a0\u00bb row_expanding=\u00a0\u00bbno\u00a0\u00bb row_animation=\u00a0\u00bbnone\u00a0\u00bb row_animation_delay=\u00a0\u00bb0&Prime; minimize_row=\u00a0\u00bbno\u00a0\u00bb simplified_controls=\u00a0\u00bbyes\u00a0\u00bb custom_css_percentage=\u00a0\u00bbno\u00a0\u00bb custom_css=\u00a0\u00bbmargin-top: 0px;margin-bottom: 0px;\u00a0\u00bb border_styling_global=\u00a0\u00bbdefault\u00a0\u00bb width=\u00a0\u00bb1\/1&Prime; el_position=\u00a0\u00bbfirst last\u00a0\u00bb] [spb_boxed_content type=\u00a0\u00bbcoloured\u00a0\u00bb custom_text_colour=\u00a0\u00bb#ffffff\u00a0\u00bb box_link_target=\u00a0\u00bb_self\u00a0\u00bb padding_vertical=\u00a0\u00bb0&Prime; padding_horizontal=\u00a0\u00bb0&Prime; width=\u00a0\u00bb1\/1&Prime; el_position=\u00a0\u00bbfirst last\u00a0\u00bb]\n<h2 style=\"text-align: center;\"><span style=\"color: #ffffff;\">Les principes de notre entrprise<\/span><\/h2>\n[\/spb_boxed_content] [spb_swift_slider fullscreen=\u00a0\u00bbfalse\u00a0\u00bb maxheight=\u00a0\u00bb500&Prime; slidecount=\u00a0\u00bb5&Prime; category=\u00a0\u00bb5-business-fundamentals\u00a0\u00bb random=\u00a0\u00bbno\u00a0\u00bb transition=\u00a0\u00bbslide\u00a0\u00bb loop=\u00a0\u00bbtrue\u00a0\u00bb nav=\u00a0\u00bbfalse\u00a0\u00bb pagination=\u00a0\u00bbtrue\u00a0\u00bb continue=\u00a0\u00bbfalse\u00a0\u00bb fullwidth=\u00a0\u00bbyes\u00a0\u00bb width=\u00a0\u00bb1\/1&Prime; el_position=\u00a0\u00bbfirst last\u00a0\u00bb] [\/spb_row]\n","protected":false},"excerpt":{"rendered":"<p>[spb_row element_name=\u00a0\u00bbRow\u00a0\u00bb wrap_type=\u00a0\u00bbstandard-width\u00a0\u00bb row_bg_type=\u00a0\u00bbcolor\u00a0\u00bb row_bg_color=\u00a0\u00bb#ffffff\u00a0\u00bb color_row_height=\u00a0\u00bbcontent-height\u00a0\u00bb bg_type=\u00a0\u00bbcover\u00a0\u00bb parallax_image_height=\u00a0\u00bbcontent-height\u00a0\u00bb parallax_image_movement=\u00a0\u00bbfixed\u00a0\u00bb parallax_image_speed=\u00a0\u00bbstandard\u00a0\u00bb bg_video_loop=\u00a0\u00bbyes\u00a0\u00bb parallax_video_height=\u00a0\u00bbwindow-height\u00a0\u00bb row_top_style=\u00a0\u00bbnone\u00a0\u00bb row_bottom_style=\u00a0\u00bbnone\u00a0\u00bb parallax_video_overlay=\u00a0\u00bbnone\u00a0\u00bb row_overlay_opacity=\u00a0\u00bb0&Prime; remove_element_spacing=\u00a0\u00bbno\u00a0\u00bb row_col_spacing=\u00a0\u00bb0&Prime; row_col_pos=\u00a0\u00bbdefault\u00a0\u00bb row_col_equal_heights=\u00a0\u00bbno\u00a0\u00bb row_expanding=\u00a0\u00bbno\u00a0\u00bb row_animation=\u00a0\u00bbnone\u00a0\u00bb row_animation_delay=\u00a0\u00bb0&Prime; minimize_row=\u00a0\u00bbno\u00a0\u00bb simplified_controls=\u00a0\u00bbyes\u00a0\u00bb custom_css_percentage=\u00a0\u00bbno\u00a0\u00bb custom_css=\u00a0\u00bbmargin-top: 0px;margin-bottom: 0px;\u00a0\u00bb border_styling_global=\u00a0\u00bbdefault\u00a0\u00bb width=\u00a0\u00bb1\/1&Prime; el_position=\u00a0\u00bbfirst last\u00a0\u00bb] [spb_text_block animation=\u00a0\u00bbnone\u00a0\u00bb animation_delay=\u00a0\u00bb0&Prime; simplified_controls=\u00a0\u00bbyes\u00a0\u00bb custom_css_percentage=\u00a0\u00bbno\u00a0\u00bb padding_vertical=\u00a0\u00bb0&Prime; padding_horizontal=\u00a0\u00bb0&Prime; margin_vertical=\u00a0\u00bb0&Prime; custom_css=\u00a0\u00bbmargin-top: 0px;margin-bottom: 0px;\u00a0\u00bb border_size=\u00a0\u00bb0&Prime; border_styling_global=\u00a0\u00bbdefault\u00a0\u00bb width=\u00a0\u00bb1\/1&Prime; el_position=\u00a0\u00bbfirst last\u00a0\u00bb] \u00c0 propos de l&rsquo;assureur [\/spb_text_block] [spb_text_block animation=\u00a0\u00bbnone\u00a0\u00bb animation_delay=\u00a0\u00bb0&Prime; simplified_controls=\u00a0\u00bbyes\u00a0\u00bb custom_css_percentage=\u00a0\u00bbno\u00a0\u00bb padding_vertical=\u00a0\u00bb0&Prime; [&hellip;]<\/p>\n","protected":false},"author":1,"featured_media":0,"parent":13284,"menu_order":0,"comment_status":"open","ping_status":"closed","template":"","meta":{"om_disable_all_campaigns":false,"_monsterinsights_skip_tracking":false,"_monsterinsights_sitenote_active":false,"_monsterinsights_sitenote_note":"","_monsterinsights_sitenote_category":0,"_uf_show_specific_survey":0,"_uf_disable_surveys":false,"footnotes":""},"class_list":["post-13289","page","type-page","status-publish","hentry"],"aioseo_notices":[],"_links":{"self":[{"href":"https:\/\/gowithtips.com\/fr\/wp-json\/wp\/v2\/pages\/13289","targetHints":{"allow":["GET"]}}],"collection":[{"href":"https:\/\/gowithtips.com\/fr\/wp-json\/wp\/v2\/pages"}],"about":[{"href":"https:\/\/gowithtips.com\/fr\/wp-json\/wp\/v2\/types\/page"}],"author":[{"embeddable":true,"href":"https:\/\/gowithtips.com\/fr\/wp-json\/wp\/v2\/users\/1"}],"replies":[{"embeddable":true,"href":"https:\/\/gowithtips.com\/fr\/wp-json\/wp\/v2\/comments?post=13289"}],"version-history":[{"count":10,"href":"https:\/\/gowithtips.com\/fr\/wp-json\/wp\/v2\/pages\/13289\/revisions"}],"predecessor-version":[{"id":14447,"href":"https:\/\/gowithtips.com\/fr\/wp-json\/wp\/v2\/pages\/13289\/revisions\/14447"}],"up":[{"embeddable":true,"href":"https:\/\/gowithtips.com\/fr\/wp-json\/wp\/v2\/pages\/13284"}],"wp:attachment":[{"href":"https:\/\/gowithtips.com\/fr\/wp-json\/wp\/v2\/media?parent=13289"}],"curies":[{"name":"wp","href":"https:\/\/api.w.org\/{rel}","templated":true}]}}