{"id":11374,"date":"2014-03-26T15:36:37","date_gmt":"2014-03-26T15:36:37","guid":{"rendered":"https:\/\/gowithtips.com\/?page_id=11374&#038;lang=fr"},"modified":"2018-10-12T10:48:58","modified_gmt":"2018-10-12T14:48:58","slug":"home-2","status":"publish","type":"page","link":"https:\/\/gowithtips.com\/fr\/","title":{"rendered":"Home"},"content":{"rendered":"[spb_row element_name=\u00a0\u00bbPromo\/Intro Bar\u00a0\u00bb wrap_type=\u00a0\u00bbfull-width-contained\u00a0\u00bb row_bg_type=\u00a0\u00bbcolor\u00a0\u00bb row_bg_color=\u00a0\u00bb#3c6c87&Prime; color_row_height=\u00a0\u00bbcontent-height\u00a0\u00bb bg_type=\u00a0\u00bbcover\u00a0\u00bb parallax_image_height=\u00a0\u00bbcontent-height\u00a0\u00bb parallax_image_movement=\u00a0\u00bbscroll\u00a0\u00bb parallax_image_speed=\u00a0\u00bbstandard\u00a0\u00bb bg_video_loop=\u00a0\u00bbyes\u00a0\u00bb parallax_video_height=\u00a0\u00bbwindow-height\u00a0\u00bb row_id=\u00a0\u00bbpromoBar\u00a0\u00bb row_top_style=\u00a0\u00bbnone\u00a0\u00bb row_bottom_style=\u00a0\u00bbnone\u00a0\u00bb parallax_video_overlay=\u00a0\u00bbnone\u00a0\u00bb row_overlay_opacity=\u00a0\u00bb0&Prime; remove_element_spacing=\u00a0\u00bbyes\u00a0\u00bb row_col_spacing=\u00a0\u00bb0&Prime; row_col_pos=\u00a0\u00bbdefault\u00a0\u00bb row_col_equal_heights=\u00a0\u00bbno\u00a0\u00bb row_expanding=\u00a0\u00bbno\u00a0\u00bb row_animation=\u00a0\u00bbnone\u00a0\u00bb row_animation_delay=\u00a0\u00bb0&Prime; minimize_row=\u00a0\u00bbno\u00a0\u00bb simplified_controls=\u00a0\u00bbyes\u00a0\u00bb custom_css_percentage=\u00a0\u00bbno\u00a0\u00bb custom_css=\u00a0\u00bbmargin-top: 0px;margin-bottom: 0px;\u00a0\u00bb border_styling_global=\u00a0\u00bbdefault\u00a0\u00bb el_class=\u00a0\u00bbmb0 pb0 no-shadow\u00a0\u00bb width=\u00a0\u00bb1\/1&Prime; el_position=\u00a0\u00bbfirst last\u00a0\u00bb] [spb_text_block element_name=\u00a0\u00bbPromo Image &#8211; 170px x 170px\u00a0\u00bb animation=\u00a0\u00bbnone\u00a0\u00bb animation_delay=\u00a0\u00bb0&Prime; simplified_controls=\u00a0\u00bbyes\u00a0\u00bb custom_css_percentage=\u00a0\u00bbno\u00a0\u00bb padding_vertical=\u00a0\u00bb29&Prime; padding_horizontal=\u00a0\u00bb5&Prime; margin_vertical=\u00a0\u00bb0&Prime; custom_css=\u00a0\u00bbmargin-top: 0px;margin-bottom: 0px;padding-top: 29px;padding-left: 5px;padding-right: 5px;padding-bottom: 29px;\u00a0\u00bb border_size=\u00a0\u00bb0&Prime; border_styling_global=\u00a0\u00bbdefault\u00a0\u00bb width=\u00a0\u00bb1\/4&Prime; el_position=\u00a0\u00bbfirst\u00a0\u00bb]\n<p>&nbsp;<\/p>\n<p><img loading=\"lazy\" decoding=\"async\" class=\"size-full wp-image-11400 aligncenter\" src=\"https:\/\/gowithtips.com\/wp-content\/uploads\/2014\/03\/24-7icon.png\" alt=\"24\/7 365 Icon\" width=\"150\" height=\"150\" data-pin-nopin=\"true\" srcset=\"https:\/\/gowithtips.com\/wp-content\/uploads\/2014\/03\/24-7icon.png 170w, https:\/\/gowithtips.com\/wp-content\/uploads\/2014\/03\/24-7icon-150x150.png 150w\" sizes=\"auto, (max-width: 150px) 100vw, 150px\" \/><\/p>\n[\/spb_text_block] [spb_text_block element_name=\u00a0\u00bbPromo Text\u00a0\u00bb animation=\u00a0\u00bbnone\u00a0\u00bb animation_delay=\u00a0\u00bb0&Prime; simplified_controls=\u00a0\u00bbyes\u00a0\u00bb custom_css_percentage=\u00a0\u00bbno\u00a0\u00bb padding_vertical=\u00a0\u00bb49&Prime; padding_horizontal=\u00a0\u00bb0&Prime; margin_vertical=\u00a0\u00bb0&Prime; custom_css=\u00a0\u00bbmargin-top: 0px;margin-bottom: 0px;padding-top: 49px;padding-bottom: 49px;\u00a0\u00bb border_size=\u00a0\u00bb0&Prime; border_styling_global=\u00a0\u00bbdefault\u00a0\u00bb width=\u00a0\u00bb2\/3&Prime; el_position=\u00a0\u00bblast\u00a0\u00bb]\n<p style=\"text-align: left;\"><strong>La protection financi\u00e8re tout le long du voyage<\/strong><\/p>\n<p style=\"text-align: left;\"><span style=\"font-weight: 400;\">Allez-vous en vacances avec\u00a0votre famille, voyagez-vous pour affaires, ou parcourez-vous l&rsquo;Europe \u00e0 sac \u00e0 dos?\u00a0 Vous trouverez parmi notre large \u00e9ventail un plan qui\u00a0r\u00e9pond \u00e0 vos attentes et qui est\u00a0suppl\u00e9ment\u00e9 d&rsquo;un service d&rsquo;assistance 24\/7 et d&rsquo;une \u00e9quipe de\u00a0service \u00e0 la client\u00e8le exp\u00e9riment\u00e9e qui s&rsquo;occupera de vous comme il faut.<\/span><\/p>\n<p style=\"text-align: left;\"><span style=\"font-weight: 400;\">\u00a0<\/span><\/p>\n[\/spb_text_block] [\/spb_row] [spb_blank_spacer height=\u00a0\u00bb60px\u00a0\u00bb width=\u00a0\u00bb1\/1&Prime; el_position=\u00a0\u00bbfirst last\u00a0\u00bb] [spb_row element_name=\u00a0\u00bbQuick Links Bar\u00a0\u00bb wrap_type=\u00a0\u00bbcontent-width\u00a0\u00bb row_bg_type=\u00a0\u00bbcolor\u00a0\u00bb color_row_height=\u00a0\u00bbcontent-height\u00a0\u00bb bg_type=\u00a0\u00bbcover\u00a0\u00bb parallax_image_height=\u00a0\u00bbcontent-height\u00a0\u00bb parallax_image_movement=\u00a0\u00bbscroll\u00a0\u00bb parallax_image_speed=\u00a0\u00bb0.5&Prime; bg_video_loop=\u00a0\u00bbyes\u00a0\u00bb parallax_video_height=\u00a0\u00bbwindow-height\u00a0\u00bb row_el_class=\u00a0\u00bbmb0 pb0 no-shadow\u00a0\u00bb row_top_style=\u00a0\u00bbnone\u00a0\u00bb row_bottom_style=\u00a0\u00bbnone\u00a0\u00bb parallax_video_overlay=\u00a0\u00bbnone\u00a0\u00bb row_overlay_opacity=\u00a0\u00bb0&Prime; remove_element_spacing=\u00a0\u00bbno\u00a0\u00bb row_col_pos=\u00a0\u00bbdefault\u00a0\u00bb row_expanding=\u00a0\u00bbno\u00a0\u00bb row_animation=\u00a0\u00bbnone\u00a0\u00bb row_animation_delay=\u00a0\u00bb0&Prime; minimize_row=\u00a0\u00bbno\u00a0\u00bb width=\u00a0\u00bb1\/1&Prime; el_position=\u00a0\u00bbfirst last\u00a0\u00bb] [spb_column col_sm=\u00a0\u00bb4&Prime; padding_horizontal=\u00a0\u00bb0&Prime; width=\u00a0\u00bb1\/3&Prime; el_position=\u00a0\u00bbfirst\u00a0\u00bb] [spb_text_block element_name=\u00a0\u00bbQuick Link 1&Prime; animation=\u00a0\u00bbnone\u00a0\u00bb animation_delay=\u00a0\u00bb0&Prime; simplified_controls=\u00a0\u00bbyes\u00a0\u00bb custom_css_percentage=\u00a0\u00bbno\u00a0\u00bb padding_vertical=\u00a0\u00bb23&Prime; padding_horizontal=\u00a0\u00bb0&Prime; margin_vertical=\u00a0\u00bb0&Prime; custom_css=\u00a0\u00bbmargin-top: 0px;margin-bottom: 0px;padding-top: 23px;padding-bottom: 23px;\u00a0\u00bb border_size=\u00a0\u00bb0&Prime; border_styling_global=\u00a0\u00bbdefault\u00a0\u00bb width=\u00a0\u00bb1\/1&Prime; el_position=\u00a0\u00bbfirst last\u00a0\u00bb]\n<p style=\"text-align: center;\"><i class=\"ss-briefcase sf-icon sf-icon-float-none sf-icon-large\" style=\"\"><\/i>\n<h5 style=\"text-align: center;\">Nos produits<\/h5>\n<p style=\"text-align: center;\">Pour un choix de produits, un prix abordable et l&rsquo;assistance 24\/7 en voyage, achetez\u00a0TIPS!\u00a0 Nous offron aux\u00a0voyageurs le choix de plus de 10 plans!\u00a0 Nos produits r\u00e9pondront s\u00fbrement \u00e0 tous\u00a0vos besoins de voyage.<\/p>\n[\/spb_text_block] [spb_button button_text=\u00a0\u00bbEn savoir plus\u00a0\u00bb button_size=\u00a0\u00bbstandard\u00a0\u00bb button_colour=\u00a0\u00bbtransparent-dark\u00a0\u00bb button_type=\u00a0\u00bbstroke-to-fill\u00a0\u00bb rounded=\u00a0\u00bbno\u00a0\u00bb button_dropshadow=\u00a0\u00bbno\u00a0\u00bb button_link=\u00a0\u00bbhttp:\/\/goavectips.com\/produits\/\u00a0\u00bb button_target=\u00a0\u00bb_self\u00a0\u00bb align=\u00a0\u00bbcenter\u00a0\u00bb animation=\u00a0\u00bbnone\u00a0\u00bb animation_delay=\u00a0\u00bb0&Prime; width=\u00a0\u00bb1\/1&Prime; el_position=\u00a0\u00bbfirst last\u00a0\u00bb] [\/spb_column] [spb_column col_sm=\u00a0\u00bb4&Prime; padding_horizontal=\u00a0\u00bb0&Prime; width=\u00a0\u00bb1\/3&Prime;] [spb_text_block element_name=\u00a0\u00bbQuick Link 2&Prime; animation=\u00a0\u00bbnone\u00a0\u00bb animation_delay=\u00a0\u00bb0&Prime; simplified_controls=\u00a0\u00bbyes\u00a0\u00bb custom_css_percentage=\u00a0\u00bbno\u00a0\u00bb padding_vertical=\u00a0\u00bb23&Prime; padding_horizontal=\u00a0\u00bb0&Prime; margin_vertical=\u00a0\u00bb0&Prime; custom_css=\u00a0\u00bbmargin-top: 0px;margin-bottom: 0px;padding-top: 23px;padding-bottom: 23px;\u00a0\u00bb border_size=\u00a0\u00bb0&Prime; border_styling_global=\u00a0\u00bbdefault\u00a0\u00bb width=\u00a0\u00bb1\/1&Prime; el_position=\u00a0\u00bbfirst last\u00a0\u00bb]\n<p style=\"text-align: center;\"><i class=\"ss-alarmclock sf-icon sf-icon-float-none sf-icon-large\" style=\"\"><\/i>\n<h5 style=\"text-align: center;\">R\u00e9clamations<\/h5>\n<p style=\"text-align: center;\">Nos titulaires de police nous connaissent par la fa\u00e7on dont nous traitons et communiquons notre service de r\u00e9clamations.\u00a0 Ce service et notre comportement professionnel nous distinguent de la concurrence.<\/p>\n[\/spb_text_block] [spb_button button_text=\u00a0\u00bbEn savoir plus\u00a0\u00bb button_size=\u00a0\u00bbstandard\u00a0\u00bb button_colour=\u00a0\u00bbtransparent-dark\u00a0\u00bb button_type=\u00a0\u00bbstroke-to-fill\u00a0\u00bb rounded=\u00a0\u00bbno\u00a0\u00bb button_dropshadow=\u00a0\u00bbno\u00a0\u00bb button_link=\u00a0\u00bbhttp:\/\/goavectips.com\/reclamations\/\u00a0\u00bb button_target=\u00a0\u00bb_self\u00a0\u00bb align=\u00a0\u00bbcenter\u00a0\u00bb animation=\u00a0\u00bbnone\u00a0\u00bb animation_delay=\u00a0\u00bb0&Prime; width=\u00a0\u00bb1\/1&Prime; el_position=\u00a0\u00bbfirst last\u00a0\u00bb] [\/spb_column] [spb_column col_sm=\u00a0\u00bb4&Prime; padding_horizontal=\u00a0\u00bb0&Prime; width=\u00a0\u00bb1\/3&Prime; el_position=\u00a0\u00bblast\u00a0\u00bb] [spb_text_block element_name=\u00a0\u00bbQuick Link 3&Prime; animation=\u00a0\u00bbnone\u00a0\u00bb animation_delay=\u00a0\u00bb0&Prime; simplified_controls=\u00a0\u00bbyes\u00a0\u00bb custom_css_percentage=\u00a0\u00bbno\u00a0\u00bb padding_vertical=\u00a0\u00bb23&Prime; padding_horizontal=\u00a0\u00bb0&Prime; margin_vertical=\u00a0\u00bb0&Prime; custom_css=\u00a0\u00bbmargin-top: 0px;margin-bottom: 0px;padding-top: 23px;padding-bottom: 23px;\u00a0\u00bb border_size=\u00a0\u00bb0&Prime; border_styling_global=\u00a0\u00bbdefault\u00a0\u00bb width=\u00a0\u00bb1\/1&Prime; el_position=\u00a0\u00bbfirst last\u00a0\u00bb]\n<p style=\"text-align: center;\"><i class=\"ss-users sf-icon sf-icon-float-none sf-icon-large\" style=\"\"><\/i>\n<h5 style=\"text-align: center;\">Devenir partenaire<\/h5>\n<p style=\"text-align: center;\">Notre service \u00e0 la client\u00e8le\u00a0exceptionnel est bien \u00e9tabli,\u00a0nous comprenons les besoins de nos\u00a0partenaires et nous nous engageons au soutien de leurs entreprises.\u00a0 D\u00e9couvrez\u00a0vous-m\u00eame l&rsquo;avantage de TIPS!<\/p>\n[\/spb_text_block] [spb_button button_text=\u00a0\u00bbEn savoir plus\u00a0\u00bb button_size=\u00a0\u00bbstandard\u00a0\u00bb button_colour=\u00a0\u00bbtransparent-dark\u00a0\u00bb button_type=\u00a0\u00bbstroke-to-fill\u00a0\u00bb rounded=\u00a0\u00bbno\u00a0\u00bb button_dropshadow=\u00a0\u00bbno\u00a0\u00bb button_link=\u00a0\u00bbhttp:\/\/goavectips.com\/pourquoi-associer-avec-nous\/\u00a0\u00bb button_target=\u00a0\u00bb_self\u00a0\u00bb align=\u00a0\u00bbcenter\u00a0\u00bb animation=\u00a0\u00bbnone\u00a0\u00bb animation_delay=\u00a0\u00bb0&Prime; width=\u00a0\u00bb1\/1&Prime; el_position=\u00a0\u00bbfirst last\u00a0\u00bb] [\/spb_column] [\/spb_row] [spb_blank_spacer height=\u00a0\u00bb60px\u00a0\u00bb width=\u00a0\u00bb1\/1&Prime; el_position=\u00a0\u00bbfirst last\u00a0\u00bb] [spb_row element_name=\u00a0\u00bbRow\u00a0\u00bb wrap_type=\u00a0\u00bbcontent-width\u00a0\u00bb parallax_image_height=\u00a0\u00bbcontent-height\u00a0\u00bb parallax_image_movement=\u00a0\u00bbfixed\u00a0\u00bb parallax_image_speed=\u00a0\u00bb0.5&Prime; bg_video_loop=\u00a0\u00bbyes\u00a0\u00bb parallax_video_height=\u00a0\u00bbwindow-height\u00a0\u00bb parallax_video_overlay=\u00a0\u00bbnone\u00a0\u00bb row_overlay_opacity=\u00a0\u00bb0&Prime; row_col_pos=\u00a0\u00bbdefault\u00a0\u00bb width=\u00a0\u00bb1\/1&Prime; el_position=\u00a0\u00bbfirst last\u00a0\u00bb] [spb_swift_slider fullscreen=\u00a0\u00bbfalse\u00a0\u00bb maxheight=\u00a0\u00bb600&Prime; slidecount=\u00a0\u00bb0&Prime; category=\u00a0\u00bbhome-2-fr\u00a0\u00bb random=\u00a0\u00bbno\u00a0\u00bb transition=\u00a0\u00bbslide\u00a0\u00bb loop=\u00a0\u00bbfalse\u00a0\u00bb nav=\u00a0\u00bbfalse\u00a0\u00bb pagination=\u00a0\u00bbfalse\u00a0\u00bb continue=\u00a0\u00bbfalse\u00a0\u00bb fullwidth=\u00a0\u00bbyes\u00a0\u00bb width=\u00a0\u00bb1\/1&Prime; el_position=\u00a0\u00bbfirst last\u00a0\u00bb] [\/spb_row]\n","protected":false},"excerpt":{"rendered":"<p>[spb_row element_name=\u00a0\u00bbPromo\/Intro Bar\u00a0\u00bb wrap_type=\u00a0\u00bbfull-width-contained\u00a0\u00bb row_bg_type=\u00a0\u00bbcolor\u00a0\u00bb row_bg_color=\u00a0\u00bb#3c6c87&Prime; color_row_height=\u00a0\u00bbcontent-height\u00a0\u00bb bg_type=\u00a0\u00bbcover\u00a0\u00bb parallax_image_height=\u00a0\u00bbcontent-height\u00a0\u00bb parallax_image_movement=\u00a0\u00bbscroll\u00a0\u00bb parallax_image_speed=\u00a0\u00bbstandard\u00a0\u00bb bg_video_loop=\u00a0\u00bbyes\u00a0\u00bb parallax_video_height=\u00a0\u00bbwindow-height\u00a0\u00bb row_id=\u00a0\u00bbpromoBar\u00a0\u00bb row_top_style=\u00a0\u00bbnone\u00a0\u00bb row_bottom_style=\u00a0\u00bbnone\u00a0\u00bb parallax_video_overlay=\u00a0\u00bbnone\u00a0\u00bb row_overlay_opacity=\u00a0\u00bb0&Prime; remove_element_spacing=\u00a0\u00bbyes\u00a0\u00bb row_col_spacing=\u00a0\u00bb0&Prime; row_col_pos=\u00a0\u00bbdefault\u00a0\u00bb row_col_equal_heights=\u00a0\u00bbno\u00a0\u00bb row_expanding=\u00a0\u00bbno\u00a0\u00bb row_animation=\u00a0\u00bbnone\u00a0\u00bb row_animation_delay=\u00a0\u00bb0&Prime; minimize_row=\u00a0\u00bbno\u00a0\u00bb simplified_controls=\u00a0\u00bbyes\u00a0\u00bb custom_css_percentage=\u00a0\u00bbno\u00a0\u00bb custom_css=\u00a0\u00bbmargin-top: 0px;margin-bottom: 0px;\u00a0\u00bb border_styling_global=\u00a0\u00bbdefault\u00a0\u00bb el_class=\u00a0\u00bbmb0 pb0 no-shadow\u00a0\u00bb width=\u00a0\u00bb1\/1&Prime; el_position=\u00a0\u00bbfirst last\u00a0\u00bb] [spb_text_block element_name=\u00a0\u00bbPromo Image &#8211; 170px x 170px\u00a0\u00bb animation=\u00a0\u00bbnone\u00a0\u00bb animation_delay=\u00a0\u00bb0&Prime; simplified_controls=\u00a0\u00bbyes\u00a0\u00bb custom_css_percentage=\u00a0\u00bbno\u00a0\u00bb padding_vertical=\u00a0\u00bb29&Prime; padding_horizontal=\u00a0\u00bb5&Prime; margin_vertical=\u00a0\u00bb0&Prime; custom_css=\u00a0\u00bbmargin-top: 0px;margin-bottom: 0px;padding-top: 29px;padding-left: 5px;padding-right: 5px;padding-bottom: 29px;\u00a0\u00bb border_size=\u00a0\u00bb0&Prime; [&hellip;]<\/p>\n","protected":false},"author":1,"featured_media":0,"parent":0,"menu_order":0,"comment_status":"open","ping_status":"open","template":"","meta":{"om_disable_all_campaigns":false,"_monsterinsights_skip_tracking":false,"_monsterinsights_sitenote_active":false,"_monsterinsights_sitenote_note":"","_monsterinsights_sitenote_category":0,"_uf_show_specific_survey":0,"_uf_disable_surveys":false,"footnotes":""},"class_list":["post-11374","page","type-page","status-publish","hentry"],"aioseo_notices":[],"_links":{"self":[{"href":"https:\/\/gowithtips.com\/fr\/wp-json\/wp\/v2\/pages\/11374","targetHints":{"allow":["GET"]}}],"collection":[{"href":"https:\/\/gowithtips.com\/fr\/wp-json\/wp\/v2\/pages"}],"about":[{"href":"https:\/\/gowithtips.com\/fr\/wp-json\/wp\/v2\/types\/page"}],"author":[{"embeddable":true,"href":"https:\/\/gowithtips.com\/fr\/wp-json\/wp\/v2\/users\/1"}],"replies":[{"embeddable":true,"href":"https:\/\/gowithtips.com\/fr\/wp-json\/wp\/v2\/comments?post=11374"}],"version-history":[{"count":5,"href":"https:\/\/gowithtips.com\/fr\/wp-json\/wp\/v2\/pages\/11374\/revisions"}],"predecessor-version":[{"id":14017,"href":"https:\/\/gowithtips.com\/fr\/wp-json\/wp\/v2\/pages\/11374\/revisions\/14017"}],"wp:attachment":[{"href":"https:\/\/gowithtips.com\/fr\/wp-json\/wp\/v2\/media?parent=11374"}],"curies":[{"name":"wp","href":"https:\/\/api.w.org\/{rel}","templated":true}]}}